{"id":7977,"date":"2024-09-04T15:25:17","date_gmt":"2024-09-04T13:25:17","guid":{"rendered":"https:\/\/pelican.dk\/about-us\/"},"modified":"2024-11-07T19:31:32","modified_gmt":"2024-11-07T17:31:32","slug":"about-us","status":"publish","type":"page","link":"https:\/\/pelican.dk\/en\/about-us\/","title":{"rendered":"About us"},"content":{"rendered":"\t\t<div data-elementor-type=\"wp-page\" data-elementor-id=\"7977\" class=\"elementor elementor-7977 elementor-2293\" data-elementor-post-type=\"page\">\n\t\t\t\t<div class=\"wd-negative-gap elementor-element elementor-element-5a29fe52 e-flex e-con-boxed e-con e-parent\" data-id=\"5a29fe52\" data-element_type=\"container\" data-e-type=\"container\" data-settings=\"{&quot;background_background&quot;:&quot;classic&quot;}\">\n\t\t\t\t\t<div class=\"e-con-inner\">\n\t\t<div class=\"elementor-element elementor-element-742aca4d e-con-full e-flex e-con e-child\" data-id=\"742aca4d\" data-element_type=\"container\" data-e-type=\"container\" data-settings=\"{&quot;background_background&quot;:&quot;classic&quot;}\">\n\t\t<div class=\"elementor-element elementor-element-72f88bc5 e-con-full e-flex e-con e-child\" data-id=\"72f88bc5\" data-element_type=\"container\" data-e-type=\"container\">\n\t\t\t\t<div class=\"elementor-element elementor-element-4f8ad71 color-scheme-inherit text-left elementor-widget elementor-widget-text-editor\" data-id=\"4f8ad71\" data-element_type=\"widget\" data-e-type=\"widget\" data-widget_type=\"text-editor.default\">\n\t\t\t\t<div class=\"elementor-widget-container\">\n\t\t\t\t\t\t\t\t\t<h3><span style=\"color: #008000;\">Self Storage is for everyone<\/span><\/h3>\n<p style=\"text-align: left;\">Pelican Self Storage is a leading Nordic brand in private and commercial storage.<br \/>\nWe have centers in Denmark, Sweden and Finland that are centrally located and easy to get to. <\/p>\n<p style=\"text-align: left;\">We want to be the preferred service partner when people move to and from the city, work abroad, move in together or move home, get married and have children, need basement or attic space &#8211; basically just when life changes or space gets tight.<\/p>\n\t\t\t\t\t\t\t\t<\/div>\n\t\t\t\t<\/div>\n\t\t\t\t<\/div>\n\t\t\t\t<\/div>\n\t\t<div class=\"elementor-element elementor-element-f0f3fdd e-con-full e-flex e-con e-child\" data-id=\"f0f3fdd\" data-element_type=\"container\" data-e-type=\"container\" data-settings=\"{&quot;background_background&quot;:&quot;classic&quot;}\">\n\t\t\t\t<div class=\"elementor-element elementor-element-29b19fe5 elementor-widget elementor-widget-image\" data-id=\"29b19fe5\" data-element_type=\"widget\" data-e-type=\"widget\" data-widget_type=\"image.default\">\n\t\t\t\t<div class=\"elementor-widget-container\">\n\t\t\t\t\t\t\t\t\t\t\t\t\t\t\t<img loading=\"lazy\" decoding=\"async\" width=\"2500\" height=\"1455\" src=\"https:\/\/pelican.dk\/wp-content\/uploads\/2024\/10\/mand1.jpg\" class=\"attachment-full size-full wp-image-4419\" alt=\"Far leger grinende med sine to b\u00f8rn p\u00e5 gulvet i en lys stue, hygge og n\u00e6rv\u00e6r i familiens hverdag med k\u00e6rlighed\" srcset=\"https:\/\/pelican.dk\/wp-content\/uploads\/2024\/10\/mand1.jpg 2500w, https:\/\/pelican.dk\/wp-content\/uploads\/2024\/10\/mand1-300x175.jpg 300w, https:\/\/pelican.dk\/wp-content\/uploads\/2024\/10\/mand1-1024x596.jpg 1024w, https:\/\/pelican.dk\/wp-content\/uploads\/2024\/10\/mand1-768x447.jpg 768w, https:\/\/pelican.dk\/wp-content\/uploads\/2024\/10\/mand1-1536x894.jpg 1536w, https:\/\/pelican.dk\/wp-content\/uploads\/2024\/10\/mand1-2048x1192.jpg 2048w, https:\/\/pelican.dk\/wp-content\/uploads\/2024\/10\/mand1-1200x698.jpg 1200w, https:\/\/pelican.dk\/wp-content\/uploads\/2024\/10\/mand1-150x87.jpg 150w\" sizes=\"auto, (max-width: 2500px) 100vw, 2500px\" \/>\t\t\t\t\t\t\t\t\t\t\t\t\t\t\t<\/div>\n\t\t\t\t<\/div>\n\t\t\t\t<\/div>\n\t\t\t\t\t<\/div>\n\t\t\t\t<\/div>\n\t\t<div class=\"wd-negative-gap elementor-element elementor-element-7a07874 e-flex e-con-boxed e-con e-parent\" data-id=\"7a07874\" data-element_type=\"container\" data-e-type=\"container\" data-settings=\"{&quot;background_background&quot;:&quot;classic&quot;}\">\n\t\t\t\t\t<div class=\"e-con-inner\">\n\t\t<div class=\"elementor-element elementor-element-dcdfa52 e-con-full e-flex e-con e-child\" data-id=\"dcdfa52\" data-element_type=\"container\" data-e-type=\"container\" data-settings=\"{&quot;background_background&quot;:&quot;classic&quot;}\">\n\t\t\t\t<div class=\"elementor-element elementor-element-740f5be elementor-widget elementor-widget-image\" data-id=\"740f5be\" data-element_type=\"widget\" data-e-type=\"widget\" data-widget_type=\"image.default\">\n\t\t\t\t<div class=\"elementor-widget-container\">\n\t\t\t\t\t\t\t\t\t\t\t\t\t\t\t<img loading=\"lazy\" decoding=\"async\" width=\"1356\" height=\"400\" src=\"https:\/\/pelican.dk\/wp-content\/uploads\/2024\/09\/Bjarne.jpg\" class=\"attachment-full size-full wp-image-2295\" alt=\"\" srcset=\"https:\/\/pelican.dk\/wp-content\/uploads\/2024\/09\/Bjarne.jpg 1356w, https:\/\/pelican.dk\/wp-content\/uploads\/2024\/09\/Bjarne-300x88.jpg 300w, https:\/\/pelican.dk\/wp-content\/uploads\/2024\/09\/Bjarne-1024x302.jpg 1024w, https:\/\/pelican.dk\/wp-content\/uploads\/2024\/09\/Bjarne-768x227.jpg 768w, https:\/\/pelican.dk\/wp-content\/uploads\/2024\/09\/Bjarne-1200x354.jpg 1200w, https:\/\/pelican.dk\/wp-content\/uploads\/2024\/09\/Bjarne-150x44.jpg 150w\" sizes=\"auto, (max-width: 1356px) 100vw, 1356px\" \/>\t\t\t\t\t\t\t\t\t\t\t\t\t\t\t<\/div>\n\t\t\t\t<\/div>\n\t\t\t\t<\/div>\n\t\t<div class=\"elementor-element elementor-element-dfdde0e e-con-full e-flex e-con e-child\" data-id=\"dfdde0e\" data-element_type=\"container\" data-e-type=\"container\" data-settings=\"{&quot;background_background&quot;:&quot;classic&quot;}\">\n\t\t<div class=\"elementor-element elementor-element-54cc0c4 e-con-full e-flex e-con e-child\" data-id=\"54cc0c4\" data-element_type=\"container\" data-e-type=\"container\">\n\t\t\t\t<div class=\"elementor-element elementor-element-6d22a0d color-scheme-inherit text-left elementor-widget elementor-widget-text-editor\" data-id=\"6d22a0d\" data-element_type=\"widget\" data-e-type=\"widget\" data-widget_type=\"text-editor.default\">\n\t\t\t\t<div class=\"elementor-widget-container\">\n\t\t\t\t\t\t\t\t\t<h3 style=\"text-align: left;\"><span style=\"color: #008000;\">We take pride in good old-fashioned service<\/span><\/h3>\n<p style=\"text-align: left;\">It is our most important task to provide sublime service so that our customers feel confident in choosing Pelican Self Storage.<br \/>\nThat&#8217;s why we make it a point to go above and beyond the ordinary.<br \/>\nOur staff work every day to make our customers feel that we go the extra mile.  <\/p>\n<p style=\"text-align: left;\">We also differ in that the temperature in our centers is better regulated.<br \/>\nThere is good lighting and carpeting on the floors to protect your belongings and give our customers a more homely feeling. <\/p>\n<p style=\"text-align: left;\">Our goal is that you as a customer at Pelican Self Storage experience good old-fashioned personal service and high quality in our services.<\/p>\n\t\t\t\t\t\t\t\t<\/div>\n\t\t\t\t<\/div>\n\t\t\t\t<\/div>\n\t\t\t\t<\/div>\n\t\t\t\t\t<\/div>\n\t\t\t\t<\/div>\n\t\t<div class=\"wd-negative-gap elementor-element elementor-element-7949343 e-flex e-con-boxed e-con e-parent\" data-id=\"7949343\" data-element_type=\"container\" data-e-type=\"container\" data-settings=\"{&quot;background_background&quot;:&quot;classic&quot;}\">\n\t\t\t\t\t<div class=\"e-con-inner\">\n\t\t<div class=\"elementor-element elementor-element-d151d24 e-con-full e-flex e-con e-child\" data-id=\"d151d24\" data-element_type=\"container\" data-e-type=\"container\" data-settings=\"{&quot;background_background&quot;:&quot;classic&quot;}\">\n\t\t<div class=\"elementor-element elementor-element-9dd810a e-con-full e-flex e-con e-child\" data-id=\"9dd810a\" data-element_type=\"container\" data-e-type=\"container\">\n\t\t\t\t<div class=\"elementor-element elementor-element-990972c color-scheme-inherit text-left elementor-widget elementor-widget-text-editor\" data-id=\"990972c\" data-element_type=\"widget\" data-e-type=\"widget\" data-widget_type=\"text-editor.default\">\n\t\t\t\t<div class=\"elementor-widget-container\">\n\t\t\t\t\t\t\t\t\t<h3 style=\"text-align: left;\"><span style=\"color: #008000;\">Our background<\/span><\/h3>\n<p style=\"text-align: left;\">Pelican Self Storage was founded in Denmark in 2009 by Nordic Real Estate Partners (NREP) and Evergreen Real Estate Partners (EREP).<br \/>\nSince then, we&#8217;ve gone from strength to strength and we&#8217;re now ready for even more.<br \/>\nToday, we are working on many new projects and our goal is to create a chain of quality and service-oriented centers in the Nordic countries, primarily concentrated around the capital areas and the largest surrounding cities.  <\/p>\n<h3 style=\"text-align: left;\"><span style=\"color: #008000;\">We continue to grow the business<\/span><\/h3>\n<p style=\"text-align: left;\">With 40 centers across Denmark, Sweden and Finland and more on the way, Pelican Self Storage is growing fast. If you&#8217;re curious to know more, please contact our head office. <\/p>\n<h3 style=\"text-align: left;\"><span style=\"color: #008000;\">Our head office<\/span><\/h3>\n<p style=\"text-align: left;\">PELICAN DENMARK HOLDING ApS<br \/>CVR: 32159699<\/p>\n<p style=\"text-align: left;\">Skodsborgvej 48<br \/>2830 Virum<br \/>Denmark<br \/>+45 80 20 70 40<br \/><a href=\"mailto:info@pelican.dk\">info@pelican.dk<\/a><\/p>\n\t\t\t\t\t\t\t\t<\/div>\n\t\t\t\t<\/div>\n\t\t\t\t<\/div>\n\t\t\t\t<\/div>\n\t\t<div class=\"elementor-element elementor-element-4897c87 e-con-full e-flex e-con e-child\" data-id=\"4897c87\" data-element_type=\"container\" data-e-type=\"container\" data-settings=\"{&quot;background_background&quot;:&quot;classic&quot;}\">\n\t\t\t\t<div class=\"elementor-element elementor-element-230bdef elementor-widget elementor-widget-image\" data-id=\"230bdef\" data-element_type=\"widget\" data-e-type=\"widget\" data-widget_type=\"image.default\">\n\t\t\t\t<div class=\"elementor-widget-container\">\n\t\t\t\t\t\t\t\t\t\t\t\t\t\t\t<img loading=\"lazy\" decoding=\"async\" width=\"2560\" height=\"1707\" src=\"https:\/\/pelican.dk\/wp-content\/uploads\/2024\/09\/DSC08717_v01-scaled.jpg\" class=\"attachment-full size-full wp-image-2138\" alt=\"\" srcset=\"https:\/\/pelican.dk\/wp-content\/uploads\/2024\/09\/DSC08717_v01-scaled.jpg 2560w, https:\/\/pelican.dk\/wp-content\/uploads\/2024\/09\/DSC08717_v01-300x200.jpg 300w, https:\/\/pelican.dk\/wp-content\/uploads\/2024\/09\/DSC08717_v01-1024x683.jpg 1024w, https:\/\/pelican.dk\/wp-content\/uploads\/2024\/09\/DSC08717_v01-768x512.jpg 768w, https:\/\/pelican.dk\/wp-content\/uploads\/2024\/09\/DSC08717_v01-1536x1024.jpg 1536w, https:\/\/pelican.dk\/wp-content\/uploads\/2024\/09\/DSC08717_v01-2048x1365.jpg 2048w, https:\/\/pelican.dk\/wp-content\/uploads\/2024\/09\/DSC08717_v01-1200x800.jpg 1200w, https:\/\/pelican.dk\/wp-content\/uploads\/2024\/09\/DSC08717_v01-150x100.jpg 150w\" sizes=\"auto, (max-width: 2560px) 100vw, 2560px\" \/>\t\t\t\t\t\t\t\t\t\t\t\t\t\t\t<\/div>\n\t\t\t\t<\/div>\n\t\t\t\t<\/div>\n\t\t\t\t\t<\/div>\n\t\t\t\t<\/div>\n\t\t\t\t<\/div>\n\t\t","protected":false},"excerpt":{"rendered":"<p>Self Storage is for everyone Pelican Self Storage is a leading Nordic brand in private and commercial storage. We have<\/p>\n","protected":false},"author":3,"featured_media":0,"parent":0,"menu_order":0,"comment_status":"closed","ping_status":"closed","template":"elementor_header_footer","meta":{"_acf_changed":false,"inline_featured_image":false,"_lmt_disableupdate":"","_lmt_disable":"","footnotes":""},"class_list":["post-7977","page","type-page","status-publish","hentry"],"acf":[],"yoast_head":"<title>About us | Pelican Self Storage<\/title>\n<meta name=\"robots\" content=\"index, follow, max-snippet:-1, max-image-preview:large, max-video-preview:-1\" \/>\n<link rel=\"canonical\" href=\"https:\/\/pelican.dk\/en\/about-us\/\" \/>\n<meta property=\"og:locale\" content=\"en_US\" \/>\n<meta property=\"og:type\" content=\"article\" \/>\n<meta property=\"og:title\" content=\"About us\" \/>\n<meta property=\"og:description\" content=\"Self Storage is for everyone Pelican Self Storage is a leading Nordic brand in private and commercial storage. We have\" \/>\n<meta property=\"og:url\" content=\"https:\/\/pelican.dk\/en\/about-us\/\" \/>\n<meta property=\"og:site_name\" content=\"Pelican Self Storage\" \/>\n<meta property=\"article:publisher\" content=\"https:\/\/www.facebook.com\/PelicanSelfStorageDenmark\" \/>\n<meta property=\"article:modified_time\" content=\"2024-11-07T17:31:32+00:00\" \/>\n<meta property=\"og:image\" content=\"https:\/\/pelican.dk\/wp-content\/uploads\/2024\/10\/mand1.jpg\" \/>\n\t<meta property=\"og:image:width\" content=\"2500\" \/>\n\t<meta property=\"og:image:height\" content=\"1455\" \/>\n\t<meta property=\"og:image:type\" content=\"image\/jpeg\" \/>\n<meta name=\"twitter:card\" content=\"summary_large_image\" \/>\n<meta name=\"twitter:label1\" content=\"Est. reading time\" \/>\n\t<meta name=\"twitter:data1\" content=\"2 minutes\" \/>\n<script type=\"application\/ld+json\" class=\"yoast-schema-graph\">{\"@context\":\"https:\/\/schema.org\",\"@graph\":[{\"@type\":\"WebPage\",\"@id\":\"https:\/\/pelican.dk\/en\/about-us\/\",\"url\":\"https:\/\/pelican.dk\/en\/about-us\/\",\"name\":\"About us | Pelican Self Storage\",\"isPartOf\":{\"@id\":\"https:\/\/pelican.dk\/en\/#website\"},\"primaryImageOfPage\":{\"@id\":\"https:\/\/pelican.dk\/en\/about-us\/#primaryimage\"},\"image\":{\"@id\":\"https:\/\/pelican.dk\/en\/about-us\/#primaryimage\"},\"thumbnailUrl\":\"https:\/\/pelican.dk\/wp-content\/uploads\/2024\/10\/mand1.jpg\",\"datePublished\":\"2024-09-04T13:25:17+00:00\",\"dateModified\":\"2024-11-07T17:31:32+00:00\",\"breadcrumb\":{\"@id\":\"https:\/\/pelican.dk\/en\/about-us\/#breadcrumb\"},\"inLanguage\":\"en-US\",\"potentialAction\":[{\"@type\":\"ReadAction\",\"target\":[\"https:\/\/pelican.dk\/en\/about-us\/\"]}]},{\"@type\":\"ImageObject\",\"inLanguage\":\"en-US\",\"@id\":\"https:\/\/pelican.dk\/en\/about-us\/#primaryimage\",\"url\":\"https:\/\/pelican.dk\/wp-content\/uploads\/2024\/10\/mand1.jpg\",\"contentUrl\":\"https:\/\/pelican.dk\/wp-content\/uploads\/2024\/10\/mand1.jpg\"},{\"@type\":\"BreadcrumbList\",\"@id\":\"https:\/\/pelican.dk\/en\/about-us\/#breadcrumb\",\"itemListElement\":[{\"@type\":\"ListItem\",\"position\":1,\"name\":\"Home\",\"item\":\"https:\/\/pelican.dk\/en\/\"},{\"@type\":\"ListItem\",\"position\":2,\"name\":\"About us\"}]},{\"@type\":\"WebSite\",\"@id\":\"https:\/\/pelican.dk\/en\/#website\",\"url\":\"https:\/\/pelican.dk\/en\/\",\"name\":\"Lej et sikkert opbevaringsrum\",\"description\":\"Lej et opbevaringsrum hos Pelican Self Storage. Billige priser \u2714 Centre i hele K\u00f8benhavn \u2714 Lagerrum i mange st\u00f8rrelser \u2714 L\u00e5n en gratis trailer \u2714\",\"potentialAction\":[{\"@type\":\"SearchAction\",\"target\":{\"@type\":\"EntryPoint\",\"urlTemplate\":\"https:\/\/pelican.dk\/en\/?s={search_term_string}\"},\"query-input\":{\"@type\":\"PropertyValueSpecification\",\"valueRequired\":true,\"valueName\":\"search_term_string\"}}],\"inLanguage\":\"en-US\"}]}<\/script>","yoast_head_json":{"title":"About us | Pelican Self Storage","robots":{"index":"index","follow":"follow","max-snippet":"max-snippet:-1","max-image-preview":"max-image-preview:large","max-video-preview":"max-video-preview:-1"},"canonical":"https:\/\/pelican.dk\/en\/about-us\/","og_locale":"en_US","og_type":"article","og_title":"About us","og_description":"Self Storage is for everyone Pelican Self Storage is a leading Nordic brand in private and commercial storage. We have","og_url":"https:\/\/pelican.dk\/en\/about-us\/","og_site_name":"Pelican Self Storage","article_publisher":"https:\/\/www.facebook.com\/PelicanSelfStorageDenmark","article_modified_time":"2024-11-07T17:31:32+00:00","og_image":[{"width":2500,"height":1455,"url":"https:\/\/pelican.dk\/wp-content\/uploads\/2024\/10\/mand1.jpg","type":"image\/jpeg"}],"twitter_card":"summary_large_image","twitter_misc":{"Est. reading time":"2 minutes"},"schema":{"@context":"https:\/\/schema.org","@graph":[{"@type":"WebPage","@id":"https:\/\/pelican.dk\/en\/about-us\/","url":"https:\/\/pelican.dk\/en\/about-us\/","name":"About us | Pelican Self Storage","isPartOf":{"@id":"https:\/\/pelican.dk\/en\/#website"},"primaryImageOfPage":{"@id":"https:\/\/pelican.dk\/en\/about-us\/#primaryimage"},"image":{"@id":"https:\/\/pelican.dk\/en\/about-us\/#primaryimage"},"thumbnailUrl":"https:\/\/pelican.dk\/wp-content\/uploads\/2024\/10\/mand1.jpg","datePublished":"2024-09-04T13:25:17+00:00","dateModified":"2024-11-07T17:31:32+00:00","breadcrumb":{"@id":"https:\/\/pelican.dk\/en\/about-us\/#breadcrumb"},"inLanguage":"en-US","potentialAction":[{"@type":"ReadAction","target":["https:\/\/pelican.dk\/en\/about-us\/"]}]},{"@type":"ImageObject","inLanguage":"en-US","@id":"https:\/\/pelican.dk\/en\/about-us\/#primaryimage","url":"https:\/\/pelican.dk\/wp-content\/uploads\/2024\/10\/mand1.jpg","contentUrl":"https:\/\/pelican.dk\/wp-content\/uploads\/2024\/10\/mand1.jpg"},{"@type":"BreadcrumbList","@id":"https:\/\/pelican.dk\/en\/about-us\/#breadcrumb","itemListElement":[{"@type":"ListItem","position":1,"name":"Home","item":"https:\/\/pelican.dk\/en\/"},{"@type":"ListItem","position":2,"name":"About us"}]},{"@type":"WebSite","@id":"https:\/\/pelican.dk\/en\/#website","url":"https:\/\/pelican.dk\/en\/","name":"Lej et sikkert opbevaringsrum","description":"Lej et opbevaringsrum hos Pelican Self Storage. Billige priser \u2714 Centre i hele K\u00f8benhavn \u2714 Lagerrum i mange st\u00f8rrelser \u2714 L\u00e5n en gratis trailer \u2714","potentialAction":[{"@type":"SearchAction","target":{"@type":"EntryPoint","urlTemplate":"https:\/\/pelican.dk\/en\/?s={search_term_string}"},"query-input":{"@type":"PropertyValueSpecification","valueRequired":true,"valueName":"search_term_string"}}],"inLanguage":"en-US"}]}},"_links":{"self":[{"href":"https:\/\/pelican.dk\/en\/wp-json\/wp\/v2\/pages\/7977","targetHints":{"allow":["GET"]}}],"collection":[{"href":"https:\/\/pelican.dk\/en\/wp-json\/wp\/v2\/pages"}],"about":[{"href":"https:\/\/pelican.dk\/en\/wp-json\/wp\/v2\/types\/page"}],"author":[{"embeddable":true,"href":"https:\/\/pelican.dk\/en\/wp-json\/wp\/v2\/users\/3"}],"replies":[{"embeddable":true,"href":"https:\/\/pelican.dk\/en\/wp-json\/wp\/v2\/comments?post=7977"}],"version-history":[{"count":1,"href":"https:\/\/pelican.dk\/en\/wp-json\/wp\/v2\/pages\/7977\/revisions"}],"predecessor-version":[{"id":7978,"href":"https:\/\/pelican.dk\/en\/wp-json\/wp\/v2\/pages\/7977\/revisions\/7978"}],"wp:attachment":[{"href":"https:\/\/pelican.dk\/en\/wp-json\/wp\/v2\/media?parent=7977"}],"curies":[{"name":"wp","href":"https:\/\/api.w.org\/{rel}","templated":true}]}}