{"id":6964,"date":"2024-10-24T09:49:12","date_gmt":"2024-10-24T07:49:12","guid":{"rendered":"https:\/\/pelican.dk\/exclusive-benefits-for-business-customers\/"},"modified":"2024-11-01T11:05:04","modified_gmt":"2024-11-01T09:05:04","slug":"exclusive-benefits-for-business-customers","status":"publish","type":"page","link":"https:\/\/pelican.dk\/en\/exclusive-benefits-for-business-customers\/","title":{"rendered":"Exclusive benefits for business customers"},"content":{"rendered":"\t\t<div data-elementor-type=\"wp-page\" data-elementor-id=\"6964\" class=\"elementor elementor-6964 elementor-6794\" data-elementor-post-type=\"page\">\n\t\t\t\t<div class=\"wd-negative-gap elementor-element elementor-element-0d1c6fe e-flex e-con-boxed e-con e-parent\" data-id=\"0d1c6fe\" data-element_type=\"container\" data-e-type=\"container\" data-settings=\"{&quot;background_background&quot;:&quot;classic&quot;}\">\n\t\t\t\t\t<div class=\"e-con-inner\">\n\t\t<div class=\"elementor-element elementor-element-d0a3023 e-con-full e-flex e-con e-child\" data-id=\"d0a3023\" data-element_type=\"container\" data-e-type=\"container\">\n\t\t<div class=\"elementor-element elementor-element-638e7f7 e-con-full e-flex e-con e-child\" data-id=\"638e7f7\" data-element_type=\"container\" data-e-type=\"container\" data-settings=\"{&quot;background_background&quot;:&quot;classic&quot;}\">\n\t\t<div class=\"elementor-element elementor-element-fff4929 e-con-full e-flex e-con e-child\" data-id=\"fff4929\" data-element_type=\"container\" data-e-type=\"container\">\n\t\t\t\t<div class=\"elementor-element elementor-element-a32cc27 wd-width-100 elementor-widget elementor-widget-wd_title\" data-id=\"a32cc27\" data-element_type=\"widget\" data-e-type=\"widget\" data-widget_type=\"wd_title.default\">\n\t\t\t\t<div class=\"elementor-widget-container\">\n\t\t\t\t\t\t\t<div class=\"title-wrapper wd-set-mb reset-last-child wd-title-color-default wd-title-style-default wd-title-size-medium text-left\">\n\n\t\t\t\n\t\t\t<div class=\"liner-continer\">\n\t\t\t\t<h4 class=\"woodmart-title-container title wd-fontsize-xl\"><\/h4> \n\t\t\t\t\t\t\t<\/div>\n\n\t\t\t\t\t\t\t<div class=\"title-after_title reset-last-child wd-fontsize-s\">\n\t\t\t\t\t<p>At Pelican Self Storage, we make it easy and convenient for you as a business customer to store and handle your goods safely and efficiently.<\/p><p>We offer a wide range of services tailored to make your workday easier. Whether you need goods receiving, waste management or flexibility with termination and room size, we are ready to help. <\/p><p>With a focus on security, flexibility and convenience, we are your trusted partner. Let us find the solution that best suits you and your business. <\/p>\t\t\t\t<\/div>\n\t\t\t\t\t<\/div>\n\t\t\t\t\t\t<\/div>\n\t\t\t\t<\/div>\n\t\t\t\t<\/div>\n\t\t\t\t<\/div>\n\t\t\t\t<\/div>\n\t\t<div class=\"elementor-element elementor-element-b39099d e-con-full e-flex e-con e-child\" data-id=\"b39099d\" data-element_type=\"container\" data-e-type=\"container\">\n\t\t\t\t<div class=\"elementor-element elementor-element-4860b2b elementor-widget elementor-widget-image\" data-id=\"4860b2b\" data-element_type=\"widget\" data-e-type=\"widget\" data-widget_type=\"image.default\">\n\t\t\t\t<div class=\"elementor-widget-container\">\n\t\t\t\t\t\t\t\t\t\t\t\t\t\t\t<img loading=\"lazy\" decoding=\"async\" width=\"1024\" height=\"873\" src=\"https:\/\/pelican.dk\/wp-content\/uploads\/2024\/10\/Kvinde-lager-MT-1024x873.jpg\" class=\"attachment-large size-large wp-image-4156\" alt=\"Kvinde st\u00e5r smilende med korslagte arme i lagergang omgivet af reoler med foldet t\u00f8j, moderne og organiseret opbevaring\" srcset=\"https:\/\/pelican.dk\/wp-content\/uploads\/2024\/10\/Kvinde-lager-MT-1024x873.jpg 1024w, https:\/\/pelican.dk\/wp-content\/uploads\/2024\/10\/Kvinde-lager-MT-300x256.jpg 300w, https:\/\/pelican.dk\/wp-content\/uploads\/2024\/10\/Kvinde-lager-MT-768x655.jpg 768w, https:\/\/pelican.dk\/wp-content\/uploads\/2024\/10\/Kvinde-lager-MT-1536x1309.jpg 1536w, https:\/\/pelican.dk\/wp-content\/uploads\/2024\/10\/Kvinde-lager-MT-2048x1745.jpg 2048w, https:\/\/pelican.dk\/wp-content\/uploads\/2024\/10\/Kvinde-lager-MT-1200x1023.jpg 1200w, https:\/\/pelican.dk\/wp-content\/uploads\/2024\/10\/Kvinde-lager-MT-150x128.jpg 150w\" sizes=\"auto, (max-width: 1024px) 100vw, 1024px\" \/>\t\t\t\t\t\t\t\t\t\t\t\t\t\t\t<\/div>\n\t\t\t\t<\/div>\n\t\t\t\t<\/div>\n\t\t\t\t\t<\/div>\n\t\t\t\t<\/div>\n\t\t<div class=\"wd-negative-gap elementor-element elementor-element-20af1fa9 e-flex e-con-boxed e-con e-parent\" data-id=\"20af1fa9\" data-element_type=\"container\" data-e-type=\"container\">\n\t\t\t\t\t<div class=\"e-con-inner\">\n\t\t<div class=\"elementor-element elementor-element-3aaf92c0 e-con-full e-flex e-con e-child\" data-id=\"3aaf92c0\" data-element_type=\"container\" data-e-type=\"container\" data-settings=\"{&quot;background_background&quot;:&quot;classic&quot;}\">\n\t\t\t\t<div class=\"elementor-element elementor-element-739be318 elementor-widget elementor-widget-image\" data-id=\"739be318\" data-element_type=\"widget\" data-e-type=\"widget\" data-widget_type=\"image.default\">\n\t\t\t\t<div class=\"elementor-widget-container\">\n\t\t\t\t\t\t\t\t\t\t\t\t\t\t\t<img loading=\"lazy\" decoding=\"async\" width=\"2500\" height=\"1667\" src=\"https:\/\/pelican.dk\/wp-content\/uploads\/2024\/10\/mand.jpg\" class=\"attachment-full size-full wp-image-4417\" alt=\"Mand arbejder i et depotrum med reoler fyldt med kasser og varer, organiserer lagerplads i moderne opbevaringsfaciliteter\" srcset=\"https:\/\/pelican.dk\/wp-content\/uploads\/2024\/10\/mand.jpg 2500w, https:\/\/pelican.dk\/wp-content\/uploads\/2024\/10\/mand-300x200.jpg 300w, https:\/\/pelican.dk\/wp-content\/uploads\/2024\/10\/mand-1024x683.jpg 1024w, https:\/\/pelican.dk\/wp-content\/uploads\/2024\/10\/mand-768x512.jpg 768w, https:\/\/pelican.dk\/wp-content\/uploads\/2024\/10\/mand-1536x1024.jpg 1536w, https:\/\/pelican.dk\/wp-content\/uploads\/2024\/10\/mand-2048x1366.jpg 2048w, https:\/\/pelican.dk\/wp-content\/uploads\/2024\/10\/mand-1200x800.jpg 1200w, https:\/\/pelican.dk\/wp-content\/uploads\/2024\/10\/mand-150x100.jpg 150w\" sizes=\"auto, (max-width: 2500px) 100vw, 2500px\" \/>\t\t\t\t\t\t\t\t\t\t\t\t\t\t\t<\/div>\n\t\t\t\t<\/div>\n\t\t\t\t<\/div>\n\t\t<div class=\"elementor-element elementor-element-22f79ccf e-con-full e-flex e-con e-child\" data-id=\"22f79ccf\" data-element_type=\"container\" data-e-type=\"container\" data-settings=\"{&quot;background_background&quot;:&quot;classic&quot;}\">\n\t\t<div class=\"elementor-element elementor-element-1f9dc193 e-con-full e-flex e-con e-child\" data-id=\"1f9dc193\" data-element_type=\"container\" data-e-type=\"container\">\n\t\t\t\t<div class=\"elementor-element elementor-element-39531b3e wd-width-100 elementor-widget elementor-widget-wd_title\" data-id=\"39531b3e\" data-element_type=\"widget\" data-e-type=\"widget\" data-widget_type=\"wd_title.default\">\n\t\t\t\t<div class=\"elementor-widget-container\">\n\t\t\t\t\t\t\t<div class=\"title-wrapper wd-set-mb reset-last-child wd-title-color-default wd-title-style-default wd-title-size-medium text-left\">\n\n\t\t\t\n\t\t\t<div class=\"liner-continer\">\n\t\t\t\t<h4 class=\"woodmart-title-container title wd-fontsize-xl\"><\/h4> \n\t\t\t\t\t\t\t<\/div>\n\n\t\t\t\t\t\t\t<div class=\"title-after_title reset-last-child wd-fontsize-s\">\n\t\t\t\t\t<p><strong><span style=\"color: #008000\">Staffing<\/span>:<\/strong> We have staff at all our sites, so you can easily get help and assistance or a hot cup of coffee on the go.<\/p><p><span style=\"color: #008000\"><strong>Goods reception<\/strong><\/span>: We receive your deliveries from all carriers in a locked area so you don't have to worry. When your goods are received, we'll send you an SMS to let you know they've arrived. <\/p><p><strong><span style=\"color: #008000\">Shipment of goods<\/span>:<\/strong> If you order pickup of parcels or pallets, we also make sure that these are handed over to the shipping company.<\/p><p><span style=\"color: #008000\"><strong>Waste management<\/strong><\/span>: Do you have a lot of deliveries or use your space as a warehouse? We have waste stations at most of our locations so you can easily dispose of both waste and packaging. <\/p>\t\t\t\t<\/div>\n\t\t\t\t\t<\/div>\n\t\t\t\t\t\t<\/div>\n\t\t\t\t<\/div>\n\t\t\t\t<\/div>\n\t\t\t\t<\/div>\n\t\t\t\t\t<\/div>\n\t\t\t\t<\/div>\n\t\t<div class=\"wd-negative-gap elementor-element elementor-element-4d1af8d e-flex e-con-boxed e-con e-parent\" data-id=\"4d1af8d\" data-element_type=\"container\" data-e-type=\"container\" data-settings=\"{&quot;background_background&quot;:&quot;classic&quot;}\">\n\t\t\t\t\t<div class=\"e-con-inner\">\n\t\t<div class=\"elementor-element elementor-element-cb84123 e-con-full e-flex e-con e-child\" data-id=\"cb84123\" data-element_type=\"container\" data-e-type=\"container\">\n\t\t<div class=\"elementor-element elementor-element-bfd7e90 e-con-full e-flex e-con e-child\" data-id=\"bfd7e90\" data-element_type=\"container\" data-e-type=\"container\" data-settings=\"{&quot;background_background&quot;:&quot;classic&quot;}\">\n\t\t<div class=\"elementor-element elementor-element-1fc769d e-con-full e-flex e-con e-child\" data-id=\"1fc769d\" data-element_type=\"container\" data-e-type=\"container\">\n\t\t\t\t<div class=\"elementor-element elementor-element-8f68b05 wd-width-100 elementor-widget elementor-widget-wd_title\" data-id=\"8f68b05\" data-element_type=\"widget\" data-e-type=\"widget\" data-widget_type=\"wd_title.default\">\n\t\t\t\t<div class=\"elementor-widget-container\">\n\t\t\t\t\t\t\t<div class=\"title-wrapper wd-set-mb reset-last-child wd-title-color-default wd-title-style-default wd-title-size-medium text-left\">\n\n\t\t\t\n\t\t\t<div class=\"liner-continer\">\n\t\t\t\t<h4 class=\"woodmart-title-container title wd-fontsize-xl\"><\/h4> \n\t\t\t\t\t\t\t<\/div>\n\n\t\t\t\t\t\t\t<div class=\"title-after_title reset-last-child wd-fontsize-s\">\n\t\t\t\t\t<p><span style=\"color: #008000\"><strong>Notice of termination<\/strong><\/span>: Your needs can change quickly, so never commit for longer than necessary. You are free to cancel your room before the 15th of each month and pay only the end of the month.    <\/p><p><strong><span style=\"color: #008000\">Flexibility<\/span>:<\/strong> You can also easily upgrade or downgrade the size of your storage unit, it's completely free, you just pay the difference.<\/p><p><span style=\"color: #008000\"><strong>Safety and security : : We offer the safest storage solution on the market.<\/strong><\/span>: We offer the most secure storage solution on the market, with lighting and 24-hour video surveillance in all areas both inside and out - so you don't have to feel unsafe.<\/p><p>Find your nearest <a href=\"https:\/\/pelican.dk\/en\/locations\/\">location<\/a> and contact us to create a solution that fits your specific needs.<\/p>\t\t\t\t<\/div>\n\t\t\t\t\t<\/div>\n\t\t\t\t\t\t<\/div>\n\t\t\t\t<\/div>\n\t\t\t\t<\/div>\n\t\t\t\t<\/div>\n\t\t\t\t<\/div>\n\t\t<div class=\"elementor-element elementor-element-64ecb1c e-con-full e-flex e-con e-child\" data-id=\"64ecb1c\" data-element_type=\"container\" data-e-type=\"container\" data-settings=\"{&quot;background_background&quot;:&quot;classic&quot;}\">\n\t\t\t\t<div class=\"elementor-element elementor-element-588fb19 elementor-widget elementor-widget-image\" data-id=\"588fb19\" data-element_type=\"widget\" data-e-type=\"widget\" data-widget_type=\"image.default\">\n\t\t\t\t<div class=\"elementor-widget-container\">\n\t\t\t\t\t\t\t\t\t\t\t\t\t\t\t<img loading=\"lazy\" decoding=\"async\" width=\"1024\" height=\"683\" src=\"https:\/\/pelican.dk\/wp-content\/uploads\/2024\/10\/se3-1024x683.jpg\" class=\"attachment-large size-large wp-image-3439\" alt=\"Kvinde r\u00e6kker papkasse til kollega i lagergang, omgivet af h\u00f8je hylder fyldt med brune kasser og k\u00f8kkenudstyr.\" srcset=\"https:\/\/pelican.dk\/wp-content\/uploads\/2024\/10\/se3-1024x683.jpg 1024w, https:\/\/pelican.dk\/wp-content\/uploads\/2024\/10\/se3-300x200.jpg 300w, https:\/\/pelican.dk\/wp-content\/uploads\/2024\/10\/se3-768x512.jpg 768w, https:\/\/pelican.dk\/wp-content\/uploads\/2024\/10\/se3-150x100.jpg 150w, https:\/\/pelican.dk\/wp-content\/uploads\/2024\/10\/se3.jpg 1200w\" sizes=\"auto, (max-width: 1024px) 100vw, 1024px\" \/>\t\t\t\t\t\t\t\t\t\t\t\t\t\t\t<\/div>\n\t\t\t\t<\/div>\n\t\t\t\t<\/div>\n\t\t\t\t\t<\/div>\n\t\t\t\t<\/div>\n\t\t\t\t<\/div>\n\t\t","protected":false},"excerpt":{"rendered":"<p>At Pelican Self Storage, we make it easy and convenient for you as a business customer to store and handle<\/p>\n","protected":false},"author":3,"featured_media":0,"parent":0,"menu_order":0,"comment_status":"closed","ping_status":"closed","template":"elementor_header_footer","meta":{"_acf_changed":false,"inline_featured_image":false,"_lmt_disableupdate":"","_lmt_disable":"","footnotes":""},"class_list":["post-6964","page","type-page","status-publish","hentry"],"acf":[],"yoast_head":"<title>Exclusive benefits for business customers | Pelican Self Storage<\/title>\n<meta name=\"robots\" content=\"index, follow, max-snippet:-1, max-image-preview:large, max-video-preview:-1\" \/>\n<link rel=\"canonical\" href=\"https:\/\/pelican.dk\/en\/exclusive-benefits-for-business-customers\/\" \/>\n<meta property=\"og:locale\" content=\"en_US\" \/>\n<meta property=\"og:type\" content=\"article\" \/>\n<meta property=\"og:title\" content=\"Exclusive benefits for business customers\" \/>\n<meta property=\"og:description\" content=\"At Pelican Self Storage, we make it easy and convenient for you as a business customer to store and handle\" \/>\n<meta property=\"og:url\" content=\"https:\/\/pelican.dk\/en\/exclusive-benefits-for-business-customers\/\" \/>\n<meta property=\"og:site_name\" content=\"Pelican Self Storage\" \/>\n<meta property=\"article:publisher\" content=\"https:\/\/www.facebook.com\/PelicanSelfStorageDenmark\" \/>\n<meta property=\"article:modified_time\" content=\"2024-11-01T09:05:04+00:00\" \/>\n<meta property=\"og:image\" content=\"http:\/\/pelican.dk\/wp-content\/uploads\/2024\/10\/Kvinde-lager-MT-1024x873.jpg\" \/>\n<meta name=\"twitter:card\" content=\"summary_large_image\" \/>\n<meta name=\"twitter:label1\" content=\"Est. reading time\" \/>\n\t<meta name=\"twitter:data1\" content=\"2 minutes\" \/>\n<script type=\"application\/ld+json\" class=\"yoast-schema-graph\">{\"@context\":\"https:\/\/schema.org\",\"@graph\":[{\"@type\":\"WebPage\",\"@id\":\"https:\/\/pelican.dk\/en\/exclusive-benefits-for-business-customers\/\",\"url\":\"https:\/\/pelican.dk\/en\/exclusive-benefits-for-business-customers\/\",\"name\":\"Exclusive benefits for business customers | Pelican Self Storage\",\"isPartOf\":{\"@id\":\"https:\/\/pelican.dk\/en\/#website\"},\"primaryImageOfPage\":{\"@id\":\"https:\/\/pelican.dk\/en\/exclusive-benefits-for-business-customers\/#primaryimage\"},\"image\":{\"@id\":\"https:\/\/pelican.dk\/en\/exclusive-benefits-for-business-customers\/#primaryimage\"},\"thumbnailUrl\":\"http:\/\/pelican.dk\/wp-content\/uploads\/2024\/10\/Kvinde-lager-MT-1024x873.jpg\",\"datePublished\":\"2024-10-24T07:49:12+00:00\",\"dateModified\":\"2024-11-01T09:05:04+00:00\",\"breadcrumb\":{\"@id\":\"https:\/\/pelican.dk\/en\/exclusive-benefits-for-business-customers\/#breadcrumb\"},\"inLanguage\":\"en-US\",\"potentialAction\":[{\"@type\":\"ReadAction\",\"target\":[\"https:\/\/pelican.dk\/en\/exclusive-benefits-for-business-customers\/\"]}]},{\"@type\":\"ImageObject\",\"inLanguage\":\"en-US\",\"@id\":\"https:\/\/pelican.dk\/en\/exclusive-benefits-for-business-customers\/#primaryimage\",\"url\":\"http:\/\/pelican.dk\/wp-content\/uploads\/2024\/10\/Kvinde-lager-MT-1024x873.jpg\",\"contentUrl\":\"http:\/\/pelican.dk\/wp-content\/uploads\/2024\/10\/Kvinde-lager-MT-1024x873.jpg\"},{\"@type\":\"BreadcrumbList\",\"@id\":\"https:\/\/pelican.dk\/en\/exclusive-benefits-for-business-customers\/#breadcrumb\",\"itemListElement\":[{\"@type\":\"ListItem\",\"position\":1,\"name\":\"Home\",\"item\":\"https:\/\/pelican.dk\/en\/\"},{\"@type\":\"ListItem\",\"position\":2,\"name\":\"Exclusive benefits for business customers\"}]},{\"@type\":\"WebSite\",\"@id\":\"https:\/\/pelican.dk\/en\/#website\",\"url\":\"https:\/\/pelican.dk\/en\/\",\"name\":\"Lej et sikkert opbevaringsrum\",\"description\":\"Lej et opbevaringsrum hos Pelican Self Storage. Billige priser \u2714 Centre i hele K\u00f8benhavn \u2714 Lagerrum i mange st\u00f8rrelser \u2714 L\u00e5n en gratis trailer \u2714\",\"potentialAction\":[{\"@type\":\"SearchAction\",\"target\":{\"@type\":\"EntryPoint\",\"urlTemplate\":\"https:\/\/pelican.dk\/en\/?s={search_term_string}\"},\"query-input\":{\"@type\":\"PropertyValueSpecification\",\"valueRequired\":true,\"valueName\":\"search_term_string\"}}],\"inLanguage\":\"en-US\"}]}<\/script>","yoast_head_json":{"title":"Exclusive benefits for business customers | Pelican Self Storage","robots":{"index":"index","follow":"follow","max-snippet":"max-snippet:-1","max-image-preview":"max-image-preview:large","max-video-preview":"max-video-preview:-1"},"canonical":"https:\/\/pelican.dk\/en\/exclusive-benefits-for-business-customers\/","og_locale":"en_US","og_type":"article","og_title":"Exclusive benefits for business customers","og_description":"At Pelican Self Storage, we make it easy and convenient for you as a business customer to store and handle","og_url":"https:\/\/pelican.dk\/en\/exclusive-benefits-for-business-customers\/","og_site_name":"Pelican Self Storage","article_publisher":"https:\/\/www.facebook.com\/PelicanSelfStorageDenmark","article_modified_time":"2024-11-01T09:05:04+00:00","og_image":[{"url":"http:\/\/pelican.dk\/wp-content\/uploads\/2024\/10\/Kvinde-lager-MT-1024x873.jpg","type":"","width":"","height":""}],"twitter_card":"summary_large_image","twitter_misc":{"Est. reading time":"2 minutes"},"schema":{"@context":"https:\/\/schema.org","@graph":[{"@type":"WebPage","@id":"https:\/\/pelican.dk\/en\/exclusive-benefits-for-business-customers\/","url":"https:\/\/pelican.dk\/en\/exclusive-benefits-for-business-customers\/","name":"Exclusive benefits for business customers | Pelican Self Storage","isPartOf":{"@id":"https:\/\/pelican.dk\/en\/#website"},"primaryImageOfPage":{"@id":"https:\/\/pelican.dk\/en\/exclusive-benefits-for-business-customers\/#primaryimage"},"image":{"@id":"https:\/\/pelican.dk\/en\/exclusive-benefits-for-business-customers\/#primaryimage"},"thumbnailUrl":"http:\/\/pelican.dk\/wp-content\/uploads\/2024\/10\/Kvinde-lager-MT-1024x873.jpg","datePublished":"2024-10-24T07:49:12+00:00","dateModified":"2024-11-01T09:05:04+00:00","breadcrumb":{"@id":"https:\/\/pelican.dk\/en\/exclusive-benefits-for-business-customers\/#breadcrumb"},"inLanguage":"en-US","potentialAction":[{"@type":"ReadAction","target":["https:\/\/pelican.dk\/en\/exclusive-benefits-for-business-customers\/"]}]},{"@type":"ImageObject","inLanguage":"en-US","@id":"https:\/\/pelican.dk\/en\/exclusive-benefits-for-business-customers\/#primaryimage","url":"http:\/\/pelican.dk\/wp-content\/uploads\/2024\/10\/Kvinde-lager-MT-1024x873.jpg","contentUrl":"http:\/\/pelican.dk\/wp-content\/uploads\/2024\/10\/Kvinde-lager-MT-1024x873.jpg"},{"@type":"BreadcrumbList","@id":"https:\/\/pelican.dk\/en\/exclusive-benefits-for-business-customers\/#breadcrumb","itemListElement":[{"@type":"ListItem","position":1,"name":"Home","item":"https:\/\/pelican.dk\/en\/"},{"@type":"ListItem","position":2,"name":"Exclusive benefits for business customers"}]},{"@type":"WebSite","@id":"https:\/\/pelican.dk\/en\/#website","url":"https:\/\/pelican.dk\/en\/","name":"Lej et sikkert opbevaringsrum","description":"Lej et opbevaringsrum hos Pelican Self Storage. Billige priser \u2714 Centre i hele K\u00f8benhavn \u2714 Lagerrum i mange st\u00f8rrelser \u2714 L\u00e5n en gratis trailer \u2714","potentialAction":[{"@type":"SearchAction","target":{"@type":"EntryPoint","urlTemplate":"https:\/\/pelican.dk\/en\/?s={search_term_string}"},"query-input":{"@type":"PropertyValueSpecification","valueRequired":true,"valueName":"search_term_string"}}],"inLanguage":"en-US"}]}},"_links":{"self":[{"href":"https:\/\/pelican.dk\/en\/wp-json\/wp\/v2\/pages\/6964","targetHints":{"allow":["GET"]}}],"collection":[{"href":"https:\/\/pelican.dk\/en\/wp-json\/wp\/v2\/pages"}],"about":[{"href":"https:\/\/pelican.dk\/en\/wp-json\/wp\/v2\/types\/page"}],"author":[{"embeddable":true,"href":"https:\/\/pelican.dk\/en\/wp-json\/wp\/v2\/users\/3"}],"replies":[{"embeddable":true,"href":"https:\/\/pelican.dk\/en\/wp-json\/wp\/v2\/comments?post=6964"}],"version-history":[{"count":2,"href":"https:\/\/pelican.dk\/en\/wp-json\/wp\/v2\/pages\/6964\/revisions"}],"predecessor-version":[{"id":7229,"href":"https:\/\/pelican.dk\/en\/wp-json\/wp\/v2\/pages\/6964\/revisions\/7229"}],"wp:attachment":[{"href":"https:\/\/pelican.dk\/en\/wp-json\/wp\/v2\/media?parent=6964"}],"curies":[{"name":"wp","href":"https:\/\/api.w.org\/{rel}","templated":true}]}}