{"id":4329,"date":"2024-10-01T08:46:37","date_gmt":"2024-10-01T06:46:37","guid":{"rendered":"https:\/\/pelican.dk\/tips-for-when-you-move-into-your-new-home\/"},"modified":"2024-10-07T13:31:40","modified_gmt":"2024-10-07T11:31:40","slug":"tips-for-when-you-move-into-your-new-home","status":"publish","type":"page","link":"https:\/\/pelican.dk\/en\/tips-for-when-you-move-into-your-new-home\/","title":{"rendered":"Tips for when you move into your new home"},"content":{"rendered":"\t\t<div data-elementor-type=\"wp-page\" data-elementor-id=\"4329\" class=\"elementor elementor-4329 elementor-3264\" data-elementor-post-type=\"page\">\n\t\t\t\t<div class=\"wd-negative-gap elementor-element elementor-element-20af1fa9 e-flex e-con-boxed e-con e-parent\" data-id=\"20af1fa9\" data-element_type=\"container\" data-e-type=\"container\">\n\t\t\t\t\t<div class=\"e-con-inner\">\n\t\t<div class=\"elementor-element elementor-element-3aaf92c0 e-con-full e-flex e-con e-child\" data-id=\"3aaf92c0\" data-element_type=\"container\" data-e-type=\"container\">\n\t\t\t\t<div class=\"elementor-element elementor-element-739be318 elementor-widget elementor-widget-image\" data-id=\"739be318\" data-element_type=\"widget\" data-e-type=\"widget\" data-widget_type=\"image.default\">\n\t\t\t\t<div class=\"elementor-widget-container\">\n\t\t\t\t\t\t\t\t\t\t\t\t\t\t\t<img decoding=\"async\" src=\"https:\/\/pelican.dk\/wp-content\/uploads\/2024\/10\/new-home-3105179_1280_0.png\" title=\"new-home-3105179_1280_0\" alt=\"Illustration af n\u00f8gle med skilt, et dokument med pen samt en \u00e5ben papkasse p\u00e5 bl\u00e5 baggrund.\" loading=\"lazy\" \/>\t\t\t\t\t\t\t\t\t\t\t\t\t\t\t<\/div>\n\t\t\t\t<\/div>\n\t\t\t\t<\/div>\n\t\t<div class=\"elementor-element elementor-element-22f79ccf e-con-full e-flex e-con e-child\" data-id=\"22f79ccf\" data-element_type=\"container\" data-e-type=\"container\" data-settings=\"{&quot;background_background&quot;:&quot;classic&quot;}\">\n\t\t<div class=\"elementor-element elementor-element-1f9dc193 e-con-full e-flex e-con e-child\" data-id=\"1f9dc193\" data-element_type=\"container\" data-e-type=\"container\">\n\t\t\t\t<div class=\"elementor-element elementor-element-39531b3e wd-width-100 elementor-widget elementor-widget-wd_title\" data-id=\"39531b3e\" data-element_type=\"widget\" data-e-type=\"widget\" data-widget_type=\"wd_title.default\">\n\t\t\t\t<div class=\"elementor-widget-container\">\n\t\t\t\t\t\t\t<div class=\"title-wrapper wd-set-mb reset-last-child wd-title-color-default wd-title-style-default wd-title-size-default text-left\">\n\n\t\t\t\n\t\t\t<div class=\"liner-continer\">\n\t\t\t\t<h4 class=\"woodmart-title-container title wd-fontsize-l\">Do these 3+3 things first when moving into a new home<\/h4> \n\t\t\t\t\t\t\t<\/div>\n\n\t\t\t\t\t<\/div>\n\t\t\t\t\t\t<\/div>\n\t\t\t\t<\/div>\n\t\t\t\t<div class=\"elementor-element elementor-element-776dc1bc elementor-widget elementor-widget-button\" data-id=\"776dc1bc\" data-element_type=\"widget\" data-e-type=\"widget\" data-widget_type=\"button.default\">\n\t\t\t\t<div class=\"elementor-widget-container\">\n\t\t\t\t\t\t\t\t\t<div class=\"elementor-button-wrapper\">\n\t\t\t\t\t<a class=\"elementor-button elementor-button-link elementor-size-sm\" href=\"https:\/\/pelican.dk\/lokationer\/\">\n\t\t\t\t\t\t<span class=\"elementor-button-content-wrapper\">\n\t\t\t\t\t\t\t\t\t<span class=\"elementor-button-text\">Find self storage<\/span>\n\t\t\t\t\t<\/span>\n\t\t\t\t\t<\/a>\n\t\t\t\t<\/div>\n\t\t\t\t\t\t\t\t<\/div>\n\t\t\t\t<\/div>\n\t\t\t\t<\/div>\n\t\t\t\t<\/div>\n\t\t\t\t\t<\/div>\n\t\t\t\t<\/div>\n\t\t<div class=\"wd-negative-gap elementor-element elementor-element-d22b8ee e-flex e-con-boxed e-con e-parent\" data-id=\"d22b8ee\" data-element_type=\"container\" data-e-type=\"container\">\n\t\t\t\t\t<div class=\"e-con-inner\">\n\t\t\t\t<div class=\"elementor-element elementor-element-7bd3860 elementor-widget elementor-widget-wd_text_block\" data-id=\"7bd3860\" data-element_type=\"widget\" data-e-type=\"widget\" data-widget_type=\"wd_text_block.default\">\n\t\t\t\t<div class=\"elementor-widget-container\">\n\t\t\t\t\t\t\t<div class=\"wd-text-block reset-last-child text-left\">\n\t\t\t\n\t\t\t<p>Once the movers have done their job and left you in your new apartment, you'll be faced with some tough decisions.<br \/>\nWhat order should you unpack your belongings in to make your new apartment feel like home?<br \/>\nAnd what other things should you think about when unpacking your belongings?  <\/p>\n<p>Here are some practical tips for an easy move:<\/p>\n<p><b>1. The bedroom<\/b><br \/>In order to cope with hectic and stressful situations, it is necessary to sleep properly. This is necessary to stay sharp and have a high energy level. Sleep comes first! From the beginning of your moving process; the packing phase, it's important that the bed is packed so that it can be unpacked quickly in the new apartment. Mark moving boxes that contain bedding, pillows and duvets with \"These first.\" This way you avoid high blood pressure after a long moving day when you're ready to jump straight into bed.<br \/>If you have children, remember the other bedtime essentials.<br \/>\nThis could be teddy bears, pajamas and toiletries.<br \/>\nThe old saying goes \"If the kids are happy, the parents are happy.\"  <\/p>\n<p><b>2. The kitchen<\/b><br \/>Moving is physically tough.<br \/>\nMake sure you can quickly make energizing snacks and prepare meals for the day, like breakfast and dinner.<br \/>\nThe kitchen is the heart of the home also during the move.<br \/>\nPlug in the fridge and coffee machine and make sure you pack enough cups, glasses, plates and cutlery so hunger and thirst never catch you by surprise.<br \/>\nPlan the unpacking of the kitchen in advance.<br \/>\nIt's better to take a break to consider the right order in which you pack your things.<br \/>\nIf you don't get it right from the start, you'll often end up having to redo it.      <\/p>\n<p><b>3. The living room<\/b><br \/>Furnishing the living room is a key issue during the move.<br \/>\nThe living room is one of the most important rooms in everyday life, especially for children.<br \/>\nIt's also where you sit and relax, so it's important to get it right.<br \/>Television and an internet connection will give you a well-deserved break and a window to the world outside the hectic move, so get that up and running quickly too.<br \/>Paintings, bookshelves and sofas will quickly make the new apartment feel like home, so keep that on your list too.  <\/p>\n<p><b>Three tips for unpacking.<\/b><br \/>1. Clean as you unpack.<br \/>Throw away bubble wrap etc.<br \/>\nimmediately after you've used it.<br \/>\nIf it's strewn with empty boxes and the like, it will disrupt your move and make it longer.<br \/>2. Take one room at a time.<br \/>When you unpack your stuff one room at a time, you can see the big picture better.<br \/>\nYou'll be able to see how much you have for a given room and where it will fit in.<br \/>\nThis can help you avoid negative surprises and will optimize space.<br \/>3. Furniture and cabinets first<br \/>Place the big furniture and cabinets in the apartment first before you start unpacking the small items from the moving boxes.<br \/>\nThis will save you time and you can put the smaller items directly in their place.     <\/p>\n\n\t\t\t\t\t<\/div>\n\t\t\t\t\t\t<\/div>\n\t\t\t\t<\/div>\n\t\t\t\t\t<\/div>\n\t\t\t\t<\/div>\n\t\t\t\t<\/div>\n\t\t","protected":false},"excerpt":{"rendered":"<p>Do these 3+3 things first when moving into a new home Find self storage Once the movers have done their<\/p>\n","protected":false},"author":3,"featured_media":0,"parent":0,"menu_order":0,"comment_status":"closed","ping_status":"closed","template":"elementor_header_footer","meta":{"_acf_changed":false,"inline_featured_image":false,"_lmt_disableupdate":"","_lmt_disable":"","footnotes":""},"class_list":["post-4329","page","type-page","status-publish","hentry"],"acf":[],"yoast_head":"<title>Tips for when you move into your new home | Pelican Self Storage<\/title>\n<meta name=\"robots\" content=\"index, follow, max-snippet:-1, max-image-preview:large, max-video-preview:-1\" \/>\n<link rel=\"canonical\" href=\"https:\/\/pelican.dk\/en\/tips-for-when-you-move-into-your-new-home\/\" \/>\n<meta property=\"og:locale\" content=\"en_US\" \/>\n<meta property=\"og:type\" content=\"article\" \/>\n<meta property=\"og:title\" content=\"Tips for when you move into your new home\" \/>\n<meta property=\"og:description\" content=\"Do these 3+3 things first when moving into a new home Find self storage Once the movers have done their\" \/>\n<meta property=\"og:url\" content=\"https:\/\/pelican.dk\/en\/tips-for-when-you-move-into-your-new-home\/\" \/>\n<meta property=\"og:site_name\" content=\"Pelican Self Storage\" \/>\n<meta property=\"article:publisher\" content=\"https:\/\/www.facebook.com\/PelicanSelfStorageDenmark\" \/>\n<meta property=\"article:modified_time\" content=\"2024-10-07T11:31:40+00:00\" \/>\n<meta property=\"og:image\" content=\"https:\/\/pelican.dk\/wp-content\/uploads\/2024\/10\/new-home-3105179_1280_0.png\" \/>\n<meta name=\"twitter:card\" content=\"summary_large_image\" \/>\n<meta name=\"twitter:label1\" content=\"Est. reading time\" \/>\n\t<meta name=\"twitter:data1\" content=\"3 minutes\" \/>\n<script type=\"application\/ld+json\" class=\"yoast-schema-graph\">{\"@context\":\"https:\/\/schema.org\",\"@graph\":[{\"@type\":\"WebPage\",\"@id\":\"https:\/\/pelican.dk\/en\/tips-for-when-you-move-into-your-new-home\/\",\"url\":\"https:\/\/pelican.dk\/en\/tips-for-when-you-move-into-your-new-home\/\",\"name\":\"Tips for when you move into your new home | Pelican Self Storage\",\"isPartOf\":{\"@id\":\"https:\/\/pelican.dk\/en\/#website\"},\"primaryImageOfPage\":{\"@id\":\"https:\/\/pelican.dk\/en\/tips-for-when-you-move-into-your-new-home\/#primaryimage\"},\"image\":{\"@id\":\"https:\/\/pelican.dk\/en\/tips-for-when-you-move-into-your-new-home\/#primaryimage\"},\"thumbnailUrl\":\"https:\/\/pelican.dk\/wp-content\/uploads\/2024\/10\/new-home-3105179_1280_0.png\",\"datePublished\":\"2024-10-01T06:46:37+00:00\",\"dateModified\":\"2024-10-07T11:31:40+00:00\",\"breadcrumb\":{\"@id\":\"https:\/\/pelican.dk\/en\/tips-for-when-you-move-into-your-new-home\/#breadcrumb\"},\"inLanguage\":\"en-US\",\"potentialAction\":[{\"@type\":\"ReadAction\",\"target\":[\"https:\/\/pelican.dk\/en\/tips-for-when-you-move-into-your-new-home\/\"]}]},{\"@type\":\"ImageObject\",\"inLanguage\":\"en-US\",\"@id\":\"https:\/\/pelican.dk\/en\/tips-for-when-you-move-into-your-new-home\/#primaryimage\",\"url\":\"https:\/\/pelican.dk\/wp-content\/uploads\/2024\/10\/new-home-3105179_1280_0.png\",\"contentUrl\":\"https:\/\/pelican.dk\/wp-content\/uploads\/2024\/10\/new-home-3105179_1280_0.png\"},{\"@type\":\"BreadcrumbList\",\"@id\":\"https:\/\/pelican.dk\/en\/tips-for-when-you-move-into-your-new-home\/#breadcrumb\",\"itemListElement\":[{\"@type\":\"ListItem\",\"position\":1,\"name\":\"Home\",\"item\":\"https:\/\/pelican.dk\/en\/\"},{\"@type\":\"ListItem\",\"position\":2,\"name\":\"Tips for when you move into your new home\"}]},{\"@type\":\"WebSite\",\"@id\":\"https:\/\/pelican.dk\/en\/#website\",\"url\":\"https:\/\/pelican.dk\/en\/\",\"name\":\"Lej et sikkert opbevaringsrum\",\"description\":\"Lej et opbevaringsrum hos Pelican Self Storage. Billige priser \u2714 Centre i hele K\u00f8benhavn \u2714 Lagerrum i mange st\u00f8rrelser \u2714 L\u00e5n en gratis trailer \u2714\",\"potentialAction\":[{\"@type\":\"SearchAction\",\"target\":{\"@type\":\"EntryPoint\",\"urlTemplate\":\"https:\/\/pelican.dk\/en\/?s={search_term_string}\"},\"query-input\":{\"@type\":\"PropertyValueSpecification\",\"valueRequired\":true,\"valueName\":\"search_term_string\"}}],\"inLanguage\":\"en-US\"}]}<\/script>","yoast_head_json":{"title":"Tips for when you move into your new home | Pelican Self Storage","robots":{"index":"index","follow":"follow","max-snippet":"max-snippet:-1","max-image-preview":"max-image-preview:large","max-video-preview":"max-video-preview:-1"},"canonical":"https:\/\/pelican.dk\/en\/tips-for-when-you-move-into-your-new-home\/","og_locale":"en_US","og_type":"article","og_title":"Tips for when you move into your new home","og_description":"Do these 3+3 things first when moving into a new home Find self storage Once the movers have done their","og_url":"https:\/\/pelican.dk\/en\/tips-for-when-you-move-into-your-new-home\/","og_site_name":"Pelican Self Storage","article_publisher":"https:\/\/www.facebook.com\/PelicanSelfStorageDenmark","article_modified_time":"2024-10-07T11:31:40+00:00","og_image":[{"url":"https:\/\/pelican.dk\/wp-content\/uploads\/2024\/10\/new-home-3105179_1280_0.png","type":"","width":"","height":""}],"twitter_card":"summary_large_image","twitter_misc":{"Est. reading time":"3 minutes"},"schema":{"@context":"https:\/\/schema.org","@graph":[{"@type":"WebPage","@id":"https:\/\/pelican.dk\/en\/tips-for-when-you-move-into-your-new-home\/","url":"https:\/\/pelican.dk\/en\/tips-for-when-you-move-into-your-new-home\/","name":"Tips for when you move into your new home | Pelican Self Storage","isPartOf":{"@id":"https:\/\/pelican.dk\/en\/#website"},"primaryImageOfPage":{"@id":"https:\/\/pelican.dk\/en\/tips-for-when-you-move-into-your-new-home\/#primaryimage"},"image":{"@id":"https:\/\/pelican.dk\/en\/tips-for-when-you-move-into-your-new-home\/#primaryimage"},"thumbnailUrl":"https:\/\/pelican.dk\/wp-content\/uploads\/2024\/10\/new-home-3105179_1280_0.png","datePublished":"2024-10-01T06:46:37+00:00","dateModified":"2024-10-07T11:31:40+00:00","breadcrumb":{"@id":"https:\/\/pelican.dk\/en\/tips-for-when-you-move-into-your-new-home\/#breadcrumb"},"inLanguage":"en-US","potentialAction":[{"@type":"ReadAction","target":["https:\/\/pelican.dk\/en\/tips-for-when-you-move-into-your-new-home\/"]}]},{"@type":"ImageObject","inLanguage":"en-US","@id":"https:\/\/pelican.dk\/en\/tips-for-when-you-move-into-your-new-home\/#primaryimage","url":"https:\/\/pelican.dk\/wp-content\/uploads\/2024\/10\/new-home-3105179_1280_0.png","contentUrl":"https:\/\/pelican.dk\/wp-content\/uploads\/2024\/10\/new-home-3105179_1280_0.png"},{"@type":"BreadcrumbList","@id":"https:\/\/pelican.dk\/en\/tips-for-when-you-move-into-your-new-home\/#breadcrumb","itemListElement":[{"@type":"ListItem","position":1,"name":"Home","item":"https:\/\/pelican.dk\/en\/"},{"@type":"ListItem","position":2,"name":"Tips for when you move into your new home"}]},{"@type":"WebSite","@id":"https:\/\/pelican.dk\/en\/#website","url":"https:\/\/pelican.dk\/en\/","name":"Lej et sikkert opbevaringsrum","description":"Lej et opbevaringsrum hos Pelican Self Storage. Billige priser \u2714 Centre i hele K\u00f8benhavn \u2714 Lagerrum i mange st\u00f8rrelser \u2714 L\u00e5n en gratis trailer \u2714","potentialAction":[{"@type":"SearchAction","target":{"@type":"EntryPoint","urlTemplate":"https:\/\/pelican.dk\/en\/?s={search_term_string}"},"query-input":{"@type":"PropertyValueSpecification","valueRequired":true,"valueName":"search_term_string"}}],"inLanguage":"en-US"}]}},"_links":{"self":[{"href":"https:\/\/pelican.dk\/en\/wp-json\/wp\/v2\/pages\/4329","targetHints":{"allow":["GET"]}}],"collection":[{"href":"https:\/\/pelican.dk\/en\/wp-json\/wp\/v2\/pages"}],"about":[{"href":"https:\/\/pelican.dk\/en\/wp-json\/wp\/v2\/types\/page"}],"author":[{"embeddable":true,"href":"https:\/\/pelican.dk\/en\/wp-json\/wp\/v2\/users\/3"}],"replies":[{"embeddable":true,"href":"https:\/\/pelican.dk\/en\/wp-json\/wp\/v2\/comments?post=4329"}],"version-history":[{"count":1,"href":"https:\/\/pelican.dk\/en\/wp-json\/wp\/v2\/pages\/4329\/revisions"}],"predecessor-version":[{"id":4330,"href":"https:\/\/pelican.dk\/en\/wp-json\/wp\/v2\/pages\/4329\/revisions\/4330"}],"wp:attachment":[{"href":"https:\/\/pelican.dk\/en\/wp-json\/wp\/v2\/media?parent=4329"}],"curies":[{"name":"wp","href":"https:\/\/api.w.org\/{rel}","templated":true}]}}