{"id":4295,"date":"2024-10-01T14:37:30","date_gmt":"2024-10-01T12:37:30","guid":{"rendered":"https:\/\/pelican.dk\/office-hotel-in-gladsaxe\/"},"modified":"2024-10-30T14:24:35","modified_gmt":"2024-10-30T12:24:35","slug":"office-hotel-in-gladsaxe","status":"publish","type":"page","link":"https:\/\/pelican.dk\/en\/office-hotel-in-gladsaxe\/","title":{"rendered":"Office hotel in Gladsaxe"},"content":{"rendered":"\t\t<div data-elementor-type=\"wp-page\" data-elementor-id=\"4295\" class=\"elementor elementor-4295 elementor-3472\" data-elementor-post-type=\"page\">\n\t\t\t\t<div class=\"wd-negative-gap elementor-element elementor-element-20af1fa9 e-flex e-con-boxed e-con e-parent\" data-id=\"20af1fa9\" data-element_type=\"container\" data-e-type=\"container\">\n\t\t\t\t\t<div class=\"e-con-inner\">\n\t\t<div class=\"elementor-element elementor-element-3aaf92c0 e-con-full e-flex e-con e-child\" data-id=\"3aaf92c0\" data-element_type=\"container\" data-e-type=\"container\">\n\t\t\t\t<div class=\"elementor-element elementor-element-739be318 elementor-widget elementor-widget-image\" data-id=\"739be318\" data-element_type=\"widget\" data-e-type=\"widget\" data-widget_type=\"image.default\">\n\t\t\t\t<div class=\"elementor-widget-container\">\n\t\t\t\t\t\t\t\t\t\t\t\t\t\t\t<img decoding=\"async\" src=\"https:\/\/pelican.dk\/wp-content\/uploads\/2024\/10\/img_0326-1.jpg\" title=\"img_0326 (1)\" alt=\"Lys gang med gr\u00e5 gulv, hvide v\u00e6gge, flere d\u00f8re langs siden og gr\u00f8nne planter i krukker.\" loading=\"lazy\" \/>\t\t\t\t\t\t\t\t\t\t\t\t\t\t\t<\/div>\n\t\t\t\t<\/div>\n\t\t\t\t<\/div>\n\t\t<div class=\"elementor-element elementor-element-22f79ccf e-con-full e-flex e-con e-child\" data-id=\"22f79ccf\" data-element_type=\"container\" data-e-type=\"container\" data-settings=\"{&quot;background_background&quot;:&quot;classic&quot;}\">\n\t\t<div class=\"elementor-element elementor-element-1f9dc193 e-con-full e-flex e-con e-child\" data-id=\"1f9dc193\" data-element_type=\"container\" data-e-type=\"container\">\n\t\t\t\t<div class=\"elementor-element elementor-element-39531b3e wd-width-100 elementor-widget elementor-widget-wd_title\" data-id=\"39531b3e\" data-element_type=\"widget\" data-e-type=\"widget\" data-widget_type=\"wd_title.default\">\n\t\t\t\t<div class=\"elementor-widget-container\">\n\t\t\t\t\t\t\t<div class=\"title-wrapper wd-set-mb reset-last-child wd-title-color-default wd-title-style-default wd-title-size-default text-left\">\n\n\t\t\t\n\t\t\t<div class=\"liner-continer\">\n\t\t\t\t<h4 class=\"woodmart-title-container title wd-fontsize-l\">Shared office space in Gladsaxe - with or without storage<\/h4> \n\t\t\t\t\t\t\t<\/div>\n\n\t\t\t\t\t\t\t<div class=\"title-after_title reset-last-child wd-fontsize-xs\">\n\t\t\t\t\t<p>If you need an office for one or more employees, we have the solution at our shared office space at <b>Buddingevej 306 in Gladsaxe<\/b>.<\/p><p><b>RIGHT NOW the first 2 months FREE!<\/b><\/p><p>Here we offer great office space in beautiful surroundings located on the 1st floor of our self storage center in Gladsaxe.<br \/>\nRent premises from 15 m2 and up to 380 m2! <\/p><p>The shared office space offers facilities such as a waiting area, kitchen, lunch room and restrooms.<\/p><p>We offer bright offices with multiple office spaces and a good location at an attractive rent.<br \/>\nYou will be part of our office community in a quiet environment.<br \/>\nIf you are interested, please contact us and we will find a good solution for you!  <\/p>\t\t\t\t<\/div>\n\t\t\t\t\t<\/div>\n\t\t\t\t\t\t<\/div>\n\t\t\t\t<\/div>\n\t\t\t\t<div class=\"elementor-element elementor-element-ee028d1 elementor-widget elementor-widget-button\" data-id=\"ee028d1\" data-element_type=\"widget\" data-e-type=\"widget\" data-widget_type=\"button.default\">\n\t\t\t\t<div class=\"elementor-widget-container\">\n\t\t\t\t\t\t\t\t\t<div class=\"elementor-button-wrapper\">\n\t\t\t\t\t<a class=\"elementor-button elementor-button-link elementor-size-sm\" href=\"\/gladsaxe\/\">\n\t\t\t\t\t\t<span class=\"elementor-button-content-wrapper\">\n\t\t\t\t\t\t\t\t\t<span class=\"elementor-button-text\">Contact Pelican Gladsaxe<\/span>\n\t\t\t\t\t<\/span>\n\t\t\t\t\t<\/a>\n\t\t\t\t<\/div>\n\t\t\t\t\t\t\t\t<\/div>\n\t\t\t\t<\/div>\n\t\t\t\t<\/div>\n\t\t\t\t<\/div>\n\t\t\t\t\t<\/div>\n\t\t\t\t<\/div>\n\t\t<div class=\"wd-negative-gap elementor-element elementor-element-5a29fe52 e-flex e-con-boxed e-con e-parent\" data-id=\"5a29fe52\" data-element_type=\"container\" data-e-type=\"container\">\n\t\t\t\t\t<div class=\"e-con-inner\">\n\t\t<div class=\"elementor-element elementor-element-742aca4d e-con-full e-flex e-con e-child\" data-id=\"742aca4d\" data-element_type=\"container\" data-e-type=\"container\" data-settings=\"{&quot;background_background&quot;:&quot;classic&quot;}\">\n\t\t<div class=\"elementor-element elementor-element-72f88bc5 e-con-full e-flex e-con e-child\" data-id=\"72f88bc5\" data-element_type=\"container\" data-e-type=\"container\">\n\t\t\t\t<div class=\"elementor-element elementor-element-31637e12 wd-width-100 elementor-widget elementor-widget-wd_title\" data-id=\"31637e12\" data-element_type=\"widget\" data-e-type=\"widget\" data-widget_type=\"wd_title.default\">\n\t\t\t\t<div class=\"elementor-widget-container\">\n\t\t\t\t\t\t\t<div class=\"title-wrapper wd-set-mb reset-last-child wd-title-color-default wd-title-style-default wd-title-size-default text-left\">\n\n\t\t\t\n\t\t\t<div class=\"liner-continer\">\n\t\t\t\t<h4 class=\"woodmart-title-container title wd-fontsize-l\">Office space or separate office?<\/h4> \n\t\t\t\t\t\t\t<\/div>\n\n\t\t\t\t\t\t\t<div class=\"title-after_title reset-last-child wd-fontsize-xs\">\n\t\t\t\t\t<p>The offices are close to bus and train stations and the highway.<br \/>\n1 parking space is included. <\/p><p>We also offer the unique opportunity to purchase storage space from 1-50 m2 in the same location as the offices.<br \/>\nPerfect for the smaller business that wants office and warehouse space close to each other. <\/p><p>It takes 2 minutes to walk from the office to the nearest bus stop.<br \/>\nJust a 14-minute walk from the office you'll find a good caf\u00e9 with a varied menu.<br>The nearby supermarket makes evening shopping easy on the way home from the office. <\/p><p>The office is equipped with good storage compartments so you can store away everything that shouldn't be in the office on a daily basis.<br \/>\nThe office alarm system protects and secures all your inventory. <\/p><p>If you are interested in learning more about our exciting and flexible solutions, please contact us at 39755003 or <a class=\"spamspan\" href=\"mailto:gladsaxe@pelican.dk\">gladsaxe@pelican.dk.<\/a><\/p>\t\t\t\t<\/div>\n\t\t\t\t\t<\/div>\n\t\t\t\t\t\t<\/div>\n\t\t\t\t<\/div>\n\t\t\t\t<\/div>\n\t\t\t\t<\/div>\n\t\t<div class=\"elementor-element elementor-element-f0f3fdd e-con-full e-flex e-con e-child\" data-id=\"f0f3fdd\" data-element_type=\"container\" data-e-type=\"container\">\n\t\t\t\t<div class=\"elementor-element elementor-element-29b19fe5 elementor-widget elementor-widget-image\" data-id=\"29b19fe5\" data-element_type=\"widget\" data-e-type=\"widget\" data-widget_type=\"image.default\">\n\t\t\t\t<div class=\"elementor-widget-container\">\n\t\t\t\t\t\t\t\t\t\t\t\t\t\t\t<img decoding=\"async\" src=\"https:\/\/pelican.dk\/wp-content\/uploads\/2024\/10\/ankomst_lounge.jpeg\" title=\"ankomst_lounge\" alt=\"Venteomr\u00e5de med sort sofa, tr\u00e6bord, planter i vindueskarmen og stort vindue med udsigt.\" loading=\"lazy\" \/>\t\t\t\t\t\t\t\t\t\t\t\t\t\t\t<\/div>\n\t\t\t\t<\/div>\n\t\t\t\t<\/div>\n\t\t\t\t\t<\/div>\n\t\t\t\t<\/div>\n\t\t\t\t<\/div>\n\t\t","protected":false},"excerpt":{"rendered":"<p>Shared office space in Gladsaxe &#8211; with or without storage If you need an office for one or more employees,<\/p>\n","protected":false},"author":3,"featured_media":0,"parent":0,"menu_order":0,"comment_status":"closed","ping_status":"closed","template":"elementor_header_footer","meta":{"_acf_changed":false,"inline_featured_image":false,"_lmt_disableupdate":"","_lmt_disable":"","footnotes":""},"class_list":["post-4295","page","type-page","status-publish","hentry"],"acf":[],"yoast_head":"<title>Office hotel in Gladsaxe | Pelican Self Storage<\/title>\n<meta name=\"robots\" content=\"index, follow, max-snippet:-1, max-image-preview:large, max-video-preview:-1\" \/>\n<link rel=\"canonical\" href=\"https:\/\/pelican.dk\/en\/office-hotel-in-gladsaxe\/\" \/>\n<meta property=\"og:locale\" content=\"en_US\" \/>\n<meta property=\"og:type\" content=\"article\" \/>\n<meta property=\"og:title\" content=\"Office hotel in Gladsaxe\" \/>\n<meta property=\"og:description\" content=\"Shared office space in Gladsaxe &#8211; with or without storage If you need an office for one or more employees,\" \/>\n<meta property=\"og:url\" content=\"https:\/\/pelican.dk\/en\/office-hotel-in-gladsaxe\/\" \/>\n<meta property=\"og:site_name\" content=\"Pelican Self Storage\" \/>\n<meta property=\"article:publisher\" content=\"https:\/\/www.facebook.com\/PelicanSelfStorageDenmark\" \/>\n<meta property=\"article:modified_time\" content=\"2024-10-30T12:24:35+00:00\" \/>\n<meta property=\"og:image\" content=\"http:\/\/pelican.dk\/wp-content\/uploads\/2024\/10\/img_0326-1.jpg\" \/>\n<meta name=\"twitter:card\" content=\"summary_large_image\" \/>\n<meta name=\"twitter:label1\" content=\"Est. reading time\" \/>\n\t<meta name=\"twitter:data1\" content=\"1 minute\" \/>\n<script type=\"application\/ld+json\" class=\"yoast-schema-graph\">{\"@context\":\"https:\/\/schema.org\",\"@graph\":[{\"@type\":\"WebPage\",\"@id\":\"https:\/\/pelican.dk\/en\/office-hotel-in-gladsaxe\/\",\"url\":\"https:\/\/pelican.dk\/en\/office-hotel-in-gladsaxe\/\",\"name\":\"Office hotel in Gladsaxe | Pelican Self Storage\",\"isPartOf\":{\"@id\":\"https:\/\/pelican.dk\/en\/#website\"},\"primaryImageOfPage\":{\"@id\":\"https:\/\/pelican.dk\/en\/office-hotel-in-gladsaxe\/#primaryimage\"},\"image\":{\"@id\":\"https:\/\/pelican.dk\/en\/office-hotel-in-gladsaxe\/#primaryimage\"},\"thumbnailUrl\":\"http:\/\/pelican.dk\/wp-content\/uploads\/2024\/10\/img_0326-1.jpg\",\"datePublished\":\"2024-10-01T12:37:30+00:00\",\"dateModified\":\"2024-10-30T12:24:35+00:00\",\"breadcrumb\":{\"@id\":\"https:\/\/pelican.dk\/en\/office-hotel-in-gladsaxe\/#breadcrumb\"},\"inLanguage\":\"en-US\",\"potentialAction\":[{\"@type\":\"ReadAction\",\"target\":[\"https:\/\/pelican.dk\/en\/office-hotel-in-gladsaxe\/\"]}]},{\"@type\":\"ImageObject\",\"inLanguage\":\"en-US\",\"@id\":\"https:\/\/pelican.dk\/en\/office-hotel-in-gladsaxe\/#primaryimage\",\"url\":\"http:\/\/pelican.dk\/wp-content\/uploads\/2024\/10\/img_0326-1.jpg\",\"contentUrl\":\"http:\/\/pelican.dk\/wp-content\/uploads\/2024\/10\/img_0326-1.jpg\"},{\"@type\":\"BreadcrumbList\",\"@id\":\"https:\/\/pelican.dk\/en\/office-hotel-in-gladsaxe\/#breadcrumb\",\"itemListElement\":[{\"@type\":\"ListItem\",\"position\":1,\"name\":\"Home\",\"item\":\"https:\/\/pelican.dk\/en\/\"},{\"@type\":\"ListItem\",\"position\":2,\"name\":\"Office hotel in Gladsaxe\"}]},{\"@type\":\"WebSite\",\"@id\":\"https:\/\/pelican.dk\/en\/#website\",\"url\":\"https:\/\/pelican.dk\/en\/\",\"name\":\"Lej et sikkert opbevaringsrum\",\"description\":\"Lej et opbevaringsrum hos Pelican Self Storage. Billige priser \u2714 Centre i hele K\u00f8benhavn \u2714 Lagerrum i mange st\u00f8rrelser \u2714 L\u00e5n en gratis trailer \u2714\",\"potentialAction\":[{\"@type\":\"SearchAction\",\"target\":{\"@type\":\"EntryPoint\",\"urlTemplate\":\"https:\/\/pelican.dk\/en\/?s={search_term_string}\"},\"query-input\":{\"@type\":\"PropertyValueSpecification\",\"valueRequired\":true,\"valueName\":\"search_term_string\"}}],\"inLanguage\":\"en-US\"}]}<\/script>","yoast_head_json":{"title":"Office hotel in Gladsaxe | Pelican Self Storage","robots":{"index":"index","follow":"follow","max-snippet":"max-snippet:-1","max-image-preview":"max-image-preview:large","max-video-preview":"max-video-preview:-1"},"canonical":"https:\/\/pelican.dk\/en\/office-hotel-in-gladsaxe\/","og_locale":"en_US","og_type":"article","og_title":"Office hotel in Gladsaxe","og_description":"Shared office space in Gladsaxe &#8211; with or without storage If you need an office for one or more employees,","og_url":"https:\/\/pelican.dk\/en\/office-hotel-in-gladsaxe\/","og_site_name":"Pelican Self Storage","article_publisher":"https:\/\/www.facebook.com\/PelicanSelfStorageDenmark","article_modified_time":"2024-10-30T12:24:35+00:00","og_image":[{"url":"http:\/\/pelican.dk\/wp-content\/uploads\/2024\/10\/img_0326-1.jpg","type":"","width":"","height":""}],"twitter_card":"summary_large_image","twitter_misc":{"Est. reading time":"1 minute"},"schema":{"@context":"https:\/\/schema.org","@graph":[{"@type":"WebPage","@id":"https:\/\/pelican.dk\/en\/office-hotel-in-gladsaxe\/","url":"https:\/\/pelican.dk\/en\/office-hotel-in-gladsaxe\/","name":"Office hotel in Gladsaxe | Pelican Self Storage","isPartOf":{"@id":"https:\/\/pelican.dk\/en\/#website"},"primaryImageOfPage":{"@id":"https:\/\/pelican.dk\/en\/office-hotel-in-gladsaxe\/#primaryimage"},"image":{"@id":"https:\/\/pelican.dk\/en\/office-hotel-in-gladsaxe\/#primaryimage"},"thumbnailUrl":"http:\/\/pelican.dk\/wp-content\/uploads\/2024\/10\/img_0326-1.jpg","datePublished":"2024-10-01T12:37:30+00:00","dateModified":"2024-10-30T12:24:35+00:00","breadcrumb":{"@id":"https:\/\/pelican.dk\/en\/office-hotel-in-gladsaxe\/#breadcrumb"},"inLanguage":"en-US","potentialAction":[{"@type":"ReadAction","target":["https:\/\/pelican.dk\/en\/office-hotel-in-gladsaxe\/"]}]},{"@type":"ImageObject","inLanguage":"en-US","@id":"https:\/\/pelican.dk\/en\/office-hotel-in-gladsaxe\/#primaryimage","url":"http:\/\/pelican.dk\/wp-content\/uploads\/2024\/10\/img_0326-1.jpg","contentUrl":"http:\/\/pelican.dk\/wp-content\/uploads\/2024\/10\/img_0326-1.jpg"},{"@type":"BreadcrumbList","@id":"https:\/\/pelican.dk\/en\/office-hotel-in-gladsaxe\/#breadcrumb","itemListElement":[{"@type":"ListItem","position":1,"name":"Home","item":"https:\/\/pelican.dk\/en\/"},{"@type":"ListItem","position":2,"name":"Office hotel in Gladsaxe"}]},{"@type":"WebSite","@id":"https:\/\/pelican.dk\/en\/#website","url":"https:\/\/pelican.dk\/en\/","name":"Lej et sikkert opbevaringsrum","description":"Lej et opbevaringsrum hos Pelican Self Storage. Billige priser \u2714 Centre i hele K\u00f8benhavn \u2714 Lagerrum i mange st\u00f8rrelser \u2714 L\u00e5n en gratis trailer \u2714","potentialAction":[{"@type":"SearchAction","target":{"@type":"EntryPoint","urlTemplate":"https:\/\/pelican.dk\/en\/?s={search_term_string}"},"query-input":{"@type":"PropertyValueSpecification","valueRequired":true,"valueName":"search_term_string"}}],"inLanguage":"en-US"}]}},"_links":{"self":[{"href":"https:\/\/pelican.dk\/en\/wp-json\/wp\/v2\/pages\/4295","targetHints":{"allow":["GET"]}}],"collection":[{"href":"https:\/\/pelican.dk\/en\/wp-json\/wp\/v2\/pages"}],"about":[{"href":"https:\/\/pelican.dk\/en\/wp-json\/wp\/v2\/types\/page"}],"author":[{"embeddable":true,"href":"https:\/\/pelican.dk\/en\/wp-json\/wp\/v2\/users\/3"}],"replies":[{"embeddable":true,"href":"https:\/\/pelican.dk\/en\/wp-json\/wp\/v2\/comments?post=4295"}],"version-history":[{"count":3,"href":"https:\/\/pelican.dk\/en\/wp-json\/wp\/v2\/pages\/4295\/revisions"}],"predecessor-version":[{"id":7175,"href":"https:\/\/pelican.dk\/en\/wp-json\/wp\/v2\/pages\/4295\/revisions\/7175"}],"wp:attachment":[{"href":"https:\/\/pelican.dk\/en\/wp-json\/wp\/v2\/media?parent=4295"}],"curies":[{"name":"wp","href":"https:\/\/api.w.org\/{rel}","templated":true}]}}