{"id":4259,"date":"2024-09-30T13:01:32","date_gmt":"2024-09-30T11:01:32","guid":{"rendered":"https:\/\/pelican.dk\/showroom-workplace-and-storage-solution-in-one\/"},"modified":"2024-10-22T13:26:11","modified_gmt":"2024-10-22T11:26:11","slug":"showroom-workplace-and-storage-solution-in-one","status":"publish","type":"page","link":"https:\/\/pelican.dk\/en\/showroom-workplace-and-storage-solution-in-one\/","title":{"rendered":"Showroom &#8211; Workplace and storage solution in one"},"content":{"rendered":"\t\t<div data-elementor-type=\"wp-page\" data-elementor-id=\"4259\" class=\"elementor elementor-4259 elementor-2954\" data-elementor-post-type=\"page\">\n\t\t\t\t<div class=\"wd-negative-gap elementor-element elementor-element-20af1fa9 e-flex e-con-boxed e-con e-parent\" data-id=\"20af1fa9\" data-element_type=\"container\" data-e-type=\"container\">\n\t\t\t\t\t<div class=\"e-con-inner\">\n\t\t<div class=\"elementor-element elementor-element-3aaf92c0 e-con-full e-flex e-con e-child\" data-id=\"3aaf92c0\" data-element_type=\"container\" data-e-type=\"container\">\n\t\t\t\t<div class=\"elementor-element elementor-element-739be318 elementor-widget elementor-widget-image\" data-id=\"739be318\" data-element_type=\"widget\" data-e-type=\"widget\" data-widget_type=\"image.default\">\n\t\t\t\t<div class=\"elementor-widget-container\">\n\t\t\t\t\t\t\t\t\t\t\t\t\t\t\t<img decoding=\"async\" src=\"https:\/\/pelican.dk\/wp-content\/uploads\/2024\/09\/20170721_075741682_iOS-scaled.jpg\" title=\"20170721_075741682_iOS\" alt=\"R\u00e6kke af gr\u00f8nne glasd\u00f8re langs en facade med refleksion af biler og bygninger i glasset.\" loading=\"lazy\" \/>\t\t\t\t\t\t\t\t\t\t\t\t\t\t\t<\/div>\n\t\t\t\t<\/div>\n\t\t\t\t<\/div>\n\t\t<div class=\"elementor-element elementor-element-22f79ccf e-con-full e-flex e-con e-child\" data-id=\"22f79ccf\" data-element_type=\"container\" data-e-type=\"container\" data-settings=\"{&quot;background_background&quot;:&quot;classic&quot;}\">\n\t\t<div class=\"elementor-element elementor-element-1f9dc193 e-con-full e-flex e-con e-child\" data-id=\"1f9dc193\" data-element_type=\"container\" data-e-type=\"container\">\n\t\t\t\t<div class=\"elementor-element elementor-element-39531b3e wd-width-100 elementor-widget elementor-widget-wd_title\" data-id=\"39531b3e\" data-element_type=\"widget\" data-e-type=\"widget\" data-widget_type=\"wd_title.default\">\n\t\t\t\t<div class=\"elementor-widget-container\">\n\t\t\t\t\t\t\t<div class=\"title-wrapper wd-set-mb reset-last-child wd-title-color-default wd-title-style-default wd-title-size-default text-left\">\n\n\t\t\t\n\t\t\t<div class=\"liner-continer\">\n\t\t\t\t<h4 class=\"woodmart-title-container title wd-fontsize-l\"><\/h4> \n\t\t\t\t\t\t\t<\/div>\n\n\t\t\t\t\t\t\t<div class=\"title-after_title reset-last-child wd-fontsize-xs\">\n\t\t\t\t\t<p>With a showroom, you get the most flexible storage solution on the market.<br \/>\nWe've combined the traditional warehouse with the option to have a workspace - whether it's an administrative workspace, a workshop or a warehouse that meets your needs. <\/p><p>Center with Showrooms:<\/p><ul><li><a href=\"https:\/\/pelican.dk\/opbevaring-koebenhavn\/amagerbro\">Amagerbro<\/a><\/li><li><a href=\"https:\/\/pelican.dk\/opbevaring-koebenhavn\/ellebjerg-valby\">Ellebjerg Valby<\/a><\/li><li><a href=\"https:\/\/pelican.dk\/opbevaring-koebenhavn\/gladsaxe\">Gladsaxe<\/a><\/li><\/ul>\t\t\t\t<\/div>\n\t\t\t\t\t<\/div>\n\t\t\t\t\t\t<\/div>\n\t\t\t\t<\/div>\n\t\t\t\t<\/div>\n\t\t\t\t<\/div>\n\t\t\t\t\t<\/div>\n\t\t\t\t<\/div>\n\t\t<div class=\"wd-negative-gap elementor-element elementor-element-5a29fe52 e-flex e-con-boxed e-con e-parent\" data-id=\"5a29fe52\" data-element_type=\"container\" data-e-type=\"container\">\n\t\t\t\t\t<div class=\"e-con-inner\">\n\t\t<div class=\"elementor-element elementor-element-742aca4d e-con-full e-flex e-con e-child\" data-id=\"742aca4d\" data-element_type=\"container\" data-e-type=\"container\" data-settings=\"{&quot;background_background&quot;:&quot;classic&quot;}\">\n\t\t<div class=\"elementor-element elementor-element-72f88bc5 e-con-full e-flex e-con e-child\" data-id=\"72f88bc5\" data-element_type=\"container\" data-e-type=\"container\">\n\t\t\t\t<div class=\"elementor-element elementor-element-31637e12 wd-width-100 elementor-widget elementor-widget-wd_title\" data-id=\"31637e12\" data-element_type=\"widget\" data-e-type=\"widget\" data-widget_type=\"wd_title.default\">\n\t\t\t\t<div class=\"elementor-widget-container\">\n\t\t\t\t\t\t\t<div class=\"title-wrapper wd-set-mb reset-last-child wd-title-color-default wd-title-style-default wd-title-size-default text-left\">\n\n\t\t\t\n\t\t\t<div class=\"liner-continer\">\n\t\t\t\t<h4 class=\"woodmart-title-container title wd-fontsize-l\"><\/h4> \n\t\t\t\t\t\t\t<\/div>\n\n\t\t\t\t\t\t\t<div class=\"title-after_title reset-last-child wd-fontsize-xs\">\n\t\t\t\t\t<p>Showroom is a new and very popular storage product where we have combined the storage room with the possibility to set up your administrative workplace, workshop or showroom in the same space.<br \/>\nYou get a room with windows and plenty of daylight, installed heating that you can adjust yourself and electricity.<br \/>\nAnd should you need more space for a shorter or longer period of time, you always have access to rent extra storage space adapted to your current needs.  <\/p><p>Showrooms range from 35 m\u00b2 to 135 m\u00b2.<br \/>\nOur showrooms can be used by many different customers.<br \/>\nFor example, it's popular for online retailers who want a flexible storage solution where they can pack shipments for customers in daylight and not have to be present when they receive goods from suppliers.    <\/p>\t\t\t\t<\/div>\n\t\t\t\t\t<\/div>\n\t\t\t\t\t\t<\/div>\n\t\t\t\t<\/div>\n\t\t\t\t<\/div>\n\t\t\t\t<\/div>\n\t\t<div class=\"elementor-element elementor-element-f0f3fdd e-con-full e-flex e-con e-child\" data-id=\"f0f3fdd\" data-element_type=\"container\" data-e-type=\"container\">\n\t\t\t\t<div class=\"elementor-element elementor-element-29b19fe5 elementor-widget elementor-widget-image\" data-id=\"29b19fe5\" data-element_type=\"widget\" data-e-type=\"widget\" data-widget_type=\"image.default\">\n\t\t\t\t<div class=\"elementor-widget-container\">\n\t\t\t\t\t\t\t\t\t\t\t\t\t\t\t<img decoding=\"async\" src=\"https:\/\/pelican.dk\/wp-content\/uploads\/2024\/09\/20170721_082156861_iOS-scaled.jpg\" title=\"20170721_082156861_iOS\" alt=\"Tomt lagerlokale med gr\u00f8nne vinduesrammer og stort gulv, som er klar til opbevaring\" loading=\"lazy\" \/>\t\t\t\t\t\t\t\t\t\t\t\t\t\t\t<\/div>\n\t\t\t\t<\/div>\n\t\t\t\t<\/div>\n\t\t\t\t\t<\/div>\n\t\t\t\t<\/div>\n\t\t<div class=\"wd-negative-gap elementor-element elementor-element-d9aeda4 e-flex e-con-boxed e-con e-parent\" data-id=\"d9aeda4\" data-element_type=\"container\" data-e-type=\"container\">\n\t\t\t\t\t<div class=\"e-con-inner\">\n\t\t<div class=\"elementor-element elementor-element-47af205 e-con-full e-flex e-con e-child\" data-id=\"47af205\" data-element_type=\"container\" data-e-type=\"container\">\n\t\t\t\t<div class=\"elementor-element elementor-element-c9ee4aa elementor-widget elementor-widget-image\" data-id=\"c9ee4aa\" data-element_type=\"widget\" data-e-type=\"widget\" data-widget_type=\"image.default\">\n\t\t\t\t<div class=\"elementor-widget-container\">\n\t\t\t\t\t\t\t\t\t\t\t\t\t\t\t<img decoding=\"async\" src=\"https:\/\/pelican.dk\/wp-content\/uploads\/2024\/09\/ez_20-09-18_pelican_0100.jpg\" title=\"ez_20-09-18_pelican_0100\" alt=\"Butik med hylder fyldt med proteinpulver og to personer foran som smiler til kameraret\" loading=\"lazy\" \/>\t\t\t\t\t\t\t\t\t\t\t\t\t\t\t<\/div>\n\t\t\t\t<\/div>\n\t\t\t\t<\/div>\n\t\t<div class=\"elementor-element elementor-element-691e1bc e-con-full e-flex e-con e-child\" data-id=\"691e1bc\" data-element_type=\"container\" data-e-type=\"container\" data-settings=\"{&quot;background_background&quot;:&quot;classic&quot;}\">\n\t\t<div class=\"elementor-element elementor-element-3fc04b3 e-con-full e-flex e-con e-child\" data-id=\"3fc04b3\" data-element_type=\"container\" data-e-type=\"container\">\n\t\t\t\t<div class=\"elementor-element elementor-element-25c5eae wd-width-100 elementor-widget elementor-widget-wd_title\" data-id=\"25c5eae\" data-element_type=\"widget\" data-e-type=\"widget\" data-widget_type=\"wd_title.default\">\n\t\t\t\t<div class=\"elementor-widget-container\">\n\t\t\t\t\t\t\t<div class=\"title-wrapper wd-set-mb reset-last-child wd-title-color-default wd-title-style-default wd-title-size-default text-left\">\n\n\t\t\t\n\t\t\t<div class=\"liner-continer\">\n\t\t\t\t<h4 class=\"woodmart-title-container title wd-fontsize-l\"><\/h4> \n\t\t\t\t\t\t\t<\/div>\n\n\t\t\t\t\t\t\t<div class=\"title-after_title reset-last-child wd-fontsize-xs\">\n\t\t\t\t\t<p>As a Pelican business customer, we offer you several benefits. Among other things, you get a short notice period and it is free to scale your warehouse up or down according to your business needs. You have access to pallet lifters, waste containers, goods reception, parcel shipping with GLS, work tables with free coffee in our Pelican stores and the possibility of 24-hour access to your storage room* And we also have an unusually welcoming and service-minded staff who make sure to help you with big and small things in everyday life.<\/p>\t\t\t\t<\/div>\n\t\t\t\t\t<\/div>\n\t\t\t\t\t\t<\/div>\n\t\t\t\t<\/div>\n\t\t\t\t<\/div>\n\t\t\t\t<\/div>\n\t\t\t\t\t<\/div>\n\t\t\t\t<\/div>\n\t\t<div class=\"wd-negative-gap elementor-element elementor-element-f398d06 e-flex e-con-boxed e-con e-parent\" data-id=\"f398d06\" data-element_type=\"container\" data-e-type=\"container\">\n\t\t\t\t\t<div class=\"e-con-inner\">\n\t\t<div class=\"elementor-element elementor-element-0c53a8a e-con-full e-flex e-con e-child\" data-id=\"0c53a8a\" data-element_type=\"container\" data-e-type=\"container\" data-settings=\"{&quot;background_background&quot;:&quot;classic&quot;}\">\n\t\t<div class=\"elementor-element elementor-element-80f9acf e-con-full e-flex e-con e-child\" data-id=\"80f9acf\" data-element_type=\"container\" data-e-type=\"container\">\n\t\t\t\t<div class=\"elementor-element elementor-element-021f331 wd-width-100 elementor-widget elementor-widget-wd_title\" data-id=\"021f331\" data-element_type=\"widget\" data-e-type=\"widget\" data-widget_type=\"wd_title.default\">\n\t\t\t\t<div class=\"elementor-widget-container\">\n\t\t\t\t\t\t\t<div class=\"title-wrapper wd-set-mb reset-last-child wd-title-color-default wd-title-style-default wd-title-size-default text-left\">\n\n\t\t\t\n\t\t\t<div class=\"liner-continer\">\n\t\t\t\t<h4 class=\"woodmart-title-container title wd-fontsize-l\"><\/h4> \n\t\t\t\t\t\t\t<\/div>\n\n\t\t\t\t\t\t\t<div class=\"title-after_title reset-last-child wd-fontsize-xs\">\n\t\t\t\t\t<p>*Services mentioned are available at selected Pelican centers<\/p><p>Center with Showrooms:<\/p><ul><li><a href=\"https:\/\/pelican.dk\/opbevaring-koebenhavn\/amagerbro\">Amagerbro<\/a><\/li><li><a href=\"https:\/\/pelican.dk\/opbevaring-koebenhavn\/ellebjerg-valby\">Ellebjerg Valby<\/a><\/li><li><a href=\"https:\/\/pelican.dk\/opbevaring-koebenhavn\/gladsaxe\">Gladsaxe<\/a><\/li><\/ul>\t\t\t\t<\/div>\n\t\t\t\t\t<\/div>\n\t\t\t\t\t\t<\/div>\n\t\t\t\t<\/div>\n\t\t\t\t<\/div>\n\t\t\t\t<\/div>\n\t\t<div class=\"elementor-element elementor-element-91b4462 e-con-full e-flex e-con e-child\" data-id=\"91b4462\" data-element_type=\"container\" data-e-type=\"container\">\n\t\t\t\t<div class=\"elementor-element elementor-element-14302f0 elementor-widget elementor-widget-image\" data-id=\"14302f0\" data-element_type=\"widget\" data-e-type=\"widget\" data-widget_type=\"image.default\">\n\t\t\t\t<div class=\"elementor-widget-container\">\n\t\t\t\t\t\t\t\t\t\t\t\t\t\t\t<img decoding=\"async\" src=\"https:\/\/pelican.dk\/wp-content\/uploads\/2024\/09\/picweb_0.jpg\" title=\"picweb_0\" alt=\"Moderne kontor med glasv\u00e6g, bord og stole, samt lysende lamper i loftet, og en brandeovn,\" loading=\"lazy\" \/>\t\t\t\t\t\t\t\t\t\t\t\t\t\t\t<\/div>\n\t\t\t\t<\/div>\n\t\t\t\t<\/div>\n\t\t\t\t\t<\/div>\n\t\t\t\t<\/div>\n\t\t\t\t<\/div>\n\t\t","protected":false},"excerpt":{"rendered":"<p>With a showroom, you get the most flexible storage solution on the market. We&#8217;ve combined the traditional warehouse with the<\/p>\n","protected":false},"author":3,"featured_media":0,"parent":0,"menu_order":0,"comment_status":"closed","ping_status":"closed","template":"elementor_header_footer","meta":{"_acf_changed":false,"inline_featured_image":false,"_lmt_disableupdate":"","_lmt_disable":"","footnotes":""},"class_list":["post-4259","page","type-page","status-publish","hentry"],"acf":[],"yoast_head":"<title>Showroom - Workplace and storage solution in one | Pelican Self Storage<\/title>\n<meta name=\"robots\" content=\"index, follow, max-snippet:-1, max-image-preview:large, max-video-preview:-1\" \/>\n<link rel=\"canonical\" href=\"https:\/\/pelican.dk\/en\/showroom-workplace-and-storage-solution-in-one\/\" \/>\n<meta property=\"og:locale\" content=\"en_US\" \/>\n<meta property=\"og:type\" content=\"article\" \/>\n<meta property=\"og:title\" content=\"Showroom - Workplace and storage solution in one\" \/>\n<meta property=\"og:description\" content=\"With a showroom, you get the most flexible storage solution on the market. We&#8217;ve combined the traditional warehouse with the\" \/>\n<meta property=\"og:url\" content=\"https:\/\/pelican.dk\/en\/showroom-workplace-and-storage-solution-in-one\/\" \/>\n<meta property=\"og:site_name\" content=\"Pelican Self Storage\" \/>\n<meta property=\"article:publisher\" content=\"https:\/\/www.facebook.com\/PelicanSelfStorageDenmark\" \/>\n<meta property=\"article:modified_time\" content=\"2024-10-22T11:26:11+00:00\" \/>\n<meta property=\"og:image\" content=\"http:\/\/pelican.dk\/wp-content\/uploads\/2024\/09\/20170721_075741682_iOS-scaled.jpg\" \/>\n<meta name=\"twitter:card\" content=\"summary_large_image\" \/>\n<meta name=\"twitter:label1\" content=\"Est. reading time\" \/>\n\t<meta name=\"twitter:data1\" content=\"1 minute\" \/>\n<script type=\"application\/ld+json\" class=\"yoast-schema-graph\">{\"@context\":\"https:\/\/schema.org\",\"@graph\":[{\"@type\":\"WebPage\",\"@id\":\"https:\/\/pelican.dk\/en\/showroom-workplace-and-storage-solution-in-one\/\",\"url\":\"https:\/\/pelican.dk\/en\/showroom-workplace-and-storage-solution-in-one\/\",\"name\":\"Showroom - Workplace and storage solution in one | Pelican Self Storage\",\"isPartOf\":{\"@id\":\"https:\/\/pelican.dk\/en\/#website\"},\"primaryImageOfPage\":{\"@id\":\"https:\/\/pelican.dk\/en\/showroom-workplace-and-storage-solution-in-one\/#primaryimage\"},\"image\":{\"@id\":\"https:\/\/pelican.dk\/en\/showroom-workplace-and-storage-solution-in-one\/#primaryimage\"},\"thumbnailUrl\":\"http:\/\/pelican.dk\/wp-content\/uploads\/2024\/09\/20170721_075741682_iOS-scaled.jpg\",\"datePublished\":\"2024-09-30T11:01:32+00:00\",\"dateModified\":\"2024-10-22T11:26:11+00:00\",\"breadcrumb\":{\"@id\":\"https:\/\/pelican.dk\/en\/showroom-workplace-and-storage-solution-in-one\/#breadcrumb\"},\"inLanguage\":\"en-US\",\"potentialAction\":[{\"@type\":\"ReadAction\",\"target\":[\"https:\/\/pelican.dk\/en\/showroom-workplace-and-storage-solution-in-one\/\"]}]},{\"@type\":\"ImageObject\",\"inLanguage\":\"en-US\",\"@id\":\"https:\/\/pelican.dk\/en\/showroom-workplace-and-storage-solution-in-one\/#primaryimage\",\"url\":\"http:\/\/pelican.dk\/wp-content\/uploads\/2024\/09\/20170721_075741682_iOS-scaled.jpg\",\"contentUrl\":\"http:\/\/pelican.dk\/wp-content\/uploads\/2024\/09\/20170721_075741682_iOS-scaled.jpg\"},{\"@type\":\"BreadcrumbList\",\"@id\":\"https:\/\/pelican.dk\/en\/showroom-workplace-and-storage-solution-in-one\/#breadcrumb\",\"itemListElement\":[{\"@type\":\"ListItem\",\"position\":1,\"name\":\"Home\",\"item\":\"https:\/\/pelican.dk\/en\/\"},{\"@type\":\"ListItem\",\"position\":2,\"name\":\"Showroom &#8211; Workplace and storage solution in one\"}]},{\"@type\":\"WebSite\",\"@id\":\"https:\/\/pelican.dk\/en\/#website\",\"url\":\"https:\/\/pelican.dk\/en\/\",\"name\":\"Lej et sikkert opbevaringsrum\",\"description\":\"Lej et opbevaringsrum hos Pelican Self Storage. Billige priser \u2714 Centre i hele K\u00f8benhavn \u2714 Lagerrum i mange st\u00f8rrelser \u2714 L\u00e5n en gratis trailer \u2714\",\"potentialAction\":[{\"@type\":\"SearchAction\",\"target\":{\"@type\":\"EntryPoint\",\"urlTemplate\":\"https:\/\/pelican.dk\/en\/?s={search_term_string}\"},\"query-input\":{\"@type\":\"PropertyValueSpecification\",\"valueRequired\":true,\"valueName\":\"search_term_string\"}}],\"inLanguage\":\"en-US\"}]}<\/script>","yoast_head_json":{"title":"Showroom - Workplace and storage solution in one | Pelican Self Storage","robots":{"index":"index","follow":"follow","max-snippet":"max-snippet:-1","max-image-preview":"max-image-preview:large","max-video-preview":"max-video-preview:-1"},"canonical":"https:\/\/pelican.dk\/en\/showroom-workplace-and-storage-solution-in-one\/","og_locale":"en_US","og_type":"article","og_title":"Showroom - Workplace and storage solution in one","og_description":"With a showroom, you get the most flexible storage solution on the market. We&#8217;ve combined the traditional warehouse with the","og_url":"https:\/\/pelican.dk\/en\/showroom-workplace-and-storage-solution-in-one\/","og_site_name":"Pelican Self Storage","article_publisher":"https:\/\/www.facebook.com\/PelicanSelfStorageDenmark","article_modified_time":"2024-10-22T11:26:11+00:00","og_image":[{"url":"http:\/\/pelican.dk\/wp-content\/uploads\/2024\/09\/20170721_075741682_iOS-scaled.jpg","type":"","width":"","height":""}],"twitter_card":"summary_large_image","twitter_misc":{"Est. reading time":"1 minute"},"schema":{"@context":"https:\/\/schema.org","@graph":[{"@type":"WebPage","@id":"https:\/\/pelican.dk\/en\/showroom-workplace-and-storage-solution-in-one\/","url":"https:\/\/pelican.dk\/en\/showroom-workplace-and-storage-solution-in-one\/","name":"Showroom - Workplace and storage solution in one | Pelican Self Storage","isPartOf":{"@id":"https:\/\/pelican.dk\/en\/#website"},"primaryImageOfPage":{"@id":"https:\/\/pelican.dk\/en\/showroom-workplace-and-storage-solution-in-one\/#primaryimage"},"image":{"@id":"https:\/\/pelican.dk\/en\/showroom-workplace-and-storage-solution-in-one\/#primaryimage"},"thumbnailUrl":"http:\/\/pelican.dk\/wp-content\/uploads\/2024\/09\/20170721_075741682_iOS-scaled.jpg","datePublished":"2024-09-30T11:01:32+00:00","dateModified":"2024-10-22T11:26:11+00:00","breadcrumb":{"@id":"https:\/\/pelican.dk\/en\/showroom-workplace-and-storage-solution-in-one\/#breadcrumb"},"inLanguage":"en-US","potentialAction":[{"@type":"ReadAction","target":["https:\/\/pelican.dk\/en\/showroom-workplace-and-storage-solution-in-one\/"]}]},{"@type":"ImageObject","inLanguage":"en-US","@id":"https:\/\/pelican.dk\/en\/showroom-workplace-and-storage-solution-in-one\/#primaryimage","url":"http:\/\/pelican.dk\/wp-content\/uploads\/2024\/09\/20170721_075741682_iOS-scaled.jpg","contentUrl":"http:\/\/pelican.dk\/wp-content\/uploads\/2024\/09\/20170721_075741682_iOS-scaled.jpg"},{"@type":"BreadcrumbList","@id":"https:\/\/pelican.dk\/en\/showroom-workplace-and-storage-solution-in-one\/#breadcrumb","itemListElement":[{"@type":"ListItem","position":1,"name":"Home","item":"https:\/\/pelican.dk\/en\/"},{"@type":"ListItem","position":2,"name":"Showroom &#8211; Workplace and storage solution in one"}]},{"@type":"WebSite","@id":"https:\/\/pelican.dk\/en\/#website","url":"https:\/\/pelican.dk\/en\/","name":"Lej et sikkert opbevaringsrum","description":"Lej et opbevaringsrum hos Pelican Self Storage. Billige priser \u2714 Centre i hele K\u00f8benhavn \u2714 Lagerrum i mange st\u00f8rrelser \u2714 L\u00e5n en gratis trailer \u2714","potentialAction":[{"@type":"SearchAction","target":{"@type":"EntryPoint","urlTemplate":"https:\/\/pelican.dk\/en\/?s={search_term_string}"},"query-input":{"@type":"PropertyValueSpecification","valueRequired":true,"valueName":"search_term_string"}}],"inLanguage":"en-US"}]}},"_links":{"self":[{"href":"https:\/\/pelican.dk\/en\/wp-json\/wp\/v2\/pages\/4259","targetHints":{"allow":["GET"]}}],"collection":[{"href":"https:\/\/pelican.dk\/en\/wp-json\/wp\/v2\/pages"}],"about":[{"href":"https:\/\/pelican.dk\/en\/wp-json\/wp\/v2\/types\/page"}],"author":[{"embeddable":true,"href":"https:\/\/pelican.dk\/en\/wp-json\/wp\/v2\/users\/3"}],"replies":[{"embeddable":true,"href":"https:\/\/pelican.dk\/en\/wp-json\/wp\/v2\/comments?post=4259"}],"version-history":[{"count":2,"href":"https:\/\/pelican.dk\/en\/wp-json\/wp\/v2\/pages\/4259\/revisions"}],"predecessor-version":[{"id":6576,"href":"https:\/\/pelican.dk\/en\/wp-json\/wp\/v2\/pages\/4259\/revisions\/6576"}],"wp:attachment":[{"href":"https:\/\/pelican.dk\/en\/wp-json\/wp\/v2\/media?parent=4259"}],"curies":[{"name":"wp","href":"https:\/\/api.w.org\/{rel}","templated":true}]}}