{"id":4059,"date":"2024-10-01T13:53:49","date_gmt":"2024-10-01T11:53:49","guid":{"rendered":"https:\/\/pelican.dk\/organize-your-home-in-just-30-days\/"},"modified":"2024-10-22T13:09:16","modified_gmt":"2024-10-22T11:09:16","slug":"organize-your-home-in-just-30-days","status":"publish","type":"page","link":"https:\/\/pelican.dk\/en\/organize-your-home-in-just-30-days\/","title":{"rendered":"Organize your home in just 30 days"},"content":{"rendered":"\t\t<div data-elementor-type=\"wp-page\" data-elementor-id=\"4059\" class=\"elementor elementor-4059 elementor-3447\" data-elementor-post-type=\"page\">\n\t\t\t\t<div class=\"wd-negative-gap elementor-element elementor-element-20af1fa9 e-flex e-con-boxed e-con e-parent\" data-id=\"20af1fa9\" data-element_type=\"container\" data-e-type=\"container\">\n\t\t\t\t\t<div class=\"e-con-inner\">\n\t\t<div class=\"elementor-element elementor-element-3aaf92c0 e-con-full e-flex e-con e-child\" data-id=\"3aaf92c0\" data-element_type=\"container\" data-e-type=\"container\">\n\t\t\t\t<div class=\"elementor-element elementor-element-739be318 elementor-widget elementor-widget-image\" data-id=\"739be318\" data-element_type=\"widget\" data-e-type=\"widget\" data-widget_type=\"image.default\">\n\t\t\t\t<div class=\"elementor-widget-container\">\n\t\t\t\t\t\t\t\t\t\t\t\t\t\t\t<img decoding=\"async\" src=\"https:\/\/pelican.dk\/wp-content\/uploads\/2024\/10\/iStock-928287818-scaled.jpg\" title=\"Woman horrified by mess left after party in her apartment, cleaning service\" alt=\"Person i jeans og hvide sokker st\u00e5r i rodet v\u00e6relse med reng\u00f8ringsspand, t\u00f8j p\u00e5 gulvet og en halv spist \u00e6ble.\" loading=\"lazy\" \/>\t\t\t\t\t\t\t\t\t\t\t\t\t\t\t<\/div>\n\t\t\t\t<\/div>\n\t\t\t\t<\/div>\n\t\t<div class=\"elementor-element elementor-element-22f79ccf e-con-full e-flex e-con e-child\" data-id=\"22f79ccf\" data-element_type=\"container\" data-e-type=\"container\" data-settings=\"{&quot;background_background&quot;:&quot;classic&quot;}\">\n\t\t<div class=\"elementor-element elementor-element-1f9dc193 e-con-full e-flex e-con e-child\" data-id=\"1f9dc193\" data-element_type=\"container\" data-e-type=\"container\">\n\t\t\t\t<div class=\"elementor-element elementor-element-39531b3e wd-width-100 elementor-widget elementor-widget-wd_title\" data-id=\"39531b3e\" data-element_type=\"widget\" data-e-type=\"widget\" data-widget_type=\"wd_title.default\">\n\t\t\t\t<div class=\"elementor-widget-container\">\n\t\t\t\t\t\t\t<div class=\"title-wrapper wd-set-mb reset-last-child wd-title-color-default wd-title-style-default wd-title-size-default text-left\">\n\n\t\t\t\n\t\t\t<div class=\"liner-continer\">\n\t\t\t\t<h4 class=\"woodmart-title-container title wd-fontsize-l\">Organize your home in just 30 days - are you up for the challenge?<\/h4> \n\t\t\t\t\t\t\t<\/div>\n\n\t\t\t\t\t\t\t<div class=\"title-after_title reset-last-child wd-fontsize-xs\">\n\t\t\t\t\t<p>Organizing your entire home at once can seem like a daunting project. However, you can take it easy. With the help of American professional organizer Ellen Delap, we've tailored a month-long daily to-do list that will make it easier for you to organize your home and make everyday life work better than before.  <\/p>\t\t\t\t<\/div>\n\t\t\t\t\t<\/div>\n\t\t\t\t\t\t<\/div>\n\t\t\t\t<\/div>\n\t\t\t\t<\/div>\n\t\t\t\t<\/div>\n\t\t\t\t\t<\/div>\n\t\t\t\t<\/div>\n\t\t<div class=\"wd-negative-gap elementor-element elementor-element-d22b8ee e-flex e-con-boxed e-con e-parent\" data-id=\"d22b8ee\" data-element_type=\"container\" data-e-type=\"container\">\n\t\t\t\t\t<div class=\"e-con-inner\">\n\t\t\t\t<div class=\"elementor-element elementor-element-7bd3860 elementor-widget elementor-widget-wd_text_block\" data-id=\"7bd3860\" data-element_type=\"widget\" data-e-type=\"widget\" data-widget_type=\"wd_text_block.default\">\n\t\t\t\t<div class=\"elementor-widget-container\">\n\t\t\t\t\t\t\t<div class=\"wd-text-block reset-last-child text-left\">\n\t\t\t\n\t\t\t<p>Remember, instead of selling, donating, recycling or throwing away your stuff, you can choose to store the most important things that seem useless at the moment. A less organized <a href=\"https:\/\/pelican.dk\/lej-et-lille-opbevaringsrum-og-faa-store-fordele\/\">storage unit<\/a> works well as an extended part of the home. <\/p><p>Day 1: Set goals<br>Think about your goals and what you want to achieve once your home is organized. Write down your goals and note the daily tasks in your calendar so you remember what you need to do every single day. That way, you'll easily and steadily move towards your goals.  <\/p><p>Day 2: Surfaces filled with random objects<br>Spend a day going through the different surfaces in your apartment including kitchen tables, coffee tables and bookshelves. They magnetize a wide variety of different objects that either have their own place or belong in the trash or recycling. <\/p><p><b>Kitchen<\/b><br>Day 3: Food<br>Day 4: Fridge<br>Day 5: Freezer<br>Day 6: Glasses, mugs, plates, cutlery<br>Day 7: Food preparation, serving and utensil storage<br>Day 8: Small supplies (bottles and can openers) and small machines<br>Day 9: Drawers and cabinets for \"random\" items<br>Day 10: Sink with base cabinet<\/p><p><b>Wardrobe<\/b><br>Day 11: Clothing<br>Day 12: Outdoor clothing and accessories<br>Day 13: Hanging clothes<br>Day 14: Shoes<br>Day 15: Bags, backpacks and suitcases<br>Day 16: Accessories such as belts, scarves, ties, hats and jewelry<br>Day 17: Bed linen, towels and decorative items<\/p><p><b>Random<\/b><br>Day 18: Bathroom mirror cabinet<br>Day 19: Cosmetics, skincare and hygiene products<br>Day 20: Washer, dryer and laundry room<br>Day 21: Medicine cabinet<\/p><p><b>Random<\/b><br>Day 22: Papers, tickets and notes<br>Day 23: Cleaning cabinet<br>Day 24: Cabinets and drawers in the hallway<br>Day 25: Books and bookshelves<br>Day 26: Old electronic devices<br>Day 27: Children's clothes<br>Day 28: Toys and other items<br>Day 29: Drawers in the bedroom<br>Day 30: Cabinets and drawers in living and dining room<\/p><p>Use Pelican for <a href=\"https:\/\/pelican.dk\/lej-et-lille-opbevaringsrum-og-faa-store-fordele\/\">storage<\/a><br>Interested in learning more about our storage solutions? <a href=\"https:\/\/pelican.dk\/kontakt-os\/\">Then get in touch with us!<\/a><\/p>\n\t\t\t\t\t<\/div>\n\t\t\t\t\t\t<\/div>\n\t\t\t\t<\/div>\n\t\t\t\t\t<\/div>\n\t\t\t\t<\/div>\n\t\t\t\t<\/div>\n\t\t","protected":false},"excerpt":{"rendered":"<p>Organize your home in just 30 days &#8211; are you up for the challenge? Organizing your entire home at once<\/p>\n","protected":false},"author":3,"featured_media":0,"parent":0,"menu_order":0,"comment_status":"closed","ping_status":"closed","template":"elementor_header_footer","meta":{"_acf_changed":false,"inline_featured_image":false,"_lmt_disableupdate":"","_lmt_disable":"","footnotes":""},"class_list":["post-4059","page","type-page","status-publish","hentry"],"acf":[],"yoast_head":"<title>Organize your home in just 30 days | Pelican Self Storage<\/title>\n<meta name=\"robots\" content=\"index, follow, max-snippet:-1, max-image-preview:large, max-video-preview:-1\" \/>\n<link rel=\"canonical\" href=\"https:\/\/pelican.dk\/en\/organize-your-home-in-just-30-days\/\" \/>\n<meta property=\"og:locale\" content=\"en_US\" \/>\n<meta property=\"og:type\" content=\"article\" \/>\n<meta property=\"og:title\" content=\"Organize your home in just 30 days\" \/>\n<meta property=\"og:description\" content=\"Organize your home in just 30 days &#8211; are you up for the challenge? Organizing your entire home at once\" \/>\n<meta property=\"og:url\" content=\"https:\/\/pelican.dk\/en\/organize-your-home-in-just-30-days\/\" \/>\n<meta property=\"og:site_name\" content=\"Pelican Self Storage\" \/>\n<meta property=\"article:publisher\" content=\"https:\/\/www.facebook.com\/PelicanSelfStorageDenmark\" \/>\n<meta property=\"article:modified_time\" content=\"2024-10-22T11:09:16+00:00\" \/>\n<meta property=\"og:image\" content=\"http:\/\/pelican.dk\/wp-content\/uploads\/2024\/10\/iStock-928287818-scaled.jpg\" \/>\n<meta name=\"twitter:card\" content=\"summary_large_image\" \/>\n<meta name=\"twitter:label1\" content=\"Est. reading time\" \/>\n\t<meta name=\"twitter:data1\" content=\"2 minutes\" \/>\n<script type=\"application\/ld+json\" class=\"yoast-schema-graph\">{\"@context\":\"https:\/\/schema.org\",\"@graph\":[{\"@type\":\"WebPage\",\"@id\":\"https:\/\/pelican.dk\/en\/organize-your-home-in-just-30-days\/\",\"url\":\"https:\/\/pelican.dk\/en\/organize-your-home-in-just-30-days\/\",\"name\":\"Organize your home in just 30 days | Pelican Self Storage\",\"isPartOf\":{\"@id\":\"https:\/\/pelican.dk\/en\/#website\"},\"primaryImageOfPage\":{\"@id\":\"https:\/\/pelican.dk\/en\/organize-your-home-in-just-30-days\/#primaryimage\"},\"image\":{\"@id\":\"https:\/\/pelican.dk\/en\/organize-your-home-in-just-30-days\/#primaryimage\"},\"thumbnailUrl\":\"http:\/\/pelican.dk\/wp-content\/uploads\/2024\/10\/iStock-928287818-scaled.jpg\",\"datePublished\":\"2024-10-01T11:53:49+00:00\",\"dateModified\":\"2024-10-22T11:09:16+00:00\",\"breadcrumb\":{\"@id\":\"https:\/\/pelican.dk\/en\/organize-your-home-in-just-30-days\/#breadcrumb\"},\"inLanguage\":\"en-US\",\"potentialAction\":[{\"@type\":\"ReadAction\",\"target\":[\"https:\/\/pelican.dk\/en\/organize-your-home-in-just-30-days\/\"]}]},{\"@type\":\"ImageObject\",\"inLanguage\":\"en-US\",\"@id\":\"https:\/\/pelican.dk\/en\/organize-your-home-in-just-30-days\/#primaryimage\",\"url\":\"http:\/\/pelican.dk\/wp-content\/uploads\/2024\/10\/iStock-928287818-scaled.jpg\",\"contentUrl\":\"http:\/\/pelican.dk\/wp-content\/uploads\/2024\/10\/iStock-928287818-scaled.jpg\"},{\"@type\":\"BreadcrumbList\",\"@id\":\"https:\/\/pelican.dk\/en\/organize-your-home-in-just-30-days\/#breadcrumb\",\"itemListElement\":[{\"@type\":\"ListItem\",\"position\":1,\"name\":\"Home\",\"item\":\"https:\/\/pelican.dk\/en\/\"},{\"@type\":\"ListItem\",\"position\":2,\"name\":\"Organize your home in just 30 days\"}]},{\"@type\":\"WebSite\",\"@id\":\"https:\/\/pelican.dk\/en\/#website\",\"url\":\"https:\/\/pelican.dk\/en\/\",\"name\":\"Lej et sikkert opbevaringsrum\",\"description\":\"Lej et opbevaringsrum hos Pelican Self Storage. Billige priser \u2714 Centre i hele K\u00f8benhavn \u2714 Lagerrum i mange st\u00f8rrelser \u2714 L\u00e5n en gratis trailer \u2714\",\"potentialAction\":[{\"@type\":\"SearchAction\",\"target\":{\"@type\":\"EntryPoint\",\"urlTemplate\":\"https:\/\/pelican.dk\/en\/?s={search_term_string}\"},\"query-input\":{\"@type\":\"PropertyValueSpecification\",\"valueRequired\":true,\"valueName\":\"search_term_string\"}}],\"inLanguage\":\"en-US\"}]}<\/script>","yoast_head_json":{"title":"Organize your home in just 30 days | Pelican Self Storage","robots":{"index":"index","follow":"follow","max-snippet":"max-snippet:-1","max-image-preview":"max-image-preview:large","max-video-preview":"max-video-preview:-1"},"canonical":"https:\/\/pelican.dk\/en\/organize-your-home-in-just-30-days\/","og_locale":"en_US","og_type":"article","og_title":"Organize your home in just 30 days","og_description":"Organize your home in just 30 days &#8211; are you up for the challenge? Organizing your entire home at once","og_url":"https:\/\/pelican.dk\/en\/organize-your-home-in-just-30-days\/","og_site_name":"Pelican Self Storage","article_publisher":"https:\/\/www.facebook.com\/PelicanSelfStorageDenmark","article_modified_time":"2024-10-22T11:09:16+00:00","og_image":[{"url":"http:\/\/pelican.dk\/wp-content\/uploads\/2024\/10\/iStock-928287818-scaled.jpg","type":"","width":"","height":""}],"twitter_card":"summary_large_image","twitter_misc":{"Est. reading time":"2 minutes"},"schema":{"@context":"https:\/\/schema.org","@graph":[{"@type":"WebPage","@id":"https:\/\/pelican.dk\/en\/organize-your-home-in-just-30-days\/","url":"https:\/\/pelican.dk\/en\/organize-your-home-in-just-30-days\/","name":"Organize your home in just 30 days | Pelican Self Storage","isPartOf":{"@id":"https:\/\/pelican.dk\/en\/#website"},"primaryImageOfPage":{"@id":"https:\/\/pelican.dk\/en\/organize-your-home-in-just-30-days\/#primaryimage"},"image":{"@id":"https:\/\/pelican.dk\/en\/organize-your-home-in-just-30-days\/#primaryimage"},"thumbnailUrl":"http:\/\/pelican.dk\/wp-content\/uploads\/2024\/10\/iStock-928287818-scaled.jpg","datePublished":"2024-10-01T11:53:49+00:00","dateModified":"2024-10-22T11:09:16+00:00","breadcrumb":{"@id":"https:\/\/pelican.dk\/en\/organize-your-home-in-just-30-days\/#breadcrumb"},"inLanguage":"en-US","potentialAction":[{"@type":"ReadAction","target":["https:\/\/pelican.dk\/en\/organize-your-home-in-just-30-days\/"]}]},{"@type":"ImageObject","inLanguage":"en-US","@id":"https:\/\/pelican.dk\/en\/organize-your-home-in-just-30-days\/#primaryimage","url":"http:\/\/pelican.dk\/wp-content\/uploads\/2024\/10\/iStock-928287818-scaled.jpg","contentUrl":"http:\/\/pelican.dk\/wp-content\/uploads\/2024\/10\/iStock-928287818-scaled.jpg"},{"@type":"BreadcrumbList","@id":"https:\/\/pelican.dk\/en\/organize-your-home-in-just-30-days\/#breadcrumb","itemListElement":[{"@type":"ListItem","position":1,"name":"Home","item":"https:\/\/pelican.dk\/en\/"},{"@type":"ListItem","position":2,"name":"Organize your home in just 30 days"}]},{"@type":"WebSite","@id":"https:\/\/pelican.dk\/en\/#website","url":"https:\/\/pelican.dk\/en\/","name":"Lej et sikkert opbevaringsrum","description":"Lej et opbevaringsrum hos Pelican Self Storage. Billige priser \u2714 Centre i hele K\u00f8benhavn \u2714 Lagerrum i mange st\u00f8rrelser \u2714 L\u00e5n en gratis trailer \u2714","potentialAction":[{"@type":"SearchAction","target":{"@type":"EntryPoint","urlTemplate":"https:\/\/pelican.dk\/en\/?s={search_term_string}"},"query-input":{"@type":"PropertyValueSpecification","valueRequired":true,"valueName":"search_term_string"}}],"inLanguage":"en-US"}]}},"_links":{"self":[{"href":"https:\/\/pelican.dk\/en\/wp-json\/wp\/v2\/pages\/4059","targetHints":{"allow":["GET"]}}],"collection":[{"href":"https:\/\/pelican.dk\/en\/wp-json\/wp\/v2\/pages"}],"about":[{"href":"https:\/\/pelican.dk\/en\/wp-json\/wp\/v2\/types\/page"}],"author":[{"embeddable":true,"href":"https:\/\/pelican.dk\/en\/wp-json\/wp\/v2\/users\/3"}],"replies":[{"embeddable":true,"href":"https:\/\/pelican.dk\/en\/wp-json\/wp\/v2\/comments?post=4059"}],"version-history":[{"count":2,"href":"https:\/\/pelican.dk\/en\/wp-json\/wp\/v2\/pages\/4059\/revisions"}],"predecessor-version":[{"id":6554,"href":"https:\/\/pelican.dk\/en\/wp-json\/wp\/v2\/pages\/4059\/revisions\/6554"}],"wp:attachment":[{"href":"https:\/\/pelican.dk\/en\/wp-json\/wp\/v2\/media?parent=4059"}],"curies":[{"name":"wp","href":"https:\/\/api.w.org\/{rel}","templated":true}]}}