{"id":4057,"date":"2024-10-02T15:29:41","date_gmt":"2024-10-02T13:29:41","guid":{"rendered":"https:\/\/pelican.dk\/the-garage-doesnt-have-to-be-a-mess\/"},"modified":"2024-10-07T13:12:33","modified_gmt":"2024-10-07T11:12:33","slug":"the-garage-doesnt-have-to-be-a-mess","status":"publish","type":"page","link":"https:\/\/pelican.dk\/en\/the-garage-doesnt-have-to-be-a-mess\/","title":{"rendered":"The garage doesn&#8217;t have to be a mess"},"content":{"rendered":"\t\t<div data-elementor-type=\"wp-page\" data-elementor-id=\"4057\" class=\"elementor elementor-4057 elementor-3429\" data-elementor-post-type=\"page\">\n\t\t\t\t<div class=\"wd-negative-gap elementor-element elementor-element-20af1fa9 e-flex e-con-boxed e-con e-parent\" data-id=\"20af1fa9\" data-element_type=\"container\" data-e-type=\"container\">\n\t\t\t\t\t<div class=\"e-con-inner\">\n\t\t<div class=\"elementor-element elementor-element-3aaf92c0 e-con-full e-flex e-con e-child\" data-id=\"3aaf92c0\" data-element_type=\"container\" data-e-type=\"container\">\n\t\t\t\t<div class=\"elementor-element elementor-element-739be318 elementor-widget elementor-widget-image\" data-id=\"739be318\" data-element_type=\"widget\" data-e-type=\"widget\" data-widget_type=\"image.default\">\n\t\t\t\t<div class=\"elementor-widget-container\">\n\t\t\t\t\t\t\t\t\t\t\t\t\t\t\t<img decoding=\"async\" src=\"https:\/\/pelican.dk\/wp-content\/uploads\/2024\/10\/clutter-drill-equipments-115558.jpg\" title=\"clutter-drill-equipments-115558\" alt=\"Slidt v\u00e6rksted med murstensv\u00e6g, arbejdsbord og boremaskine omgivet af v\u00e6rkt\u00f8j, d\u00e5ser og flasker.\" loading=\"lazy\" \/>\t\t\t\t\t\t\t\t\t\t\t\t\t\t\t<\/div>\n\t\t\t\t<\/div>\n\t\t\t\t<\/div>\n\t\t<div class=\"elementor-element elementor-element-22f79ccf e-con-full e-flex e-con e-child\" data-id=\"22f79ccf\" data-element_type=\"container\" data-e-type=\"container\" data-settings=\"{&quot;background_background&quot;:&quot;classic&quot;}\">\n\t\t<div class=\"elementor-element elementor-element-1f9dc193 e-con-full e-flex e-con e-child\" data-id=\"1f9dc193\" data-element_type=\"container\" data-e-type=\"container\">\n\t\t\t\t<div class=\"elementor-element elementor-element-39531b3e wd-width-100 elementor-widget elementor-widget-wd_title\" data-id=\"39531b3e\" data-element_type=\"widget\" data-e-type=\"widget\" data-widget_type=\"wd_title.default\">\n\t\t\t\t<div class=\"elementor-widget-container\">\n\t\t\t\t\t\t\t<div class=\"title-wrapper wd-set-mb reset-last-child wd-title-color-default wd-title-style-default wd-title-size-default text-left\">\n\n\t\t\t\n\t\t\t<div class=\"liner-continer\">\n\t\t\t\t<h4 class=\"woodmart-title-container title wd-fontsize-l\">The garage doesn't have to be a mess - Follow these tips for a practical storage space<\/h4> \n\t\t\t\t\t\t\t<\/div>\n\n\t\t\t\t\t<\/div>\n\t\t\t\t\t\t<\/div>\n\t\t\t\t<\/div>\n\t\t\t\t<div class=\"elementor-element elementor-element-776dc1bc elementor-widget elementor-widget-button\" data-id=\"776dc1bc\" data-element_type=\"widget\" data-e-type=\"widget\" data-widget_type=\"button.default\">\n\t\t\t\t<div class=\"elementor-widget-container\">\n\t\t\t\t\t\t\t\t\t<div class=\"elementor-button-wrapper\">\n\t\t\t\t\t<a class=\"elementor-button elementor-button-link elementor-size-sm\" href=\"https:\/\/pelican.dk\/flyttetilbehoer\/\">\n\t\t\t\t\t\t<span class=\"elementor-button-content-wrapper\">\n\t\t\t\t\t\t\t\t\t<span class=\"elementor-button-text\">Order moving accessories<\/span>\n\t\t\t\t\t<\/span>\n\t\t\t\t\t<\/a>\n\t\t\t\t<\/div>\n\t\t\t\t\t\t\t\t<\/div>\n\t\t\t\t<\/div>\n\t\t\t\t<\/div>\n\t\t\t\t<\/div>\n\t\t\t\t\t<\/div>\n\t\t\t\t<\/div>\n\t\t<div class=\"wd-negative-gap elementor-element elementor-element-d22b8ee e-flex e-con-boxed e-con e-parent\" data-id=\"d22b8ee\" data-element_type=\"container\" data-e-type=\"container\">\n\t\t\t\t\t<div class=\"e-con-inner\">\n\t\t\t\t<div class=\"elementor-element elementor-element-7bd3860 elementor-widget elementor-widget-wd_text_block\" data-id=\"7bd3860\" data-element_type=\"widget\" data-e-type=\"widget\" data-widget_type=\"wd_text_block.default\">\n\t\t\t\t<div class=\"elementor-widget-container\">\n\t\t\t\t\t\t\t<div class=\"wd-text-block reset-last-child text-left\">\n\t\t\t\n\t\t\t<p>Reserve at least a whole day, or preferably a whole weekend, for this project so you can complete it in full.<br \/>\nLooking for something important among random boxes, falling piles and dusty items can be frustrating.<br \/>\nIn a tidy garage, you'll instantly find everything you're looking for without getting annoyed or stressed.<br \/>\nIf you don't have room for all your stuff, remember that you can always reserve a <a href=\"https:\/\/pelican.dk\/lej-et-lille-opbevaringsrum-og-faa-store-fordele\/\">storage unit<\/a> at Pelican.   <\/p>\n<p><b>Avoid these mistakes:<\/b><br \/><i><\/i><\/p>\n<ul>\n<li><i>Start without a plan.<\/i>  Think about how the garage or storage room will be most practical in the future.<br \/>\nGoing through things without mental preparation doesn't always give the best results. <\/li>\n<li><i>Sort items into random piles and boxes.<\/i>  When you store things on shelves, racks, hooks and marked boxes, they are easier to find and use.<\/li>\n<li><i>Take care of the things you intend to sell, reuse or discard eventually.<\/i>  Things can end up sitting in the garage for years, leaving you with less space to work with.<\/li>\n<li><i>Get rid of the things you can still use.<\/i>  You may still need them even if you haven't used them for a while.<\/li>\n<li><i>Take broken items that need repairing into storage to wait for better times.<\/i>  Think about whether you have or will have the time and energy for a repair.<\/li>\n<li><i>Being too optimistic.<\/i>  If the garage or storage is completely full and you don't get rid of anything but just move things around, the result is the same as when you started.<br \/>\nThe space is still not practical and cramped, and after the cleanup project you don't enjoy the results of your work. <\/li>\n<\/ul>\n<p><b>You will succeed with these tips:<\/b><\/p>\n<ul>\n<li>Take a critical look at the room you need to declutter before you start the project.<br \/>\nCheck if you are utilizing the wall space efficiently.<br \/>\nThink about whether you need to add more shelves, hooks, storage boxes, labeling pins, toolboxes or sturdy cardboard boxes.  <\/li>\n<li>Assess whether the stored items are well wrapped as they are, or if it will be necessary to get bubble packs, bags or protective plastic.<\/li>\n<\/ul>\n<p><b>Get packaging knowledge and find a storage facility near you<br \/><\/b><\/p>\n<ul>\n<li>Pay attention to your shelves and how they are attached to the wall so they can carry heavy objects if needed.<\/li>\n<li>Check for signs of pests.<br \/>\nAt Pelican, you can store your belongings safely.<br \/>\nYou don't have to worry about pests, the changing weather or dust and dirt coming from outside.  <\/li>\n<li>Assess whether the lighting in the room is sufficient.<br \/>\nIf extra lighting is needed and you have the means to provide it yourself, purchase the lamps before you start the project. <\/li>\n<li>Find the location and opening hours of recycling centers.<br \/>\nAssess whether you can transport your items with a car or if you need a trailer.<br \/>\nYou can also make a post about the items you want to discard on various recycling groups on Facebook.<br \/>\nOne person's trash can easily be another person's treasure.   <\/li>\n<li>Take things out of storage and sort them depending on what you need to do with them.<br \/>\nThink about which items should be saved, sold or donated and which items you should take to the recycling center or store somewhere else. <\/li>\n<li>The items you need to store can also be divided into piles depending on what you need them for.<br \/>\nSort tools and sports equipment into separate piles. <\/li>\n<li>When the room is empty, you can vacuum and sweep the floor.<br \/>\nDepending on the floor material, you can also wash the floor with a little water.<br \/>\nIf there is a window, it should also be cleaned.<br \/>\nThis makes the room appear larger, brighter and lighter when light comes through the window.   <\/li>\n<li>Once things are out, think about which items are used the most and store them as close to the door as possible.<br \/>\nInstall the storage units that are needed and put things in their places. <\/li>\n<li>Make the most of wall space.<br \/>\nFree up some space from tables by installing hooks and rows on the wall.<br \/>\nHere you can later hang the tools you use the most.<br \/>\nYou can also install magnetic rows on the wall, which allows you to attach even more tools at once.   <\/li>\n<li>Items that you don't use often should be placed on the back wall or in the upper parts of the room, for example.<br \/>\nThe upper part of the room is a good place to store long or short items such as skis or ladders.<br \/>\nMake sure there's always a ladder or something sturdy, like an elephant's foot, in the room so you can reach the items placed at the top.  <\/li>\n<li>When you put the items back in their places, examine each item carefully one more time, even if it will take some extra time.<br \/>\nThere's no need to put useless items back. <\/li>\n<li>If, during your cleanup project, you realize that some important equipment is still needed despite careful planning - for example, extra boxes or hooks are needed, you should mark it immediately so you don't forget it.<\/li>\n<li>Once the cleanup project is complete, you can enjoy the tidy result of your work.<br \/>\nTake a look around the room and give yourself a pat on the back. <\/li>\n<\/ul>\n\n\t\t\t\t\t<\/div>\n\t\t\t\t\t\t<\/div>\n\t\t\t\t<\/div>\n\t\t\t\t\t<\/div>\n\t\t\t\t<\/div>\n\t\t\t\t<\/div>\n\t\t","protected":false},"excerpt":{"rendered":"<p>The garage doesn&#8217;t have to be a mess &#8211; Follow these tips for a practical storage space Order moving accessories<\/p>\n","protected":false},"author":3,"featured_media":0,"parent":0,"menu_order":0,"comment_status":"closed","ping_status":"closed","template":"elementor_header_footer","meta":{"_acf_changed":false,"inline_featured_image":false,"_lmt_disableupdate":"","_lmt_disable":"","footnotes":""},"class_list":["post-4057","page","type-page","status-publish","hentry"],"acf":[],"yoast_head":"<title>The garage doesn&#039;t have to be a mess | Pelican Self Storage<\/title>\n<meta name=\"robots\" content=\"index, follow, max-snippet:-1, max-image-preview:large, max-video-preview:-1\" \/>\n<link rel=\"canonical\" href=\"https:\/\/pelican.dk\/en\/the-garage-doesnt-have-to-be-a-mess\/\" \/>\n<meta property=\"og:locale\" content=\"en_US\" \/>\n<meta property=\"og:type\" content=\"article\" \/>\n<meta property=\"og:title\" content=\"The garage doesn&#039;t have to be a mess\" \/>\n<meta property=\"og:description\" content=\"The garage doesn&#8217;t have to be a mess &#8211; Follow these tips for a practical storage space Order moving accessories\" \/>\n<meta property=\"og:url\" content=\"https:\/\/pelican.dk\/en\/the-garage-doesnt-have-to-be-a-mess\/\" \/>\n<meta property=\"og:site_name\" content=\"Pelican Self Storage\" \/>\n<meta property=\"article:publisher\" content=\"https:\/\/www.facebook.com\/PelicanSelfStorageDenmark\" \/>\n<meta property=\"article:modified_time\" content=\"2024-10-07T11:12:33+00:00\" \/>\n<meta property=\"og:image\" content=\"https:\/\/pelican.dk\/wp-content\/uploads\/2024\/10\/clutter-drill-equipments-115558.jpg\" \/>\n<meta name=\"twitter:card\" content=\"summary_large_image\" \/>\n<meta name=\"twitter:label1\" content=\"Est. reading time\" \/>\n\t<meta name=\"twitter:data1\" content=\"4 minutes\" \/>\n<script type=\"application\/ld+json\" class=\"yoast-schema-graph\">{\"@context\":\"https:\/\/schema.org\",\"@graph\":[{\"@type\":\"WebPage\",\"@id\":\"https:\/\/pelican.dk\/en\/the-garage-doesnt-have-to-be-a-mess\/\",\"url\":\"https:\/\/pelican.dk\/en\/the-garage-doesnt-have-to-be-a-mess\/\",\"name\":\"The garage doesn't have to be a mess | Pelican Self Storage\",\"isPartOf\":{\"@id\":\"https:\/\/pelican.dk\/en\/#website\"},\"primaryImageOfPage\":{\"@id\":\"https:\/\/pelican.dk\/en\/the-garage-doesnt-have-to-be-a-mess\/#primaryimage\"},\"image\":{\"@id\":\"https:\/\/pelican.dk\/en\/the-garage-doesnt-have-to-be-a-mess\/#primaryimage\"},\"thumbnailUrl\":\"https:\/\/pelican.dk\/wp-content\/uploads\/2024\/10\/clutter-drill-equipments-115558.jpg\",\"datePublished\":\"2024-10-02T13:29:41+00:00\",\"dateModified\":\"2024-10-07T11:12:33+00:00\",\"breadcrumb\":{\"@id\":\"https:\/\/pelican.dk\/en\/the-garage-doesnt-have-to-be-a-mess\/#breadcrumb\"},\"inLanguage\":\"en-US\",\"potentialAction\":[{\"@type\":\"ReadAction\",\"target\":[\"https:\/\/pelican.dk\/en\/the-garage-doesnt-have-to-be-a-mess\/\"]}]},{\"@type\":\"ImageObject\",\"inLanguage\":\"en-US\",\"@id\":\"https:\/\/pelican.dk\/en\/the-garage-doesnt-have-to-be-a-mess\/#primaryimage\",\"url\":\"https:\/\/pelican.dk\/wp-content\/uploads\/2024\/10\/clutter-drill-equipments-115558.jpg\",\"contentUrl\":\"https:\/\/pelican.dk\/wp-content\/uploads\/2024\/10\/clutter-drill-equipments-115558.jpg\"},{\"@type\":\"BreadcrumbList\",\"@id\":\"https:\/\/pelican.dk\/en\/the-garage-doesnt-have-to-be-a-mess\/#breadcrumb\",\"itemListElement\":[{\"@type\":\"ListItem\",\"position\":1,\"name\":\"Home\",\"item\":\"https:\/\/pelican.dk\/en\/\"},{\"@type\":\"ListItem\",\"position\":2,\"name\":\"The garage doesn&#8217;t have to be a mess\"}]},{\"@type\":\"WebSite\",\"@id\":\"https:\/\/pelican.dk\/en\/#website\",\"url\":\"https:\/\/pelican.dk\/en\/\",\"name\":\"Lej et sikkert opbevaringsrum\",\"description\":\"Lej et opbevaringsrum hos Pelican Self Storage. Billige priser \u2714 Centre i hele K\u00f8benhavn \u2714 Lagerrum i mange st\u00f8rrelser \u2714 L\u00e5n en gratis trailer \u2714\",\"potentialAction\":[{\"@type\":\"SearchAction\",\"target\":{\"@type\":\"EntryPoint\",\"urlTemplate\":\"https:\/\/pelican.dk\/en\/?s={search_term_string}\"},\"query-input\":{\"@type\":\"PropertyValueSpecification\",\"valueRequired\":true,\"valueName\":\"search_term_string\"}}],\"inLanguage\":\"en-US\"}]}<\/script>","yoast_head_json":{"title":"The garage doesn't have to be a mess | Pelican Self Storage","robots":{"index":"index","follow":"follow","max-snippet":"max-snippet:-1","max-image-preview":"max-image-preview:large","max-video-preview":"max-video-preview:-1"},"canonical":"https:\/\/pelican.dk\/en\/the-garage-doesnt-have-to-be-a-mess\/","og_locale":"en_US","og_type":"article","og_title":"The garage doesn't have to be a mess","og_description":"The garage doesn&#8217;t have to be a mess &#8211; Follow these tips for a practical storage space Order moving accessories","og_url":"https:\/\/pelican.dk\/en\/the-garage-doesnt-have-to-be-a-mess\/","og_site_name":"Pelican Self Storage","article_publisher":"https:\/\/www.facebook.com\/PelicanSelfStorageDenmark","article_modified_time":"2024-10-07T11:12:33+00:00","og_image":[{"url":"https:\/\/pelican.dk\/wp-content\/uploads\/2024\/10\/clutter-drill-equipments-115558.jpg","type":"","width":"","height":""}],"twitter_card":"summary_large_image","twitter_misc":{"Est. reading time":"4 minutes"},"schema":{"@context":"https:\/\/schema.org","@graph":[{"@type":"WebPage","@id":"https:\/\/pelican.dk\/en\/the-garage-doesnt-have-to-be-a-mess\/","url":"https:\/\/pelican.dk\/en\/the-garage-doesnt-have-to-be-a-mess\/","name":"The garage doesn't have to be a mess | Pelican Self Storage","isPartOf":{"@id":"https:\/\/pelican.dk\/en\/#website"},"primaryImageOfPage":{"@id":"https:\/\/pelican.dk\/en\/the-garage-doesnt-have-to-be-a-mess\/#primaryimage"},"image":{"@id":"https:\/\/pelican.dk\/en\/the-garage-doesnt-have-to-be-a-mess\/#primaryimage"},"thumbnailUrl":"https:\/\/pelican.dk\/wp-content\/uploads\/2024\/10\/clutter-drill-equipments-115558.jpg","datePublished":"2024-10-02T13:29:41+00:00","dateModified":"2024-10-07T11:12:33+00:00","breadcrumb":{"@id":"https:\/\/pelican.dk\/en\/the-garage-doesnt-have-to-be-a-mess\/#breadcrumb"},"inLanguage":"en-US","potentialAction":[{"@type":"ReadAction","target":["https:\/\/pelican.dk\/en\/the-garage-doesnt-have-to-be-a-mess\/"]}]},{"@type":"ImageObject","inLanguage":"en-US","@id":"https:\/\/pelican.dk\/en\/the-garage-doesnt-have-to-be-a-mess\/#primaryimage","url":"https:\/\/pelican.dk\/wp-content\/uploads\/2024\/10\/clutter-drill-equipments-115558.jpg","contentUrl":"https:\/\/pelican.dk\/wp-content\/uploads\/2024\/10\/clutter-drill-equipments-115558.jpg"},{"@type":"BreadcrumbList","@id":"https:\/\/pelican.dk\/en\/the-garage-doesnt-have-to-be-a-mess\/#breadcrumb","itemListElement":[{"@type":"ListItem","position":1,"name":"Home","item":"https:\/\/pelican.dk\/en\/"},{"@type":"ListItem","position":2,"name":"The garage doesn&#8217;t have to be a mess"}]},{"@type":"WebSite","@id":"https:\/\/pelican.dk\/en\/#website","url":"https:\/\/pelican.dk\/en\/","name":"Lej et sikkert opbevaringsrum","description":"Lej et opbevaringsrum hos Pelican Self Storage. Billige priser \u2714 Centre i hele K\u00f8benhavn \u2714 Lagerrum i mange st\u00f8rrelser \u2714 L\u00e5n en gratis trailer \u2714","potentialAction":[{"@type":"SearchAction","target":{"@type":"EntryPoint","urlTemplate":"https:\/\/pelican.dk\/en\/?s={search_term_string}"},"query-input":{"@type":"PropertyValueSpecification","valueRequired":true,"valueName":"search_term_string"}}],"inLanguage":"en-US"}]}},"_links":{"self":[{"href":"https:\/\/pelican.dk\/en\/wp-json\/wp\/v2\/pages\/4057","targetHints":{"allow":["GET"]}}],"collection":[{"href":"https:\/\/pelican.dk\/en\/wp-json\/wp\/v2\/pages"}],"about":[{"href":"https:\/\/pelican.dk\/en\/wp-json\/wp\/v2\/types\/page"}],"author":[{"embeddable":true,"href":"https:\/\/pelican.dk\/en\/wp-json\/wp\/v2\/users\/3"}],"replies":[{"embeddable":true,"href":"https:\/\/pelican.dk\/en\/wp-json\/wp\/v2\/comments?post=4057"}],"version-history":[{"count":3,"href":"https:\/\/pelican.dk\/en\/wp-json\/wp\/v2\/pages\/4057\/revisions"}],"predecessor-version":[{"id":4294,"href":"https:\/\/pelican.dk\/en\/wp-json\/wp\/v2\/pages\/4057\/revisions\/4294"}],"wp:attachment":[{"href":"https:\/\/pelican.dk\/en\/wp-json\/wp\/v2\/media?parent=4057"}],"curies":[{"name":"wp","href":"https:\/\/api.w.org\/{rel}","templated":true}]}}