{"id":3499,"date":"2024-09-30T15:11:26","date_gmt":"2024-09-30T13:11:26","guid":{"rendered":"https:\/\/pelican.dk\/store-your-stuff-in-a-storage-unit\/"},"modified":"2024-10-28T10:47:31","modified_gmt":"2024-10-28T08:47:31","slug":"store-your-stuff-in-a-storage-unit","status":"publish","type":"page","link":"https:\/\/pelican.dk\/en\/store-your-stuff-in-a-storage-unit\/","title":{"rendered":"Store your stuff in a storage unit"},"content":{"rendered":"\t\t<div data-elementor-type=\"wp-page\" data-elementor-id=\"3499\" class=\"elementor elementor-3499 elementor-3089\" data-elementor-post-type=\"page\">\n\t\t\t\t<div class=\"wd-negative-gap elementor-element elementor-element-2c87c171 e-flex e-con-boxed e-con e-parent\" data-id=\"2c87c171\" data-element_type=\"container\" data-e-type=\"container\" data-settings=\"{&quot;background_background&quot;:&quot;classic&quot;}\">\n\t\t\t\t\t<div class=\"e-con-inner\">\n\t\t<div class=\"elementor-element elementor-element-98294db e-con-full e-flex e-con e-child\" data-id=\"98294db\" data-element_type=\"container\" data-e-type=\"container\">\n\t\t\t\t<div class=\"elementor-element elementor-element-4d3953a1 elementor-widget elementor-widget-image\" data-id=\"4d3953a1\" data-element_type=\"widget\" data-e-type=\"widget\" data-widget_type=\"image.default\">\n\t\t\t\t<div class=\"elementor-widget-container\">\n\t\t\t\t\t\t\t\t\t\t\t\t\t\t\t<img loading=\"lazy\" decoding=\"async\" width=\"2160\" height=\"1410\" src=\"https:\/\/pelican.dk\/wp-content\/uploads\/2024\/08\/Rum-6220.png\" class=\"attachment-full size-full wp-image-1848\" alt=\"\" srcset=\"https:\/\/pelican.dk\/wp-content\/uploads\/2024\/08\/Rum-6220.png 2160w, https:\/\/pelican.dk\/wp-content\/uploads\/2024\/08\/Rum-6220-300x196.png 300w, https:\/\/pelican.dk\/wp-content\/uploads\/2024\/08\/Rum-6220-1024x668.png 1024w, https:\/\/pelican.dk\/wp-content\/uploads\/2024\/08\/Rum-6220-768x501.png 768w, https:\/\/pelican.dk\/wp-content\/uploads\/2024\/08\/Rum-6220-1536x1003.png 1536w, https:\/\/pelican.dk\/wp-content\/uploads\/2024\/08\/Rum-6220-2048x1337.png 2048w, https:\/\/pelican.dk\/wp-content\/uploads\/2024\/08\/Rum-6220-1200x783.png 1200w, https:\/\/pelican.dk\/wp-content\/uploads\/2024\/08\/Rum-6220-150x98.png 150w\" sizes=\"auto, (max-width: 2160px) 100vw, 2160px\" \/>\t\t\t\t\t\t\t\t\t\t\t\t\t\t\t<\/div>\n\t\t\t\t<\/div>\n\t\t\t\t<\/div>\n\t\t<div class=\"elementor-element elementor-element-29eb4fc9 e-con-full e-flex e-con e-child\" data-id=\"29eb4fc9\" data-element_type=\"container\" data-e-type=\"container\">\n\t\t<div class=\"elementor-element elementor-element-3f22f19c e-con-full e-flex e-con e-child\" data-id=\"3f22f19c\" data-element_type=\"container\" data-e-type=\"container\">\n\t\t\t\t<div class=\"elementor-element elementor-element-7a604724 wd-width-100 elementor-widget elementor-widget-wd_title\" data-id=\"7a604724\" data-element_type=\"widget\" data-e-type=\"widget\" data-widget_type=\"wd_title.default\">\n\t\t\t\t<div class=\"elementor-widget-container\">\n\t\t\t\t\t\t\t<div class=\"title-wrapper wd-set-mb reset-last-child wd-title-color-default wd-title-style-default wd-title-size-default text-center\">\n\n\t\t\t\n\t\t\t<div class=\"liner-continer\">\n\t\t\t\t<h4 class=\"woodmart-title-container title wd-fontsize-l\">Experience the highest quality in storage<\/h4> \n\t\t\t\t\t\t\t<\/div>\n\n\t\t\t\t\t\t\t<div class=\"title-after_title reset-last-child wd-fontsize-xs\">\n\t\t\t\t\t<p>There are many reasons why you may be short of space in your home, but one thing is certain: too little space is a pain in the ass. That's why storage is the perfect solution. Summer is the perfect time to give your home a <a href=\"http:\/\/giv-din-bolig-en-grundig-sommer-rengoering-uden-stress\">thorough cleaning<\/a> and possibly reorganize the excess items in your home. Whatever it is that's taking up too much space, we can store it for you. Here we give you some ideas on how.    <\/p>\t\t\t\t<\/div>\n\t\t\t\t\t<\/div>\n\t\t\t\t\t\t<\/div>\n\t\t\t\t<\/div>\n\t\t\t\t<div class=\"elementor-element elementor-element-7b479596 elementor-widget elementor-widget-button\" data-id=\"7b479596\" data-element_type=\"widget\" data-e-type=\"widget\" data-widget_type=\"button.default\">\n\t\t\t\t<div class=\"elementor-widget-container\">\n\t\t\t\t\t\t\t\t\t<div class=\"elementor-button-wrapper\">\n\t\t\t\t\t<a class=\"elementor-button elementor-button-link elementor-size-sm\" href=\"https:\/\/pelican.dk\/en\/locations\/\">\n\t\t\t\t\t\t<span class=\"elementor-button-content-wrapper\">\n\t\t\t\t\t\t\t\t\t<span class=\"elementor-button-text\">Find locations<\/span>\n\t\t\t\t\t<\/span>\n\t\t\t\t\t<\/a>\n\t\t\t\t<\/div>\n\t\t\t\t\t\t\t\t<\/div>\n\t\t\t\t<\/div>\n\t\t\t\t<\/div>\n\t\t\t\t<\/div>\n\t\t\t\t\t<\/div>\n\t\t\t\t<\/div>\n\t\t<div class=\"wd-negative-gap elementor-element elementor-element-76837c9c e-flex e-con-boxed e-con e-parent\" data-id=\"76837c9c\" data-element_type=\"container\" data-e-type=\"container\" data-settings=\"{&quot;background_background&quot;:&quot;classic&quot;}\">\n\t\t\t\t\t<div class=\"e-con-inner\">\n\t\t<div class=\"elementor-element elementor-element-3ad8c730 e-con-full e-flex e-con e-child\" data-id=\"3ad8c730\" data-element_type=\"container\" data-e-type=\"container\" data-settings=\"{&quot;background_background&quot;:&quot;classic&quot;}\">\n\t\t<div class=\"elementor-element elementor-element-6302a4d5 e-con-full e-flex e-con e-child\" data-id=\"6302a4d5\" data-element_type=\"container\" data-e-type=\"container\">\n\t\t\t\t<div class=\"elementor-element elementor-element-6248fe7d wd-width-100 elementor-widget elementor-widget-wd_title\" data-id=\"6248fe7d\" data-element_type=\"widget\" data-e-type=\"widget\" data-widget_type=\"wd_title.default\">\n\t\t\t\t<div class=\"elementor-widget-container\">\n\t\t\t\t\t\t\t<div class=\"title-wrapper wd-set-mb reset-last-child wd-title-color-default wd-title-style-default wd-title-size-default text-center\">\n\n\t\t\t\n\t\t\t<div class=\"liner-continer\">\n\t\t\t\t<h4 class=\"woodmart-title-container title wd-fontsize-l\">Get a heated walk-in closet - store your clothes<\/h4> \n\t\t\t\t\t\t\t<\/div>\n\n\t\t\t\t\t\t\t<div class=\"title-after_title reset-last-child wd-fontsize-xs\">\n\t\t\t\t\t<p>Winter clothes take up space. Down jackets, flying suits, furs, ski equipment and everything else takes up an unreasonable amount of closet space during the summer months. At Pelican, we've come up with an alternative: small, heated storage compartments designed specifically for clothes racks that act as an extra wardrobe for your home.  <\/p>\t\t\t\t<\/div>\n\t\t\t\t\t<\/div>\n\t\t\t\t\t\t<\/div>\n\t\t\t\t<\/div>\n\t\t\t\t<div class=\"elementor-element elementor-element-6c6e9de7 elementor-widget elementor-widget-button\" data-id=\"6c6e9de7\" data-element_type=\"widget\" data-e-type=\"widget\" data-widget_type=\"button.default\">\n\t\t\t\t<div class=\"elementor-widget-container\">\n\t\t\t\t\t\t\t\t\t<div class=\"elementor-button-wrapper\">\n\t\t\t\t\t<a class=\"elementor-button elementor-button-link elementor-size-sm\" href=\"https:\/\/pelican.dk\/en\/locations\/\">\n\t\t\t\t\t\t<span class=\"elementor-button-content-wrapper\">\n\t\t\t\t\t\t\t\t\t<span class=\"elementor-button-text\">See available room sizes<\/span>\n\t\t\t\t\t<\/span>\n\t\t\t\t\t<\/a>\n\t\t\t\t<\/div>\n\t\t\t\t\t\t\t\t<\/div>\n\t\t\t\t<\/div>\n\t\t\t\t<\/div>\n\t\t\t\t<\/div>\n\t\t<div class=\"elementor-element elementor-element-6ab51828 e-con-full e-flex e-con e-child\" data-id=\"6ab51828\" data-element_type=\"container\" data-e-type=\"container\">\n\t\t\t\t<div class=\"elementor-element elementor-element-2c5ff496 elementor-widget elementor-widget-image\" data-id=\"2c5ff496\" data-element_type=\"widget\" data-e-type=\"widget\" data-widget_type=\"image.default\">\n\t\t\t\t<div class=\"elementor-widget-container\">\n\t\t\t\t\t\t\t\t\t\t\t\t\t\t\t<img loading=\"lazy\" decoding=\"async\" width=\"1200\" height=\"643\" src=\"https:\/\/pelican.dk\/wp-content\/uploads\/2024\/09\/010.jpg\" class=\"attachment-full size-full wp-image-3091\" alt=\"\u00c6rme af en r\u00f8d- og hvidternet skjorte h\u00e6nger foran en gr\u00f8n b\u00f8lget metalv\u00e6g og en hvid flade.\" srcset=\"https:\/\/pelican.dk\/wp-content\/uploads\/2024\/09\/010.jpg 1200w, https:\/\/pelican.dk\/wp-content\/uploads\/2024\/09\/010-300x161.jpg 300w, https:\/\/pelican.dk\/wp-content\/uploads\/2024\/09\/010-1024x549.jpg 1024w, https:\/\/pelican.dk\/wp-content\/uploads\/2024\/09\/010-768x412.jpg 768w, https:\/\/pelican.dk\/wp-content\/uploads\/2024\/09\/010-150x80.jpg 150w\" sizes=\"auto, (max-width: 1200px) 100vw, 1200px\" \/>\t\t\t\t\t\t\t\t\t\t\t\t\t\t\t<\/div>\n\t\t\t\t<\/div>\n\t\t\t\t<\/div>\n\t\t\t\t\t<\/div>\n\t\t\t\t<\/div>\n\t\t<div class=\"wd-negative-gap elementor-element elementor-element-589428bf e-flex e-con-boxed e-con e-parent\" data-id=\"589428bf\" data-element_type=\"container\" data-e-type=\"container\" data-settings=\"{&quot;background_background&quot;:&quot;classic&quot;}\">\n\t\t\t\t\t<div class=\"e-con-inner\">\n\t\t<div class=\"elementor-element elementor-element-11d8a8c9 e-con-full e-flex e-con e-child\" data-id=\"11d8a8c9\" data-element_type=\"container\" data-e-type=\"container\">\n\t\t\t\t<div class=\"elementor-element elementor-element-48f37255 elementor-widget elementor-widget-image\" data-id=\"48f37255\" data-element_type=\"widget\" data-e-type=\"widget\" data-widget_type=\"image.default\">\n\t\t\t\t<div class=\"elementor-widget-container\">\n\t\t\t\t\t\t\t\t\t\t\t\t\t\t\t<img decoding=\"async\" src=\"https:\/\/pelican.dk\/wp-content\/uploads\/2024\/09\/mansku-0125.jpg\" title=\"mansku-0125\" alt=\"Korridor med gr\u00f8nne metalrumd\u00f8re, hver sikret med h\u00e6ngel\u00e5s, set i perspektiv.\" loading=\"lazy\" \/>\t\t\t\t\t\t\t\t\t\t\t\t\t\t\t<\/div>\n\t\t\t\t<\/div>\n\t\t\t\t<\/div>\n\t\t<div class=\"elementor-element elementor-element-392e0357 e-con-full e-flex e-con e-child\" data-id=\"392e0357\" data-element_type=\"container\" data-e-type=\"container\" data-settings=\"{&quot;background_background&quot;:&quot;classic&quot;}\">\n\t\t<div class=\"elementor-element elementor-element-76fb0c6b e-con-full e-flex e-con e-child\" data-id=\"76fb0c6b\" data-element_type=\"container\" data-e-type=\"container\">\n\t\t\t\t<div class=\"elementor-element elementor-element-4b05e436 wd-width-100 elementor-widget elementor-widget-wd_title\" data-id=\"4b05e436\" data-element_type=\"widget\" data-e-type=\"widget\" data-widget_type=\"wd_title.default\">\n\t\t\t\t<div class=\"elementor-widget-container\">\n\t\t\t\t\t\t\t<div class=\"title-wrapper wd-set-mb reset-last-child wd-title-color-default wd-title-style-default wd-title-size-default text-center\">\n\n\t\t\t\n\t\t\t<div class=\"liner-continer\">\n\t\t\t\t<h4 class=\"woodmart-title-container title wd-fontsize-l\">Keep your memories in a safe place<\/h4> \n\t\t\t\t\t\t\t<\/div>\n\n\t\t\t\t\t\t\t<div class=\"title-after_title reset-last-child wd-fontsize-xs\">\n\t\t\t\t\t<p>Some of the most valuable possessions are those that have sentimental value. But even if you would never dream of throwing out your heirlooms, they can present some space challenges, because where can they go? They can stay with us. Every Pelican room is safe, clean and dry. Whether it's for a short or long period of time, we'll make sure to store your memories in a way that makes them feel like yolk in an egg. Read more about how even <a href=\"https:\/\/pelican.dk\/en\/rent-a-small-storage-unit-and-get-big-benefits\/\">small storage spaces can have big benefits.<\/a>     <\/p>\t\t\t\t<\/div>\n\t\t\t\t\t<\/div>\n\t\t\t\t\t\t<\/div>\n\t\t\t\t<\/div>\n\t\t\t\t<\/div>\n\t\t\t\t<\/div>\n\t\t\t\t\t<\/div>\n\t\t\t\t<\/div>\n\t\t<div class=\"wd-negative-gap elementor-element elementor-element-59f88c8b e-flex e-con-boxed e-con e-parent\" data-id=\"59f88c8b\" data-element_type=\"container\" data-e-type=\"container\" data-settings=\"{&quot;background_background&quot;:&quot;classic&quot;}\">\n\t\t\t\t\t<div class=\"e-con-inner\">\n\t\t<div class=\"elementor-element elementor-element-7d0e4e72 e-con-full e-flex e-con e-child\" data-id=\"7d0e4e72\" data-element_type=\"container\" data-e-type=\"container\" data-settings=\"{&quot;background_background&quot;:&quot;classic&quot;}\">\n\t\t<div class=\"elementor-element elementor-element-192fb145 e-con-full e-flex e-con e-child\" data-id=\"192fb145\" data-element_type=\"container\" data-e-type=\"container\">\n\t\t\t\t<div class=\"elementor-element elementor-element-2d9f5 wd-width-100 elementor-widget elementor-widget-wd_title\" data-id=\"2d9f5\" data-element_type=\"widget\" data-e-type=\"widget\" data-widget_type=\"wd_title.default\">\n\t\t\t\t<div class=\"elementor-widget-container\">\n\t\t\t\t\t\t\t<div class=\"title-wrapper wd-set-mb reset-last-child wd-title-color-default wd-title-style-default wd-title-size-default text-center\">\n\n\t\t\t\n\t\t\t<div class=\"liner-continer\">\n\t\t\t\t<h4 class=\"woodmart-title-container title wd-fontsize-l\">Expand the space in your basement<\/h4> \n\t\t\t\t\t\t\t<\/div>\n\n\t\t\t\t\t\t\t<div class=\"title-after_title reset-last-child wd-fontsize-xs\">\n\t\t\t\t\t<p>Do you also have a recurring challenge of clearing out the basement or <a href=\"https:\/\/pelican.dk\/garagen-skal-ikke-vaere-en-rodebunke-foelg-disse-ting-og-faa-et-praktisk-opbevaringsrum\">garage<\/a> to make room for all the things you want to store but don't have out? Let us store your baby gear, toys and anything else that can be saved for another good time so you don't trip over it in the aisle. You have access to your personal storage unit at Pelican almost 24 hours a day, so you can always drop off more stuff - or pick it up again.  <\/p>\t\t\t\t<\/div>\n\t\t\t\t\t<\/div>\n\t\t\t\t\t\t<\/div>\n\t\t\t\t<\/div>\n\t\t\t\t<\/div>\n\t\t\t\t<\/div>\n\t\t<div class=\"elementor-element elementor-element-15f7712 e-con-full e-flex e-con e-child\" data-id=\"15f7712\" data-element_type=\"container\" data-e-type=\"container\">\n\t\t\t\t<div class=\"elementor-element elementor-element-da5ca72 elementor-widget elementor-widget-image\" data-id=\"da5ca72\" data-element_type=\"widget\" data-e-type=\"widget\" data-widget_type=\"image.default\">\n\t\t\t\t<div class=\"elementor-widget-container\">\n\t\t\t\t\t\t\t\t\t\t\t\t\t\t\t<img loading=\"lazy\" decoding=\"async\" width=\"1200\" height=\"1086\" src=\"https:\/\/pelican.dk\/wp-content\/uploads\/2024\/09\/unit_with_bike_1.jpg\" class=\"attachment-full size-full wp-image-3095\" alt=\"Lagerboks med gr\u00f8nne kasser, en motorcykel, bl\u00e5 s\u00e6kkevogn og ruller bobleplast.\" srcset=\"https:\/\/pelican.dk\/wp-content\/uploads\/2024\/09\/unit_with_bike_1.jpg 1200w, https:\/\/pelican.dk\/wp-content\/uploads\/2024\/09\/unit_with_bike_1-300x272.jpg 300w, https:\/\/pelican.dk\/wp-content\/uploads\/2024\/09\/unit_with_bike_1-1024x927.jpg 1024w, https:\/\/pelican.dk\/wp-content\/uploads\/2024\/09\/unit_with_bike_1-768x695.jpg 768w, https:\/\/pelican.dk\/wp-content\/uploads\/2024\/09\/unit_with_bike_1-150x136.jpg 150w\" sizes=\"auto, (max-width: 1200px) 100vw, 1200px\" \/>\t\t\t\t\t\t\t\t\t\t\t\t\t\t\t<\/div>\n\t\t\t\t<\/div>\n\t\t\t\t<\/div>\n\t\t\t\t\t<\/div>\n\t\t\t\t<\/div>\n\t\t<div class=\"wd-negative-gap elementor-element elementor-element-e732ebf e-flex e-con-boxed e-con e-parent\" data-id=\"e732ebf\" data-element_type=\"container\" data-e-type=\"container\" data-settings=\"{&quot;background_background&quot;:&quot;classic&quot;}\">\n\t\t\t\t\t<div class=\"e-con-inner\">\n\t\t\t\t<div class=\"elementor-element elementor-element-ad680b9 elementor-widget elementor-widget-wd_text_block\" data-id=\"ad680b9\" data-element_type=\"widget\" data-e-type=\"widget\" data-widget_type=\"wd_text_block.default\">\n\t\t\t\t<div class=\"elementor-widget-container\">\n\t\t\t\t\t\t\t<div class=\"wd-text-block reset-last-child text-left\">\n\t\t\t\n\t\t\t<h3><strong><span style=\"color: #008000;\">Get more space with a storage room<\/span><\/strong><\/h3>\n<p>At Pelican Self Storage, we help you get organized at home. We give you the extra space you need, so you don't have to stress about overflowing cupboards, bags in the corners and a basement that's on the verge of bursting.<br \/>Our storage units act as an extension of your home, where you can store your belongings so you can have a home that's organized and tidy. We've even created an easy guide on how to <a href=\"https:\/\/pelican.dk\/en\/organize-your-home-in-just-30-days\/\">organize your home<\/a> in just 30 days, if you're up for the challenge.  <\/p>\n<p>And don't worry, we take good care of your things.<br \/>\nWe see it as our most important task to make sure you feel safe when you leave your things with us.<br \/>When you choose to store your things, it creates peace at home - just as it should be within the four walls of your home.<br \/>\nOn the other hand, a home where things are constantly lying around with no fixed place will be a stress factor that will hang over your head like a heavy black cloud.<br \/>\nThis is exactly where a storage unit at Pelican comes in.<br \/>\nIt can help give you back your energy and a tidy home.    <\/p>\n<p><span style=\"color: #008000;\"><b>Store whatever you want<\/b><\/span><\/p>\n<p>There are no limits to what you can choose to store with us. Perhaps you have a large wardrobe where it makes sense for you to store your summer clothes, but winter is raging. Maybe you need to store the kids' hand-me-downs for a while or what about the garden furniture? We have space for it all. We have storage units from 1 sqm. and up to 18 square meters, which means we can meet your exact needs. If you're not sure what you need, come and see us and we'll be happy to advise you so you get exactly what you need.<\/p>\n<p><span style=\"color: #008000;\"><b>Storage units throughout Copenhagen<\/b><\/span><\/p>\n<p>We have ten centers and can therefore offer you storage throughout Copenhagen and part of North Zealand. This means that we always have a center <a href=\"https:\/\/pelican.dk\/en\/locations\/\">near you<\/a>, making it easy for you to get to and from us when you need to drop off your items for storage.<br \/>Our locations are just one of our many advantages, if you choose to use Pelican Self Storage, you are also guaranteed: <\/p>\n<p>- Personal service six days a week in all our centers.<br \/>- The possibility to borrow a trailer for free<br \/>- High security through video surveillance and secure access systems<br \/>- Free access to your space seven days a week from 05.30-22.00<br \/>- Receiving assistance if you are a <a href=\"https:\/\/pelican.dk\/en\/business-testing\/\">business<\/a><\/p>\n\n\t\t\t\t\t<\/div>\n\t\t\t\t\t\t<\/div>\n\t\t\t\t<\/div>\n\t\t\t\t\t<\/div>\n\t\t\t\t<\/div>\n\t\t\t\t<\/div>\n\t\t","protected":false},"excerpt":{"rendered":"<p>Experience the highest quality in storage There are many reasons why you may be short of space in your home,<\/p>\n","protected":false},"author":3,"featured_media":0,"parent":0,"menu_order":0,"comment_status":"closed","ping_status":"closed","template":"elementor_header_footer","meta":{"_acf_changed":false,"inline_featured_image":false,"_lmt_disableupdate":"","_lmt_disable":"","footnotes":""},"class_list":["post-3499","page","type-page","status-publish","hentry"],"acf":[],"yoast_head":"<title>Store your stuff in a storage unit | Pelican Self Storage<\/title>\n<meta name=\"robots\" content=\"index, follow, max-snippet:-1, max-image-preview:large, max-video-preview:-1\" \/>\n<link rel=\"canonical\" href=\"https:\/\/pelican.dk\/en\/store-your-stuff-in-a-storage-unit\/\" \/>\n<meta property=\"og:locale\" content=\"en_US\" \/>\n<meta property=\"og:type\" content=\"article\" \/>\n<meta property=\"og:title\" content=\"Store your stuff in a storage unit\" \/>\n<meta property=\"og:description\" content=\"Experience the highest quality in storage There are many reasons why you may be short of space in your home,\" \/>\n<meta property=\"og:url\" content=\"https:\/\/pelican.dk\/en\/store-your-stuff-in-a-storage-unit\/\" \/>\n<meta property=\"og:site_name\" content=\"Pelican Self Storage\" \/>\n<meta property=\"article:publisher\" content=\"https:\/\/www.facebook.com\/PelicanSelfStorageDenmark\" \/>\n<meta property=\"article:modified_time\" content=\"2024-10-28T08:47:31+00:00\" \/>\n<meta property=\"og:image\" content=\"https:\/\/pelican.dk\/wp-content\/uploads\/2024\/08\/Rum-6220.png\" \/>\n<meta name=\"twitter:card\" content=\"summary_large_image\" \/>\n<meta name=\"twitter:label1\" content=\"Est. reading time\" \/>\n\t<meta name=\"twitter:data1\" content=\"4 minutes\" \/>\n<script type=\"application\/ld+json\" class=\"yoast-schema-graph\">{\"@context\":\"https:\/\/schema.org\",\"@graph\":[{\"@type\":\"WebPage\",\"@id\":\"https:\/\/pelican.dk\/en\/store-your-stuff-in-a-storage-unit\/\",\"url\":\"https:\/\/pelican.dk\/en\/store-your-stuff-in-a-storage-unit\/\",\"name\":\"Store your stuff in a storage unit | Pelican Self Storage\",\"isPartOf\":{\"@id\":\"https:\/\/pelican.dk\/en\/#website\"},\"primaryImageOfPage\":{\"@id\":\"https:\/\/pelican.dk\/en\/store-your-stuff-in-a-storage-unit\/#primaryimage\"},\"image\":{\"@id\":\"https:\/\/pelican.dk\/en\/store-your-stuff-in-a-storage-unit\/#primaryimage\"},\"thumbnailUrl\":\"https:\/\/pelican.dk\/wp-content\/uploads\/2024\/08\/Rum-6220.png\",\"datePublished\":\"2024-09-30T13:11:26+00:00\",\"dateModified\":\"2024-10-28T08:47:31+00:00\",\"breadcrumb\":{\"@id\":\"https:\/\/pelican.dk\/en\/store-your-stuff-in-a-storage-unit\/#breadcrumb\"},\"inLanguage\":\"en-US\",\"potentialAction\":[{\"@type\":\"ReadAction\",\"target\":[\"https:\/\/pelican.dk\/en\/store-your-stuff-in-a-storage-unit\/\"]}]},{\"@type\":\"ImageObject\",\"inLanguage\":\"en-US\",\"@id\":\"https:\/\/pelican.dk\/en\/store-your-stuff-in-a-storage-unit\/#primaryimage\",\"url\":\"https:\/\/pelican.dk\/wp-content\/uploads\/2024\/08\/Rum-6220.png\",\"contentUrl\":\"https:\/\/pelican.dk\/wp-content\/uploads\/2024\/08\/Rum-6220.png\"},{\"@type\":\"BreadcrumbList\",\"@id\":\"https:\/\/pelican.dk\/en\/store-your-stuff-in-a-storage-unit\/#breadcrumb\",\"itemListElement\":[{\"@type\":\"ListItem\",\"position\":1,\"name\":\"Home\",\"item\":\"https:\/\/pelican.dk\/en\/\"},{\"@type\":\"ListItem\",\"position\":2,\"name\":\"Store your stuff in a storage unit\"}]},{\"@type\":\"WebSite\",\"@id\":\"https:\/\/pelican.dk\/en\/#website\",\"url\":\"https:\/\/pelican.dk\/en\/\",\"name\":\"Lej et sikkert opbevaringsrum\",\"description\":\"Lej et opbevaringsrum hos Pelican Self Storage. Billige priser \u2714 Centre i hele K\u00f8benhavn \u2714 Lagerrum i mange st\u00f8rrelser \u2714 L\u00e5n en gratis trailer \u2714\",\"potentialAction\":[{\"@type\":\"SearchAction\",\"target\":{\"@type\":\"EntryPoint\",\"urlTemplate\":\"https:\/\/pelican.dk\/en\/?s={search_term_string}\"},\"query-input\":{\"@type\":\"PropertyValueSpecification\",\"valueRequired\":true,\"valueName\":\"search_term_string\"}}],\"inLanguage\":\"en-US\"}]}<\/script>","yoast_head_json":{"title":"Store your stuff in a storage unit | Pelican Self Storage","robots":{"index":"index","follow":"follow","max-snippet":"max-snippet:-1","max-image-preview":"max-image-preview:large","max-video-preview":"max-video-preview:-1"},"canonical":"https:\/\/pelican.dk\/en\/store-your-stuff-in-a-storage-unit\/","og_locale":"en_US","og_type":"article","og_title":"Store your stuff in a storage unit","og_description":"Experience the highest quality in storage There are many reasons why you may be short of space in your home,","og_url":"https:\/\/pelican.dk\/en\/store-your-stuff-in-a-storage-unit\/","og_site_name":"Pelican Self Storage","article_publisher":"https:\/\/www.facebook.com\/PelicanSelfStorageDenmark","article_modified_time":"2024-10-28T08:47:31+00:00","og_image":[{"url":"https:\/\/pelican.dk\/wp-content\/uploads\/2024\/08\/Rum-6220.png","type":"","width":"","height":""}],"twitter_card":"summary_large_image","twitter_misc":{"Est. reading time":"4 minutes"},"schema":{"@context":"https:\/\/schema.org","@graph":[{"@type":"WebPage","@id":"https:\/\/pelican.dk\/en\/store-your-stuff-in-a-storage-unit\/","url":"https:\/\/pelican.dk\/en\/store-your-stuff-in-a-storage-unit\/","name":"Store your stuff in a storage unit | Pelican Self Storage","isPartOf":{"@id":"https:\/\/pelican.dk\/en\/#website"},"primaryImageOfPage":{"@id":"https:\/\/pelican.dk\/en\/store-your-stuff-in-a-storage-unit\/#primaryimage"},"image":{"@id":"https:\/\/pelican.dk\/en\/store-your-stuff-in-a-storage-unit\/#primaryimage"},"thumbnailUrl":"https:\/\/pelican.dk\/wp-content\/uploads\/2024\/08\/Rum-6220.png","datePublished":"2024-09-30T13:11:26+00:00","dateModified":"2024-10-28T08:47:31+00:00","breadcrumb":{"@id":"https:\/\/pelican.dk\/en\/store-your-stuff-in-a-storage-unit\/#breadcrumb"},"inLanguage":"en-US","potentialAction":[{"@type":"ReadAction","target":["https:\/\/pelican.dk\/en\/store-your-stuff-in-a-storage-unit\/"]}]},{"@type":"ImageObject","inLanguage":"en-US","@id":"https:\/\/pelican.dk\/en\/store-your-stuff-in-a-storage-unit\/#primaryimage","url":"https:\/\/pelican.dk\/wp-content\/uploads\/2024\/08\/Rum-6220.png","contentUrl":"https:\/\/pelican.dk\/wp-content\/uploads\/2024\/08\/Rum-6220.png"},{"@type":"BreadcrumbList","@id":"https:\/\/pelican.dk\/en\/store-your-stuff-in-a-storage-unit\/#breadcrumb","itemListElement":[{"@type":"ListItem","position":1,"name":"Home","item":"https:\/\/pelican.dk\/en\/"},{"@type":"ListItem","position":2,"name":"Store your stuff in a storage unit"}]},{"@type":"WebSite","@id":"https:\/\/pelican.dk\/en\/#website","url":"https:\/\/pelican.dk\/en\/","name":"Lej et sikkert opbevaringsrum","description":"Lej et opbevaringsrum hos Pelican Self Storage. Billige priser \u2714 Centre i hele K\u00f8benhavn \u2714 Lagerrum i mange st\u00f8rrelser \u2714 L\u00e5n en gratis trailer \u2714","potentialAction":[{"@type":"SearchAction","target":{"@type":"EntryPoint","urlTemplate":"https:\/\/pelican.dk\/en\/?s={search_term_string}"},"query-input":{"@type":"PropertyValueSpecification","valueRequired":true,"valueName":"search_term_string"}}],"inLanguage":"en-US"}]}},"_links":{"self":[{"href":"https:\/\/pelican.dk\/en\/wp-json\/wp\/v2\/pages\/3499","targetHints":{"allow":["GET"]}}],"collection":[{"href":"https:\/\/pelican.dk\/en\/wp-json\/wp\/v2\/pages"}],"about":[{"href":"https:\/\/pelican.dk\/en\/wp-json\/wp\/v2\/types\/page"}],"author":[{"embeddable":true,"href":"https:\/\/pelican.dk\/en\/wp-json\/wp\/v2\/users\/3"}],"replies":[{"embeddable":true,"href":"https:\/\/pelican.dk\/en\/wp-json\/wp\/v2\/comments?post=3499"}],"version-history":[{"count":4,"href":"https:\/\/pelican.dk\/en\/wp-json\/wp\/v2\/pages\/3499\/revisions"}],"predecessor-version":[{"id":6983,"href":"https:\/\/pelican.dk\/en\/wp-json\/wp\/v2\/pages\/3499\/revisions\/6983"}],"wp:attachment":[{"href":"https:\/\/pelican.dk\/en\/wp-json\/wp\/v2\/media?parent=3499"}],"curies":[{"name":"wp","href":"https:\/\/api.w.org\/{rel}","templated":true}]}}