{"id":3495,"date":"2024-10-01T13:19:31","date_gmt":"2024-10-01T13:19:31","guid":{"rendered":"https:\/\/pelican.dk\/give-your-home-a-thorough-summer-cleaning-without-stress\/"},"modified":"2024-10-28T10:40:48","modified_gmt":"2024-10-28T08:40:48","slug":"give-your-home-a-thorough-summer-cleaning-without-stress","status":"publish","type":"page","link":"https:\/\/pelican.dk\/en\/give-your-home-a-thorough-summer-cleaning-without-stress\/","title":{"rendered":"Give your home a thorough summer cleaning without stress"},"content":{"rendered":"\t\t<div data-elementor-type=\"wp-page\" data-elementor-id=\"3495\" class=\"elementor elementor-3495 elementor-3423\" data-elementor-post-type=\"page\">\n\t\t\t\t<div class=\"wd-negative-gap elementor-element elementor-element-20af1fa9 e-flex e-con-boxed e-con e-parent\" data-id=\"20af1fa9\" data-element_type=\"container\" data-e-type=\"container\">\n\t\t\t\t\t<div class=\"e-con-inner\">\n\t\t<div class=\"elementor-element elementor-element-3aaf92c0 e-con-full e-flex e-con e-child\" data-id=\"3aaf92c0\" data-element_type=\"container\" data-e-type=\"container\">\n\t\t\t\t<div class=\"elementor-element elementor-element-739be318 elementor-widget elementor-widget-image\" data-id=\"739be318\" data-element_type=\"widget\" data-e-type=\"widget\" data-widget_type=\"image.default\">\n\t\t\t\t<div class=\"elementor-widget-container\">\n\t\t\t\t\t\t\t\t\t\t\t\t\t\t\t<img decoding=\"async\" src=\"https:\/\/pelican.dk\/wp-content\/uploads\/2024\/10\/iStock-928287818-scaled.jpg\" title=\"Woman horrified by mess left after party in her apartment, cleaning service\" alt=\"Person i jeans og hvide sokker st\u00e5r i rodet v\u00e6relse med reng\u00f8ringsspand, t\u00f8j p\u00e5 gulvet og en halv spist \u00e6ble.\" loading=\"lazy\" \/>\t\t\t\t\t\t\t\t\t\t\t\t\t\t\t<\/div>\n\t\t\t\t<\/div>\n\t\t\t\t<\/div>\n\t\t<div class=\"elementor-element elementor-element-22f79ccf e-con-full e-flex e-con e-child\" data-id=\"22f79ccf\" data-element_type=\"container\" data-e-type=\"container\" data-settings=\"{&quot;background_background&quot;:&quot;classic&quot;}\">\n\t\t<div class=\"elementor-element elementor-element-1f9dc193 e-con-full e-flex e-con e-child\" data-id=\"1f9dc193\" data-element_type=\"container\" data-e-type=\"container\">\n\t\t\t\t<div class=\"elementor-element elementor-element-39531b3e wd-width-100 elementor-widget elementor-widget-wd_title\" data-id=\"39531b3e\" data-element_type=\"widget\" data-e-type=\"widget\" data-widget_type=\"wd_title.default\">\n\t\t\t\t<div class=\"elementor-widget-container\">\n\t\t\t\t\t\t\t<div class=\"title-wrapper wd-set-mb reset-last-child wd-title-color-default wd-title-style-default wd-title-size-default text-left\">\n\n\t\t\t\n\t\t\t<div class=\"liner-continer\">\n\t\t\t\t<h4 class=\"woodmart-title-container title wd-fontsize-l\">Give your home a thorough summer cleaning without stress<\/h4> \n\t\t\t\t\t\t\t<\/div>\n\n\t\t\t\t\t<\/div>\n\t\t\t\t\t\t<\/div>\n\t\t\t\t<\/div>\n\t\t\t\t<div class=\"elementor-element elementor-element-776dc1bc elementor-widget elementor-widget-button\" data-id=\"776dc1bc\" data-element_type=\"widget\" data-e-type=\"widget\" data-widget_type=\"button.default\">\n\t\t\t\t<div class=\"elementor-widget-container\">\n\t\t\t\t\t\t\t\t\t<div class=\"elementor-button-wrapper\">\n\t\t\t\t\t<a class=\"elementor-button elementor-button-link elementor-size-sm\" href=\"https:\/\/pelican.dk\/en\/moving-accessories\/\">\n\t\t\t\t\t\t<span class=\"elementor-button-content-wrapper\">\n\t\t\t\t\t\t\t\t\t<span class=\"elementor-button-text\">Order moving accessories<\/span>\n\t\t\t\t\t<\/span>\n\t\t\t\t\t<\/a>\n\t\t\t\t<\/div>\n\t\t\t\t\t\t\t\t<\/div>\n\t\t\t\t<\/div>\n\t\t\t\t<\/div>\n\t\t\t\t<\/div>\n\t\t\t\t\t<\/div>\n\t\t\t\t<\/div>\n\t\t<div class=\"wd-negative-gap elementor-element elementor-element-d22b8ee e-flex e-con-boxed e-con e-parent\" data-id=\"d22b8ee\" data-element_type=\"container\" data-e-type=\"container\">\n\t\t\t\t\t<div class=\"e-con-inner\">\n\t\t\t\t<div class=\"elementor-element elementor-element-7bd3860 elementor-widget elementor-widget-wd_text_block\" data-id=\"7bd3860\" data-element_type=\"widget\" data-e-type=\"widget\" data-widget_type=\"wd_text_block.default\">\n\t\t\t\t<div class=\"elementor-widget-container\">\n\t\t\t\t\t\t\t<div class=\"wd-text-block reset-last-child text-left\">\n\t\t\t\n\t\t\t<p>Summer cleaning can lead to unrealistic expectations and unnecessary stress.<\/p>\n<p>Professional organizer Eva-Lena Wakonen says:<em>\"Many Danes have the idea that they need to plan in detail what they will do and achieve during their summer holiday as early as the beginning of spring<\/em>\".<\/p>\n<p>She adds that as a professional organizer, she is used to helping people adapt to a busy life, where there are lots of things to do and time is scarce.<br \/>\nIt's difficult for some people to find a balance between the two. <\/p>\n<p>Wakonen: \"<em>I've tried to tell people not to waste their entire summer vacation organizing and stressing.<\/em>\"<\/p>\n<p>It should be possible to adjust and decide in advance what needs to be done, but more importantly, decide how much time you want to spend on cleaning during your vacation.<br \/>\nAs a starting point, a solid summer cleanup shouldn't take more than one or two days. <\/p>\n<p>Wakonen:<em>\"You can quickly find yourself spending a lot of time buzzing around or maybe spending a whole lot of time at work, and vacation is all about relaxing so you're well rested when you return to work<\/em>.\"<\/p>\n<p>For people who collect, there's often a lot of stuff in the apartment that goes unnoticed because it doesn't bother anyone.<br \/>\nBut when these things need to be organized or thrown out, it takes time, causes bad nerves and drains your energy.<br \/>\nAccording to Wakonen, people are often surprised at how much time they actually spend cleaning out all this stuff.  <\/p>\n<p>Summer cleaning should be limited and controlled.<br \/>\nWhether it's your wardrobe, kitchen or summer cottage shed, it's important to estimate how long the task will take.<br \/>\nIs it necessary to do everything at once or can some of the task be postponed until next summer?  <\/p>\n<p>If you can afford it, it's a good idea to look into getting help.<br \/>\nThis could be a cleaning company or a professional organizer, for example. <\/p>\n<p>If during your cleanup you find things that you don't feel like throwing out but don't have room for, remember that you can rent a <a href=\"http:\/\/opbevaring-hos-pelican-self-storage\" data-wplink-url-error=\"true\">storage unit<\/a> at Pelican.<\/p>\n\n\t\t\t\t\t<\/div>\n\t\t\t\t\t\t<\/div>\n\t\t\t\t<\/div>\n\t\t\t\t\t<\/div>\n\t\t\t\t<\/div>\n\t\t\t\t<\/div>\n\t\t","protected":false},"excerpt":{"rendered":"<p>Give your home a thorough summer cleaning without stress Order moving accessories Summer cleaning can lead to unrealistic expectations and<\/p>\n","protected":false},"author":3,"featured_media":0,"parent":0,"menu_order":0,"comment_status":"closed","ping_status":"closed","template":"elementor_header_footer","meta":{"_acf_changed":false,"inline_featured_image":false,"_lmt_disableupdate":"","_lmt_disable":"","footnotes":""},"class_list":["post-3495","page","type-page","status-publish","hentry"],"acf":[],"yoast_head":"<title>Give your home a thorough summer cleaning without stress | Pelican Self Storage<\/title>\n<meta name=\"robots\" content=\"index, follow, max-snippet:-1, max-image-preview:large, max-video-preview:-1\" \/>\n<link rel=\"canonical\" href=\"https:\/\/pelican.dk\/en\/give-your-home-a-thorough-summer-cleaning-without-stress\/\" \/>\n<meta property=\"og:locale\" content=\"en_US\" \/>\n<meta property=\"og:type\" content=\"article\" \/>\n<meta property=\"og:title\" content=\"Give your home a thorough summer cleaning without stress\" \/>\n<meta property=\"og:description\" content=\"Give your home a thorough summer cleaning without stress Order moving accessories Summer cleaning can lead to unrealistic expectations and\" \/>\n<meta property=\"og:url\" content=\"https:\/\/pelican.dk\/en\/give-your-home-a-thorough-summer-cleaning-without-stress\/\" \/>\n<meta property=\"og:site_name\" content=\"Pelican Self Storage\" \/>\n<meta property=\"article:publisher\" content=\"https:\/\/www.facebook.com\/PelicanSelfStorageDenmark\" \/>\n<meta property=\"article:modified_time\" content=\"2024-10-28T08:40:48+00:00\" \/>\n<meta property=\"og:image\" content=\"https:\/\/pelican.dk\/wp-content\/uploads\/2024\/10\/iStock-928287818-scaled.jpg\" \/>\n<meta name=\"twitter:card\" content=\"summary_large_image\" \/>\n<meta name=\"twitter:label1\" content=\"Est. reading time\" \/>\n\t<meta name=\"twitter:data1\" content=\"2 minutes\" \/>\n<script type=\"application\/ld+json\" class=\"yoast-schema-graph\">{\"@context\":\"https:\/\/schema.org\",\"@graph\":[{\"@type\":\"WebPage\",\"@id\":\"https:\/\/pelican.dk\/en\/give-your-home-a-thorough-summer-cleaning-without-stress\/\",\"url\":\"https:\/\/pelican.dk\/en\/give-your-home-a-thorough-summer-cleaning-without-stress\/\",\"name\":\"Give your home a thorough summer cleaning without stress | Pelican Self Storage\",\"isPartOf\":{\"@id\":\"https:\/\/pelican.dk\/en\/#website\"},\"primaryImageOfPage\":{\"@id\":\"https:\/\/pelican.dk\/en\/give-your-home-a-thorough-summer-cleaning-without-stress\/#primaryimage\"},\"image\":{\"@id\":\"https:\/\/pelican.dk\/en\/give-your-home-a-thorough-summer-cleaning-without-stress\/#primaryimage\"},\"thumbnailUrl\":\"https:\/\/pelican.dk\/wp-content\/uploads\/2024\/10\/iStock-928287818-scaled.jpg\",\"datePublished\":\"2024-10-01T13:19:31+00:00\",\"dateModified\":\"2024-10-28T08:40:48+00:00\",\"breadcrumb\":{\"@id\":\"https:\/\/pelican.dk\/en\/give-your-home-a-thorough-summer-cleaning-without-stress\/#breadcrumb\"},\"inLanguage\":\"en-US\",\"potentialAction\":[{\"@type\":\"ReadAction\",\"target\":[\"https:\/\/pelican.dk\/en\/give-your-home-a-thorough-summer-cleaning-without-stress\/\"]}]},{\"@type\":\"ImageObject\",\"inLanguage\":\"en-US\",\"@id\":\"https:\/\/pelican.dk\/en\/give-your-home-a-thorough-summer-cleaning-without-stress\/#primaryimage\",\"url\":\"https:\/\/pelican.dk\/wp-content\/uploads\/2024\/10\/iStock-928287818-scaled.jpg\",\"contentUrl\":\"https:\/\/pelican.dk\/wp-content\/uploads\/2024\/10\/iStock-928287818-scaled.jpg\"},{\"@type\":\"BreadcrumbList\",\"@id\":\"https:\/\/pelican.dk\/en\/give-your-home-a-thorough-summer-cleaning-without-stress\/#breadcrumb\",\"itemListElement\":[{\"@type\":\"ListItem\",\"position\":1,\"name\":\"Home\",\"item\":\"https:\/\/pelican.dk\/en\/\"},{\"@type\":\"ListItem\",\"position\":2,\"name\":\"Give your home a thorough summer cleaning without stress\"}]},{\"@type\":\"WebSite\",\"@id\":\"https:\/\/pelican.dk\/en\/#website\",\"url\":\"https:\/\/pelican.dk\/en\/\",\"name\":\"Lej et sikkert opbevaringsrum\",\"description\":\"Lej et opbevaringsrum hos Pelican Self Storage. Billige priser \u2714 Centre i hele K\u00f8benhavn \u2714 Lagerrum i mange st\u00f8rrelser \u2714 L\u00e5n en gratis trailer \u2714\",\"potentialAction\":[{\"@type\":\"SearchAction\",\"target\":{\"@type\":\"EntryPoint\",\"urlTemplate\":\"https:\/\/pelican.dk\/en\/?s={search_term_string}\"},\"query-input\":{\"@type\":\"PropertyValueSpecification\",\"valueRequired\":true,\"valueName\":\"search_term_string\"}}],\"inLanguage\":\"en-US\"}]}<\/script>","yoast_head_json":{"title":"Give your home a thorough summer cleaning without stress | Pelican Self Storage","robots":{"index":"index","follow":"follow","max-snippet":"max-snippet:-1","max-image-preview":"max-image-preview:large","max-video-preview":"max-video-preview:-1"},"canonical":"https:\/\/pelican.dk\/en\/give-your-home-a-thorough-summer-cleaning-without-stress\/","og_locale":"en_US","og_type":"article","og_title":"Give your home a thorough summer cleaning without stress","og_description":"Give your home a thorough summer cleaning without stress Order moving accessories Summer cleaning can lead to unrealistic expectations and","og_url":"https:\/\/pelican.dk\/en\/give-your-home-a-thorough-summer-cleaning-without-stress\/","og_site_name":"Pelican Self Storage","article_publisher":"https:\/\/www.facebook.com\/PelicanSelfStorageDenmark","article_modified_time":"2024-10-28T08:40:48+00:00","og_image":[{"url":"https:\/\/pelican.dk\/wp-content\/uploads\/2024\/10\/iStock-928287818-scaled.jpg","type":"","width":"","height":""}],"twitter_card":"summary_large_image","twitter_misc":{"Est. reading time":"2 minutes"},"schema":{"@context":"https:\/\/schema.org","@graph":[{"@type":"WebPage","@id":"https:\/\/pelican.dk\/en\/give-your-home-a-thorough-summer-cleaning-without-stress\/","url":"https:\/\/pelican.dk\/en\/give-your-home-a-thorough-summer-cleaning-without-stress\/","name":"Give your home a thorough summer cleaning without stress | Pelican Self Storage","isPartOf":{"@id":"https:\/\/pelican.dk\/en\/#website"},"primaryImageOfPage":{"@id":"https:\/\/pelican.dk\/en\/give-your-home-a-thorough-summer-cleaning-without-stress\/#primaryimage"},"image":{"@id":"https:\/\/pelican.dk\/en\/give-your-home-a-thorough-summer-cleaning-without-stress\/#primaryimage"},"thumbnailUrl":"https:\/\/pelican.dk\/wp-content\/uploads\/2024\/10\/iStock-928287818-scaled.jpg","datePublished":"2024-10-01T13:19:31+00:00","dateModified":"2024-10-28T08:40:48+00:00","breadcrumb":{"@id":"https:\/\/pelican.dk\/en\/give-your-home-a-thorough-summer-cleaning-without-stress\/#breadcrumb"},"inLanguage":"en-US","potentialAction":[{"@type":"ReadAction","target":["https:\/\/pelican.dk\/en\/give-your-home-a-thorough-summer-cleaning-without-stress\/"]}]},{"@type":"ImageObject","inLanguage":"en-US","@id":"https:\/\/pelican.dk\/en\/give-your-home-a-thorough-summer-cleaning-without-stress\/#primaryimage","url":"https:\/\/pelican.dk\/wp-content\/uploads\/2024\/10\/iStock-928287818-scaled.jpg","contentUrl":"https:\/\/pelican.dk\/wp-content\/uploads\/2024\/10\/iStock-928287818-scaled.jpg"},{"@type":"BreadcrumbList","@id":"https:\/\/pelican.dk\/en\/give-your-home-a-thorough-summer-cleaning-without-stress\/#breadcrumb","itemListElement":[{"@type":"ListItem","position":1,"name":"Home","item":"https:\/\/pelican.dk\/en\/"},{"@type":"ListItem","position":2,"name":"Give your home a thorough summer cleaning without stress"}]},{"@type":"WebSite","@id":"https:\/\/pelican.dk\/en\/#website","url":"https:\/\/pelican.dk\/en\/","name":"Lej et sikkert opbevaringsrum","description":"Lej et opbevaringsrum hos Pelican Self Storage. Billige priser \u2714 Centre i hele K\u00f8benhavn \u2714 Lagerrum i mange st\u00f8rrelser \u2714 L\u00e5n en gratis trailer \u2714","potentialAction":[{"@type":"SearchAction","target":{"@type":"EntryPoint","urlTemplate":"https:\/\/pelican.dk\/en\/?s={search_term_string}"},"query-input":{"@type":"PropertyValueSpecification","valueRequired":true,"valueName":"search_term_string"}}],"inLanguage":"en-US"}]}},"_links":{"self":[{"href":"https:\/\/pelican.dk\/en\/wp-json\/wp\/v2\/pages\/3495","targetHints":{"allow":["GET"]}}],"collection":[{"href":"https:\/\/pelican.dk\/en\/wp-json\/wp\/v2\/pages"}],"about":[{"href":"https:\/\/pelican.dk\/en\/wp-json\/wp\/v2\/types\/page"}],"author":[{"embeddable":true,"href":"https:\/\/pelican.dk\/en\/wp-json\/wp\/v2\/users\/3"}],"replies":[{"embeddable":true,"href":"https:\/\/pelican.dk\/en\/wp-json\/wp\/v2\/comments?post=3495"}],"version-history":[{"count":2,"href":"https:\/\/pelican.dk\/en\/wp-json\/wp\/v2\/pages\/3495\/revisions"}],"predecessor-version":[{"id":6972,"href":"https:\/\/pelican.dk\/en\/wp-json\/wp\/v2\/pages\/3495\/revisions\/6972"}],"wp:attachment":[{"href":"https:\/\/pelican.dk\/en\/wp-json\/wp\/v2\/media?parent=3495"}],"curies":[{"name":"wp","href":"https:\/\/api.w.org\/{rel}","templated":true}]}}