{"id":3487,"date":"2024-10-01T08:42:25","date_gmt":"2024-10-01T08:42:25","guid":{"rendered":"https:\/\/pelican.dk\/move-and-save-the-environment-at-the-same-time-6-easy-tips\/"},"modified":"2024-10-02T13:33:55","modified_gmt":"2024-10-02T13:33:55","slug":"move-and-save-the-environment-at-the-same-time-6-easy-tips","status":"publish","type":"page","link":"https:\/\/pelican.dk\/en\/move-and-save-the-environment-at-the-same-time-6-easy-tips\/","title":{"rendered":"Move and save the environment at the same time &#8211; 6 easy tips"},"content":{"rendered":"\t\t<div data-elementor-type=\"wp-page\" data-elementor-id=\"3487\" class=\"elementor elementor-3487 elementor-3257\" data-elementor-post-type=\"page\">\n\t\t\t\t<div class=\"wd-negative-gap elementor-element elementor-element-20af1fa9 e-flex e-con-boxed e-con e-parent\" data-id=\"20af1fa9\" data-element_type=\"container\" data-e-type=\"container\">\n\t\t\t\t\t<div class=\"e-con-inner\">\n\t\t<div class=\"elementor-element elementor-element-3aaf92c0 e-con-full e-flex e-con e-child\" data-id=\"3aaf92c0\" data-element_type=\"container\" data-e-type=\"container\">\n\t\t\t\t<div class=\"elementor-element elementor-element-739be318 elementor-widget elementor-widget-image\" data-id=\"739be318\" data-element_type=\"widget\" data-e-type=\"widget\" data-widget_type=\"image.default\">\n\t\t\t\t<div class=\"elementor-widget-container\">\n\t\t\t\t\t\t\t\t\t\t\t\t\t\t\t<img decoding=\"async\" src=\"https:\/\/pelican.dk\/wp-content\/uploads\/2024\/10\/art-background-blur-255441.jpg\" title=\"art-background-blur-255441\" alt=\"Gr\u00f8n h\u00e6k med udsnit formet som et hjerte, der giver kig til sl\u00f8ret natur i baggrunden.\" loading=\"lazy\" \/>\t\t\t\t\t\t\t\t\t\t\t\t\t\t\t<\/div>\n\t\t\t\t<\/div>\n\t\t\t\t<\/div>\n\t\t<div class=\"elementor-element elementor-element-22f79ccf e-con-full e-flex e-con e-child\" data-id=\"22f79ccf\" data-element_type=\"container\" data-e-type=\"container\" data-settings=\"{&quot;background_background&quot;:&quot;classic&quot;}\">\n\t\t<div class=\"elementor-element elementor-element-1f9dc193 e-con-full e-flex e-con e-child\" data-id=\"1f9dc193\" data-element_type=\"container\" data-e-type=\"container\">\n\t\t\t\t<div class=\"elementor-element elementor-element-39531b3e wd-width-100 elementor-widget elementor-widget-wd_title\" data-id=\"39531b3e\" data-element_type=\"widget\" data-e-type=\"widget\" data-widget_type=\"wd_title.default\">\n\t\t\t\t<div class=\"elementor-widget-container\">\n\t\t\t\t\t\t\t<div class=\"title-wrapper wd-set-mb reset-last-child wd-title-color-default wd-title-style-default wd-title-size-default text-left\">\n\n\t\t\t\n\t\t\t<div class=\"liner-continer\">\n\t\t\t\t<h4 class=\"woodmart-title-container title wd-fontsize-l\">Move and save the environment at the same time - 6 easy tips<\/h4> \n\t\t\t\t\t\t\t<\/div>\n\n\t\t\t\t\t<\/div>\n\t\t\t\t\t\t<\/div>\n\t\t\t\t<\/div>\n\t\t\t\t<div class=\"elementor-element elementor-element-776dc1bc elementor-mobile-align-center elementor-widget elementor-widget-button\" data-id=\"776dc1bc\" data-element_type=\"widget\" data-e-type=\"widget\" data-widget_type=\"button.default\">\n\t\t\t\t<div class=\"elementor-widget-container\">\n\t\t\t\t\t\t\t\t\t<div class=\"elementor-button-wrapper\">\n\t\t\t\t\t<a class=\"elementor-button elementor-button-link elementor-size-sm\" href=\"#\">\n\t\t\t\t\t\t<span class=\"elementor-button-content-wrapper\">\n\t\t\t\t\t\t\t\t\t<span class=\"elementor-button-text\">Find self storage<\/span>\n\t\t\t\t\t<\/span>\n\t\t\t\t\t<\/a>\n\t\t\t\t<\/div>\n\t\t\t\t\t\t\t\t<\/div>\n\t\t\t\t<\/div>\n\t\t\t\t<\/div>\n\t\t\t\t<\/div>\n\t\t\t\t\t<\/div>\n\t\t\t\t<\/div>\n\t\t<div class=\"wd-negative-gap elementor-element elementor-element-d22b8ee e-flex e-con-boxed e-con e-parent\" data-id=\"d22b8ee\" data-element_type=\"container\" data-e-type=\"container\">\n\t\t\t\t\t<div class=\"e-con-inner\">\n\t\t\t\t<div class=\"elementor-element elementor-element-7bd3860 elementor-widget elementor-widget-wd_text_block\" data-id=\"7bd3860\" data-element_type=\"widget\" data-e-type=\"widget\" data-widget_type=\"wd_text_block.default\">\n\t\t\t\t<div class=\"elementor-widget-container\">\n\t\t\t\t\t\t\t<div class=\"wd-text-block reset-last-child text-left\">\n\t\t\t\n\t\t\t<p><b>1. Prepare your move well in advance<\/b><br \/>Start planning and preparing for your move well in advance. This way you'll spare both your nerves and the environment. If you don't start planning ahead of time, you could end up throwing away items that could have been sold, donated or recycled. An upcoming move is also a good opportunity to review which items you actually need in your new home and which can be given away or packed away for future use.   <\/p>\n<p><b>2. Go through your stuff room by room<\/b><br \/>The belongings that are still useful but useless to you can be donated or recycled.<br \/>\nIt's surprisingly easy to get rid of through donation groups on Facebook, for example.<br \/>\nFurniture that needs refurbishing can also be given away or swapped on the same Facebook pages, as it is likely that someone is interested in quality furniture that they can refurbish themselves.<br \/>\nBroken furniture must be taken to the recycling center, and it is strictly forbidden to leave furniture at the local waste sorting sites.<br \/>\nSmaller items can be taken to the local recycling center, but remember that glass, metal and cardboard must be sorted separately.<br \/>\nItems that are usable and in good condition but useless to you can be sold online, for example.<br \/>\nIf you want to get rid of it quickly, think about this when pricing your items.      <\/p>\n<p><b>3. Minimize your plastic consumption and use the materials you already have<\/b><br \/>Clothes and other textiles you no longer use should not be thrown away.<br \/>\nSave them and use them to wrap your belongings during the move.<br \/>\nTowels and tea towels can be used to wrap crockery before it goes into the moving boxes and glasses can be wrapped in socks.<br \/>\nCutlery and spoons can be wrapped in towels, and you can use duvet covers and sheets for your furniture.<br \/>Newspapers can be used to wrap delicate items.<br \/>\nTherefore, don't throw out old newspapers, but keep them - you will most likely need them.<br \/>\nIf you don't receive newspapers in the mail, check your local recycling center.<br \/>You can wrap your plates in paper towels without tearing the paper, that way you can roll the paper back and use the paper towels after unpacking in your new home.<br \/>\nYou can also use your suitcases and other bags in addition to moving boxes.<br \/>Remember that you can buy <a href=\"https:\/\/pelican.dk\/privat-opbevaring\/skal-du-flytte\/flyttematerialer\">moving boxes<\/a> at Pelican.      <\/p>\n<p><b>4. Think before you throw away<\/b><br \/>When you throw something away only to buy a similar item shortly afterwards, you are not being very environmentally conscious.<br \/>\nYou may not need the item right now, but this may change.<br \/>\nInstead of throwing things away, it's a good idea to store useful items for future use.<br \/>\nThe most important items are often easy to find space for if you think smart when packing.   <\/p>\n<p><b>5. Remember waste sorting when you buy new<\/b><br \/>When you buy white goods, they often come in a lot of packaging, which is then just trash.<br \/>\nRemember to sort plastic, styrofoam and cardboard.<br \/>\nPlastic and styrofoam should go in 'mixed waste', while cardboard should be sorted separately in the cardboard container.  <\/p>\n<p><b>6. Donate your boxes after the move!<\/b><br \/>Once the move is over, you can offer the used moving boxes to your friends and acquaintances instead of just throwing them away.<br \/>\nYou can also donate them in dedicated Facebook groups. <\/p>\n\n\t\t\t\t\t<\/div>\n\t\t\t\t\t\t<\/div>\n\t\t\t\t<\/div>\n\t\t\t\t\t<\/div>\n\t\t\t\t<\/div>\n\t\t\t\t<\/div>\n\t\t","protected":false},"excerpt":{"rendered":"<p>Move and save the environment at the same time &#8211; 6 easy tips Find self storage 1. Prepare your move<\/p>\n","protected":false},"author":3,"featured_media":0,"parent":0,"menu_order":0,"comment_status":"closed","ping_status":"closed","template":"elementor_header_footer","meta":{"_acf_changed":false,"inline_featured_image":false,"_lmt_disableupdate":"","_lmt_disable":"","footnotes":""},"class_list":["post-3487","page","type-page","status-publish","hentry"],"acf":[],"yoast_head":"<title>Move and save the environment at the same time - 6 easy tips | Pelican Self Storage<\/title>\n<meta name=\"robots\" content=\"index, follow, max-snippet:-1, max-image-preview:large, max-video-preview:-1\" \/>\n<link rel=\"canonical\" href=\"https:\/\/pelican.dk\/en\/move-and-save-the-environment-at-the-same-time-6-easy-tips\/\" \/>\n<meta property=\"og:locale\" content=\"en_US\" \/>\n<meta property=\"og:type\" content=\"article\" \/>\n<meta property=\"og:title\" content=\"Move and save the environment at the same time - 6 easy tips\" \/>\n<meta property=\"og:description\" content=\"Move and save the environment at the same time &#8211; 6 easy tips Find self storage 1. Prepare your move\" \/>\n<meta property=\"og:url\" content=\"https:\/\/pelican.dk\/en\/move-and-save-the-environment-at-the-same-time-6-easy-tips\/\" \/>\n<meta property=\"og:site_name\" content=\"Pelican Self Storage\" \/>\n<meta property=\"article:publisher\" content=\"https:\/\/www.facebook.com\/PelicanSelfStorageDenmark\" \/>\n<meta property=\"article:modified_time\" content=\"2024-10-02T13:33:55+00:00\" \/>\n<meta property=\"og:image\" content=\"http:\/\/pelican.dk\/wp-content\/uploads\/2024\/10\/art-background-blur-255441.jpg\" \/>\n<meta name=\"twitter:card\" content=\"summary_large_image\" \/>\n<meta name=\"twitter:label1\" content=\"Est. reading time\" \/>\n\t<meta name=\"twitter:data1\" content=\"3 minutes\" \/>\n<script type=\"application\/ld+json\" class=\"yoast-schema-graph\">{\"@context\":\"https:\/\/schema.org\",\"@graph\":[{\"@type\":\"WebPage\",\"@id\":\"https:\/\/pelican.dk\/en\/move-and-save-the-environment-at-the-same-time-6-easy-tips\/\",\"url\":\"https:\/\/pelican.dk\/en\/move-and-save-the-environment-at-the-same-time-6-easy-tips\/\",\"name\":\"Move and save the environment at the same time - 6 easy tips | Pelican Self Storage\",\"isPartOf\":{\"@id\":\"https:\/\/pelican.dk\/en\/#website\"},\"primaryImageOfPage\":{\"@id\":\"https:\/\/pelican.dk\/en\/move-and-save-the-environment-at-the-same-time-6-easy-tips\/#primaryimage\"},\"image\":{\"@id\":\"https:\/\/pelican.dk\/en\/move-and-save-the-environment-at-the-same-time-6-easy-tips\/#primaryimage\"},\"thumbnailUrl\":\"http:\/\/pelican.dk\/wp-content\/uploads\/2024\/10\/art-background-blur-255441.jpg\",\"datePublished\":\"2024-10-01T08:42:25+00:00\",\"dateModified\":\"2024-10-02T13:33:55+00:00\",\"breadcrumb\":{\"@id\":\"https:\/\/pelican.dk\/en\/move-and-save-the-environment-at-the-same-time-6-easy-tips\/#breadcrumb\"},\"inLanguage\":\"en-US\",\"potentialAction\":[{\"@type\":\"ReadAction\",\"target\":[\"https:\/\/pelican.dk\/en\/move-and-save-the-environment-at-the-same-time-6-easy-tips\/\"]}]},{\"@type\":\"ImageObject\",\"inLanguage\":\"en-US\",\"@id\":\"https:\/\/pelican.dk\/en\/move-and-save-the-environment-at-the-same-time-6-easy-tips\/#primaryimage\",\"url\":\"http:\/\/pelican.dk\/wp-content\/uploads\/2024\/10\/art-background-blur-255441.jpg\",\"contentUrl\":\"http:\/\/pelican.dk\/wp-content\/uploads\/2024\/10\/art-background-blur-255441.jpg\"},{\"@type\":\"BreadcrumbList\",\"@id\":\"https:\/\/pelican.dk\/en\/move-and-save-the-environment-at-the-same-time-6-easy-tips\/#breadcrumb\",\"itemListElement\":[{\"@type\":\"ListItem\",\"position\":1,\"name\":\"Home\",\"item\":\"https:\/\/pelican.dk\/en\/\"},{\"@type\":\"ListItem\",\"position\":2,\"name\":\"Move and save the environment at the same time &#8211; 6 easy tips\"}]},{\"@type\":\"WebSite\",\"@id\":\"https:\/\/pelican.dk\/en\/#website\",\"url\":\"https:\/\/pelican.dk\/en\/\",\"name\":\"Lej et sikkert opbevaringsrum\",\"description\":\"Lej et opbevaringsrum hos Pelican Self Storage. Billige priser \u2714 Centre i hele K\u00f8benhavn \u2714 Lagerrum i mange st\u00f8rrelser \u2714 L\u00e5n en gratis trailer \u2714\",\"potentialAction\":[{\"@type\":\"SearchAction\",\"target\":{\"@type\":\"EntryPoint\",\"urlTemplate\":\"https:\/\/pelican.dk\/en\/?s={search_term_string}\"},\"query-input\":{\"@type\":\"PropertyValueSpecification\",\"valueRequired\":true,\"valueName\":\"search_term_string\"}}],\"inLanguage\":\"en-US\"}]}<\/script>","yoast_head_json":{"title":"Move and save the environment at the same time - 6 easy tips | Pelican Self Storage","robots":{"index":"index","follow":"follow","max-snippet":"max-snippet:-1","max-image-preview":"max-image-preview:large","max-video-preview":"max-video-preview:-1"},"canonical":"https:\/\/pelican.dk\/en\/move-and-save-the-environment-at-the-same-time-6-easy-tips\/","og_locale":"en_US","og_type":"article","og_title":"Move and save the environment at the same time - 6 easy tips","og_description":"Move and save the environment at the same time &#8211; 6 easy tips Find self storage 1. Prepare your move","og_url":"https:\/\/pelican.dk\/en\/move-and-save-the-environment-at-the-same-time-6-easy-tips\/","og_site_name":"Pelican Self Storage","article_publisher":"https:\/\/www.facebook.com\/PelicanSelfStorageDenmark","article_modified_time":"2024-10-02T13:33:55+00:00","og_image":[{"url":"http:\/\/pelican.dk\/wp-content\/uploads\/2024\/10\/art-background-blur-255441.jpg","type":"","width":"","height":""}],"twitter_card":"summary_large_image","twitter_misc":{"Est. reading time":"3 minutes"},"schema":{"@context":"https:\/\/schema.org","@graph":[{"@type":"WebPage","@id":"https:\/\/pelican.dk\/en\/move-and-save-the-environment-at-the-same-time-6-easy-tips\/","url":"https:\/\/pelican.dk\/en\/move-and-save-the-environment-at-the-same-time-6-easy-tips\/","name":"Move and save the environment at the same time - 6 easy tips | Pelican Self Storage","isPartOf":{"@id":"https:\/\/pelican.dk\/en\/#website"},"primaryImageOfPage":{"@id":"https:\/\/pelican.dk\/en\/move-and-save-the-environment-at-the-same-time-6-easy-tips\/#primaryimage"},"image":{"@id":"https:\/\/pelican.dk\/en\/move-and-save-the-environment-at-the-same-time-6-easy-tips\/#primaryimage"},"thumbnailUrl":"http:\/\/pelican.dk\/wp-content\/uploads\/2024\/10\/art-background-blur-255441.jpg","datePublished":"2024-10-01T08:42:25+00:00","dateModified":"2024-10-02T13:33:55+00:00","breadcrumb":{"@id":"https:\/\/pelican.dk\/en\/move-and-save-the-environment-at-the-same-time-6-easy-tips\/#breadcrumb"},"inLanguage":"en-US","potentialAction":[{"@type":"ReadAction","target":["https:\/\/pelican.dk\/en\/move-and-save-the-environment-at-the-same-time-6-easy-tips\/"]}]},{"@type":"ImageObject","inLanguage":"en-US","@id":"https:\/\/pelican.dk\/en\/move-and-save-the-environment-at-the-same-time-6-easy-tips\/#primaryimage","url":"http:\/\/pelican.dk\/wp-content\/uploads\/2024\/10\/art-background-blur-255441.jpg","contentUrl":"http:\/\/pelican.dk\/wp-content\/uploads\/2024\/10\/art-background-blur-255441.jpg"},{"@type":"BreadcrumbList","@id":"https:\/\/pelican.dk\/en\/move-and-save-the-environment-at-the-same-time-6-easy-tips\/#breadcrumb","itemListElement":[{"@type":"ListItem","position":1,"name":"Home","item":"https:\/\/pelican.dk\/en\/"},{"@type":"ListItem","position":2,"name":"Move and save the environment at the same time &#8211; 6 easy tips"}]},{"@type":"WebSite","@id":"https:\/\/pelican.dk\/en\/#website","url":"https:\/\/pelican.dk\/en\/","name":"Lej et sikkert opbevaringsrum","description":"Lej et opbevaringsrum hos Pelican Self Storage. Billige priser \u2714 Centre i hele K\u00f8benhavn \u2714 Lagerrum i mange st\u00f8rrelser \u2714 L\u00e5n en gratis trailer \u2714","potentialAction":[{"@type":"SearchAction","target":{"@type":"EntryPoint","urlTemplate":"https:\/\/pelican.dk\/en\/?s={search_term_string}"},"query-input":{"@type":"PropertyValueSpecification","valueRequired":true,"valueName":"search_term_string"}}],"inLanguage":"en-US"}]}},"_links":{"self":[{"href":"https:\/\/pelican.dk\/en\/wp-json\/wp\/v2\/pages\/3487","targetHints":{"allow":["GET"]}}],"collection":[{"href":"https:\/\/pelican.dk\/en\/wp-json\/wp\/v2\/pages"}],"about":[{"href":"https:\/\/pelican.dk\/en\/wp-json\/wp\/v2\/types\/page"}],"author":[{"embeddable":true,"href":"https:\/\/pelican.dk\/en\/wp-json\/wp\/v2\/users\/3"}],"replies":[{"embeddable":true,"href":"https:\/\/pelican.dk\/en\/wp-json\/wp\/v2\/comments?post=3487"}],"version-history":[{"count":9,"href":"https:\/\/pelican.dk\/en\/wp-json\/wp\/v2\/pages\/3487\/revisions"}],"predecessor-version":[{"id":3731,"href":"https:\/\/pelican.dk\/en\/wp-json\/wp\/v2\/pages\/3487\/revisions\/3731"}],"wp:attachment":[{"href":"https:\/\/pelican.dk\/en\/wp-json\/wp\/v2\/media?parent=3487"}],"curies":[{"name":"wp","href":"https:\/\/api.w.org\/{rel}","templated":true}]}}